{"id":348,"date":"2023-06-22T19:59:02","date_gmt":"2023-06-22T19:59:02","guid":{"rendered":"https:\/\/hospitality-projects.com\/es\/?page_id=348"},"modified":"2024-01-22T11:31:01","modified_gmt":"2024-01-22T11:31:01","slug":"nine-elms-park","status":"publish","type":"page","link":"https:\/\/hospitality-projects.com\/es\/proyectos\/nine-elms-park\/","title":{"rendered":"Nine Elms Park"},"content":{"rendered":"\t\t<div data-elementor-type=\"wp-page\" data-elementor-id=\"348\" class=\"elementor elementor-348\" data-elementor-post-type=\"page\">\n\t\t\t\t<div class=\"elementor-element elementor-element-b717d50 e-flex e-con-boxed e-con e-parent\" data-id=\"b717d50\" data-element_type=\"container\" data-e-type=\"container\" data-settings=\"{&quot;background_background&quot;:&quot;classic&quot;}\">\n\t\t\t\t\t<div class=\"e-con-inner\">\n\t\t\t\t\t<\/div>\n\t\t\t\t<\/div>\n\t\t<div class=\"elementor-element elementor-element-addf623 e-flex e-con-boxed e-con e-parent\" data-id=\"addf623\" data-element_type=\"container\" data-e-type=\"container\">\n\t\t\t\t\t<div class=\"e-con-inner\">\n\t\t<div class=\"elementor-element elementor-element-918e4d4 e-con-full e-flex e-con e-child\" data-id=\"918e4d4\" data-element_type=\"container\" data-e-type=\"container\">\n\t\t\t\t<div class=\"elementor-element elementor-element-00f53e7 elementor-widget__width-inherit elementor-widget elementor-widget-heading\" data-id=\"00f53e7\" data-element_type=\"widget\" data-e-type=\"widget\" data-widget_type=\"heading.default\">\n\t\t\t\t<div class=\"elementor-widget-container\">\n\t\t\t\t\t<h1 class=\"elementor-heading-title elementor-size-default\">nine elms park<\/h1>\t\t\t\t<\/div>\n\t\t\t\t<\/div>\n\t\t\t\t<div class=\"elementor-element elementor-element-158c330 elementor-widget elementor-widget-text-editor\" data-id=\"158c330\" data-element_type=\"widget\" data-e-type=\"widget\" data-widget_type=\"text-editor.default\">\n\t\t\t\t<div class=\"elementor-widget-container\">\n\t\t\t\t\t\t\t\t\t<p>Nine Elms Park es una nueva y apasionante oportunidad de desarrollo situada en Londres. La pieza central es el propio parque, que se extiende a lo largo del desarrollo de este a oeste y ofrece una escapada tranquila y pintoresca del ajetreo y el bullicio de la ciudad, sin embargo, es s\u00f3lo 1,5 millas de las Casas del Parlamento y una corta distancia de las apreciados barrios de Kensington, Chelsea, Knightsbridge y Mayfair.<\/p>\t\t\t\t\t\t\t\t<\/div>\n\t\t\t\t<\/div>\n\t\t\t\t<div class=\"elementor-element elementor-element-2980747 elementor-widget elementor-widget-image\" data-id=\"2980747\" data-element_type=\"widget\" data-e-type=\"widget\" data-widget_type=\"image.default\">\n\t\t\t\t<div class=\"elementor-widget-container\">\n\t\t\t\t\t\t\t\t\t\t\t\t\t\t\t<img loading=\"lazy\" decoding=\"async\" loading=\"lazy\" width=\"800\" height=\"800\" src=\"https:\/\/hospitality-projects.com\/es\/wp-content\/uploads\/sites\/3\/2023\/06\/hospitality-projects-NEP-Lower-square-photo.jpg\" class=\"attachment-large size-large wp-image-394\" alt=\"hospitality projects NEP Lower square photo\" srcset=\"https:\/\/hospitality-projects.com\/es\/wp-content\/uploads\/sites\/3\/2023\/06\/hospitality-projects-NEP-Lower-square-photo.jpg 800w, https:\/\/hospitality-projects.com\/es\/wp-content\/uploads\/sites\/3\/2023\/06\/hospitality-projects-NEP-Lower-square-photo-300x300.jpg 300w, https:\/\/hospitality-projects.com\/es\/wp-content\/uploads\/sites\/3\/2023\/06\/hospitality-projects-NEP-Lower-square-photo-150x150.jpg 150w, https:\/\/hospitality-projects.com\/es\/wp-content\/uploads\/sites\/3\/2023\/06\/hospitality-projects-NEP-Lower-square-photo-768x768.jpg 768w\" sizes=\"auto, (max-width: 800px) 100vw, 800px\" loading=\"eager\" \/>\t\t\t\t\t\t\t\t\t\t\t\t\t\t\t<\/div>\n\t\t\t\t<\/div>\n\t\t\t\t<\/div>\n\t\t<div class=\"elementor-element elementor-element-d26033d e-con-full e-flex e-con e-child\" data-id=\"d26033d\" data-element_type=\"container\" data-e-type=\"container\">\n\t\t\t\t<div class=\"elementor-element elementor-element-4b05bd6 elementor-widget elementor-widget-image\" data-id=\"4b05bd6\" data-element_type=\"widget\" data-e-type=\"widget\" data-widget_type=\"image.default\">\n\t\t\t\t<div class=\"elementor-widget-container\">\n\t\t\t\t\t\t\t\t\t\t\t\t\t\t\t<img loading=\"lazy\" decoding=\"async\" loading=\"lazy\" width=\"800\" height=\"800\" src=\"https:\/\/hospitality-projects.com\/es\/wp-content\/uploads\/sites\/3\/2023\/06\/hospitality-projects-NEP-Top-square-photo.jpg\" class=\"attachment-large size-large wp-image-395\" alt=\"hospitality projects NEP Top square photo\" srcset=\"https:\/\/hospitality-projects.com\/es\/wp-content\/uploads\/sites\/3\/2023\/06\/hospitality-projects-NEP-Top-square-photo.jpg 800w, https:\/\/hospitality-projects.com\/es\/wp-content\/uploads\/sites\/3\/2023\/06\/hospitality-projects-NEP-Top-square-photo-300x300.jpg 300w, https:\/\/hospitality-projects.com\/es\/wp-content\/uploads\/sites\/3\/2023\/06\/hospitality-projects-NEP-Top-square-photo-150x150.jpg 150w, https:\/\/hospitality-projects.com\/es\/wp-content\/uploads\/sites\/3\/2023\/06\/hospitality-projects-NEP-Top-square-photo-768x768.jpg 768w\" sizes=\"auto, (max-width: 800px) 100vw, 800px\" loading=\"eager\" \/>\t\t\t\t\t\t\t\t\t\t\t\t\t\t\t<\/div>\n\t\t\t\t<\/div>\n\t\t\t\t<div class=\"elementor-element elementor-element-37e19f5 elementor-widget elementor-widget-text-editor\" data-id=\"37e19f5\" data-element_type=\"widget\" data-e-type=\"widget\" data-widget_type=\"text-editor.default\">\n\t\t\t\t<div class=\"elementor-widget-container\">\n\t\t\t\t\t\t\t\t\t<p>El mobiliario se <a href=\"https:\/\/hospitality-projects.com\/es\/diseno\/\">dise\u00f1\u00f3<\/a> en colaboraci\u00f3n con HBA London y se instal\u00f3 en 2023. Se ha creado para llenar las zonas comunes, el bar y las salas de reuniones entre los apartamentos del bloque D.<\/p><p>En total, dise\u00f1amos m\u00e1s de 25 <a href=\"https:\/\/hospitality-projects.com\/es\/bespoke-furniture\/\">art\u00edculos a medida<\/a> y creamos m\u00e1s de 60 muebles, entre mesas de conferencia, sof\u00e1s, sillas, mostradores de bar y credenzas.<\/p>\t\t\t\t\t\t\t\t<\/div>\n\t\t\t\t<\/div>\n\t\t\t\t<\/div>\n\t\t\t\t\t<\/div>\n\t\t\t\t<\/div>\n\t\t<div class=\"elementor-element elementor-element-bc42d3d e-flex e-con-boxed e-con e-parent\" data-id=\"bc42d3d\" data-element_type=\"container\" data-e-type=\"container\">\n\t\t\t\t\t<div class=\"e-con-inner\">\n\t\t<div class=\"elementor-element elementor-element-c902f7f e-con-full e-flex e-con e-child\" data-id=\"c902f7f\" data-element_type=\"container\" data-e-type=\"container\">\n\t\t\t\t<div class=\"elementor-element elementor-element-0055408 elementor-widget elementor-widget-image\" data-id=\"0055408\" data-element_type=\"widget\" data-e-type=\"widget\" data-widget_type=\"image.default\">\n\t\t\t\t<div class=\"elementor-widget-container\">\n\t\t\t\t\t\t\t\t\t\t\t\t\t\t\t<img loading=\"lazy\" decoding=\"async\" loading=\"lazy\" width=\"800\" height=\"534\" src=\"https:\/\/hospitality-projects.com\/es\/wp-content\/uploads\/sites\/3\/2023\/06\/hospitality-projects-NEP-Large-photo-1.jpg\" class=\"attachment-large size-large wp-image-393\" alt=\"hospitality projects NEP Large photo 1\" srcset=\"https:\/\/hospitality-projects.com\/es\/wp-content\/uploads\/sites\/3\/2023\/06\/hospitality-projects-NEP-Large-photo-1.jpg 1000w, https:\/\/hospitality-projects.com\/es\/wp-content\/uploads\/sites\/3\/2023\/06\/hospitality-projects-NEP-Large-photo-1-300x200.jpg 300w, https:\/\/hospitality-projects.com\/es\/wp-content\/uploads\/sites\/3\/2023\/06\/hospitality-projects-NEP-Large-photo-1-768x512.jpg 768w\" sizes=\"auto, (max-width: 800px) 100vw, 800px\" loading=\"eager\" \/>\t\t\t\t\t\t\t\t\t\t\t\t\t\t\t<\/div>\n\t\t\t\t<\/div>\n\t\t\t\t<\/div>\n\t\t\t\t\t<\/div>\n\t\t\t\t<\/div>\n\t\t<div class=\"elementor-element elementor-element-b0e1dbf e-flex e-con-boxed e-con e-parent\" data-id=\"b0e1dbf\" data-element_type=\"container\" data-e-type=\"container\">\n\t\t\t\t\t<div class=\"e-con-inner\">\n\t\t<div class=\"elementor-element elementor-element-e842c0d e-con-full e-flex e-con e-child\" data-id=\"e842c0d\" data-element_type=\"container\" data-e-type=\"container\">\n\t\t\t\t<div class=\"elementor-element elementor-element-1cdd248 elementor-widget elementor-widget-text-editor\" data-id=\"1cdd248\" data-element_type=\"widget\" data-e-type=\"widget\" data-widget_type=\"text-editor.default\">\n\t\t\t\t<div class=\"elementor-widget-container\">\n\t\t\t\t\t\t\t\t\t<p>En consonancia con el estimulante tema del proyecto, utilizamos materiales de alta gama y sofisticados, incluidos materiales de alba\u00f1iler\u00eda como m\u00e1rmol blanco y losas de terrazo para las tiendas.<\/p><p>Los materiales p\u00e9treos se combinan con metales chic, acero cepillado y bronce antiguo. El nogal aceitado ornamentado, el fresno \u00e9bano y los suaves tejidos de la l\u00ednea Kvadrat, Sahco 001, refuerzan la est\u00e9tica y crean un estilo de dise\u00f1o redondeado y reconfortante.<\/p>\t\t\t\t\t\t\t\t<\/div>\n\t\t\t\t<\/div>\n\t\t\t\t<div class=\"elementor-element elementor-element-54ac434 elementor-widget elementor-widget-image\" data-id=\"54ac434\" data-element_type=\"widget\" data-e-type=\"widget\" data-widget_type=\"image.default\">\n\t\t\t\t<div class=\"elementor-widget-container\">\n\t\t\t\t\t\t\t\t\t\t\t\t\t\t\t<img loading=\"lazy\" decoding=\"async\" loading=\"lazy\" width=\"600\" height=\"800\" src=\"https:\/\/hospitality-projects.com\/es\/wp-content\/uploads\/sites\/3\/2023\/06\/hospitality-projects-NEP-Portrait-photo-2.jpg\" class=\"attachment-large size-large wp-image-391\" alt=\"hospitality projects NEP Portrait photo 2\" srcset=\"https:\/\/hospitality-projects.com\/es\/wp-content\/uploads\/sites\/3\/2023\/06\/hospitality-projects-NEP-Portrait-photo-2.jpg 600w, https:\/\/hospitality-projects.com\/es\/wp-content\/uploads\/sites\/3\/2023\/06\/hospitality-projects-NEP-Portrait-photo-2-225x300.jpg 225w\" sizes=\"auto, (max-width: 600px) 100vw, 600px\" loading=\"eager\" \/>\t\t\t\t\t\t\t\t\t\t\t\t\t\t\t<\/div>\n\t\t\t\t<\/div>\n\t\t\t\t<\/div>\n\t\t<div class=\"elementor-element elementor-element-65293c5 e-con-full e-flex e-con e-child\" data-id=\"65293c5\" data-element_type=\"container\" data-e-type=\"container\">\n\t\t\t\t<div class=\"elementor-element elementor-element-445752e elementor-widget elementor-widget-image\" data-id=\"445752e\" data-element_type=\"widget\" data-e-type=\"widget\" data-widget_type=\"image.default\">\n\t\t\t\t<div class=\"elementor-widget-container\">\n\t\t\t\t\t\t\t\t\t\t\t\t\t\t\t<img loading=\"lazy\" decoding=\"async\" loading=\"lazy\" width=\"600\" height=\"899\" src=\"https:\/\/hospitality-projects.com\/es\/wp-content\/uploads\/sites\/3\/2023\/06\/hospitality-projects-NEP-Portrait-photo.jpg\" class=\"attachment-large size-large wp-image-392\" alt=\"hospitality projects NEP Portrait photo\" srcset=\"https:\/\/hospitality-projects.com\/es\/wp-content\/uploads\/sites\/3\/2023\/06\/hospitality-projects-NEP-Portrait-photo.jpg 600w, https:\/\/hospitality-projects.com\/es\/wp-content\/uploads\/sites\/3\/2023\/06\/hospitality-projects-NEP-Portrait-photo-200x300.jpg 200w\" sizes=\"auto, (max-width: 600px) 100vw, 600px\" loading=\"eager\" \/>\t\t\t\t\t\t\t\t\t\t\t\t\t\t\t<\/div>\n\t\t\t\t<\/div>\n\t\t\t\t<\/div>\n\t\t\t\t\t<\/div>\n\t\t\t\t<\/div>\n\t\t<div class=\"elementor-element elementor-element-4634fbb e-flex e-con-boxed e-con e-parent\" data-id=\"4634fbb\" data-element_type=\"container\" data-e-type=\"container\">\n\t\t\t\t\t<div class=\"e-con-inner\">\n\t\t<div class=\"elementor-element elementor-element-1b33161 e-con-full e-flex e-con e-child\" data-id=\"1b33161\" data-element_type=\"container\" data-e-type=\"container\">\n\t\t\t\t<div class=\"elementor-element elementor-element-731e233 elementor-widget elementor-widget-image\" data-id=\"731e233\" data-element_type=\"widget\" data-e-type=\"widget\" data-widget_type=\"image.default\">\n\t\t\t\t<div class=\"elementor-widget-container\">\n\t\t\t\t\t\t\t\t\t\t\t\t\t\t\t<img loading=\"lazy\" decoding=\"async\" loading=\"lazy\" width=\"800\" height=\"534\" src=\"https:\/\/hospitality-projects.com\/es\/wp-content\/uploads\/sites\/3\/2023\/06\/hospitality-projects-NEP-Large-photo-2.jpg\" class=\"attachment-large size-large wp-image-390\" alt=\"hospitality projects NEP Large photo 2\" srcset=\"https:\/\/hospitality-projects.com\/es\/wp-content\/uploads\/sites\/3\/2023\/06\/hospitality-projects-NEP-Large-photo-2.jpg 1000w, https:\/\/hospitality-projects.com\/es\/wp-content\/uploads\/sites\/3\/2023\/06\/hospitality-projects-NEP-Large-photo-2-300x200.jpg 300w, https:\/\/hospitality-projects.com\/es\/wp-content\/uploads\/sites\/3\/2023\/06\/hospitality-projects-NEP-Large-photo-2-768x512.jpg 768w\" sizes=\"auto, (max-width: 800px) 100vw, 800px\" loading=\"eager\" \/>\t\t\t\t\t\t\t\t\t\t\t\t\t\t\t<\/div>\n\t\t\t\t<\/div>\n\t\t\t\t<div class=\"elementor-element elementor-element-49fa610 elementor-widget__width-initial elementor-widget elementor-widget-text-editor\" data-id=\"49fa610\" data-element_type=\"widget\" data-e-type=\"widget\" data-widget_type=\"text-editor.default\">\n\t\t\t\t<div class=\"elementor-widget-container\">\n\t\t\t\t\t\t\t\t\t<p>El magn\u00edfico mobiliario moderno contempor\u00e1neo, caracterizado por l\u00edneas limpias, superficies finas y formas minimalistas, complementa el estilo arquitect\u00f3nico moderno del edificio, creando una est\u00e9tica coherente y armoniosa.<\/p>\t\t\t\t\t\t\t\t<\/div>\n\t\t\t\t<\/div>\n\t\t\t\t<\/div>\n\t\t\t\t\t<\/div>\n\t\t\t\t<\/div>\n\t\t<div class=\"elementor-element elementor-element-b25230e e-flex e-con-boxed e-con e-parent\" data-id=\"b25230e\" data-element_type=\"container\" data-e-type=\"container\">\n\t\t\t\t\t<div class=\"e-con-inner\">\n\t\t<div class=\"elementor-element elementor-element-0bcbf0b e-con-full e-flex e-con e-child\" data-id=\"0bcbf0b\" data-element_type=\"container\" data-e-type=\"container\">\n\t\t\t\t<div class=\"elementor-element elementor-element-5b8071c elementor-widget elementor-widget-image\" data-id=\"5b8071c\" data-element_type=\"widget\" data-e-type=\"widget\" data-widget_type=\"image.default\">\n\t\t\t\t<div class=\"elementor-widget-container\">\n\t\t\t\t\t\t\t\t\t\t\t\t\t\t\t<img loading=\"lazy\" decoding=\"async\" loading=\"lazy\" width=\"600\" height=\"800\" src=\"https:\/\/hospitality-projects.com\/es\/wp-content\/uploads\/sites\/3\/2023\/06\/hospitality-projects-NEP-Portrait-photo-3.jpg\" class=\"attachment-large size-large wp-image-389\" alt=\"hospitality projects NEP Portrait photo 3\" srcset=\"https:\/\/hospitality-projects.com\/es\/wp-content\/uploads\/sites\/3\/2023\/06\/hospitality-projects-NEP-Portrait-photo-3.jpg 600w, https:\/\/hospitality-projects.com\/es\/wp-content\/uploads\/sites\/3\/2023\/06\/hospitality-projects-NEP-Portrait-photo-3-225x300.jpg 225w\" sizes=\"auto, (max-width: 600px) 100vw, 600px\" loading=\"eager\" \/>\t\t\t\t\t\t\t\t\t\t\t\t\t\t\t<\/div>\n\t\t\t\t<\/div>\n\t\t\t\t<div class=\"elementor-element elementor-element-16135f0 elementor-widget elementor-widget-image\" data-id=\"16135f0\" data-element_type=\"widget\" data-e-type=\"widget\" data-widget_type=\"image.default\">\n\t\t\t\t<div class=\"elementor-widget-container\">\n\t\t\t\t\t\t\t\t\t\t\t\t\t\t\t<img loading=\"lazy\" decoding=\"async\" loading=\"lazy\" width=\"600\" height=\"800\" src=\"https:\/\/hospitality-projects.com\/es\/wp-content\/uploads\/sites\/3\/2023\/06\/hospitality-projects-NEP-Portrait-smaller.jpg\" class=\"attachment-large size-large wp-image-388\" alt=\"hospitality projects NEP Portrait smaller\" srcset=\"https:\/\/hospitality-projects.com\/es\/wp-content\/uploads\/sites\/3\/2023\/06\/hospitality-projects-NEP-Portrait-smaller.jpg 600w, https:\/\/hospitality-projects.com\/es\/wp-content\/uploads\/sites\/3\/2023\/06\/hospitality-projects-NEP-Portrait-smaller-225x300.jpg 225w\" sizes=\"auto, (max-width: 600px) 100vw, 600px\" loading=\"eager\" \/>\t\t\t\t\t\t\t\t\t\t\t\t\t\t\t<\/div>\n\t\t\t\t<\/div>\n\t\t\t\t<\/div>\n\t\t<div class=\"elementor-element elementor-element-353092c e-con-full e-flex e-con e-child\" data-id=\"353092c\" data-element_type=\"container\" data-e-type=\"container\">\n\t\t\t\t<div class=\"elementor-element elementor-element-ae25b9c elementor-widget elementor-widget-image\" data-id=\"ae25b9c\" data-element_type=\"widget\" data-e-type=\"widget\" data-widget_type=\"image.default\">\n\t\t\t\t<div class=\"elementor-widget-container\">\n\t\t\t\t\t\t\t\t\t\t\t\t\t\t\t<img loading=\"lazy\" decoding=\"async\" loading=\"lazy\" width=\"600\" height=\"800\" src=\"https:\/\/hospitality-projects.com\/es\/wp-content\/uploads\/sites\/3\/2023\/06\/hospitality-projects-NEP-Portrait-smaller.jpg\" class=\"attachment-large size-large wp-image-388\" alt=\"hospitality projects NEP Portrait smaller\" srcset=\"https:\/\/hospitality-projects.com\/es\/wp-content\/uploads\/sites\/3\/2023\/06\/hospitality-projects-NEP-Portrait-smaller.jpg 600w, https:\/\/hospitality-projects.com\/es\/wp-content\/uploads\/sites\/3\/2023\/06\/hospitality-projects-NEP-Portrait-smaller-225x300.jpg 225w\" sizes=\"auto, (max-width: 600px) 100vw, 600px\" loading=\"eager\" \/>\t\t\t\t\t\t\t\t\t\t\t\t\t\t\t<\/div>\n\t\t\t\t<\/div>\n\t\t\t\t<div class=\"elementor-element elementor-element-d72b83d elementor-widget elementor-widget-image\" data-id=\"d72b83d\" data-element_type=\"widget\" data-e-type=\"widget\" data-widget_type=\"image.default\">\n\t\t\t\t<div class=\"elementor-widget-container\">\n\t\t\t\t\t\t\t\t\t\t\t\t\t\t\t<img loading=\"lazy\" decoding=\"async\" loading=\"lazy\" width=\"600\" height=\"800\" src=\"https:\/\/hospitality-projects.com\/es\/wp-content\/uploads\/sites\/3\/2023\/06\/hospitality-projects-NEP-Square.jpg\" class=\"attachment-large size-large wp-image-386\" alt=\"hospitality projects NEP Square\" srcset=\"https:\/\/hospitality-projects.com\/es\/wp-content\/uploads\/sites\/3\/2023\/06\/hospitality-projects-NEP-Square.jpg 600w, https:\/\/hospitality-projects.com\/es\/wp-content\/uploads\/sites\/3\/2023\/06\/hospitality-projects-NEP-Square-225x300.jpg 225w\" sizes=\"auto, (max-width: 600px) 100vw, 600px\" loading=\"eager\" \/>\t\t\t\t\t\t\t\t\t\t\t\t\t\t\t<\/div>\n\t\t\t\t<\/div>\n\t\t\t\t<div class=\"elementor-element elementor-element-30461e0 elementor-widget elementor-widget-image\" data-id=\"30461e0\" data-element_type=\"widget\" data-e-type=\"widget\" data-widget_type=\"image.default\">\n\t\t\t\t<div class=\"elementor-widget-container\">\n\t\t\t\t\t\t\t\t\t\t\t\t\t\t\t<img loading=\"lazy\" decoding=\"async\" loading=\"lazy\" width=\"800\" height=\"800\" src=\"https:\/\/hospitality-projects.com\/es\/wp-content\/uploads\/sites\/3\/2023\/06\/hospitality-projects-NEP-Square-1.jpg\" class=\"attachment-large size-large wp-image-385\" alt=\"hospitality projects NEP Square 1\" srcset=\"https:\/\/hospitality-projects.com\/es\/wp-content\/uploads\/sites\/3\/2023\/06\/hospitality-projects-NEP-Square-1.jpg 800w, https:\/\/hospitality-projects.com\/es\/wp-content\/uploads\/sites\/3\/2023\/06\/hospitality-projects-NEP-Square-1-300x300.jpg 300w, https:\/\/hospitality-projects.com\/es\/wp-content\/uploads\/sites\/3\/2023\/06\/hospitality-projects-NEP-Square-1-150x150.jpg 150w, https:\/\/hospitality-projects.com\/es\/wp-content\/uploads\/sites\/3\/2023\/06\/hospitality-projects-NEP-Square-1-768x768.jpg 768w\" sizes=\"auto, (max-width: 800px) 100vw, 800px\" loading=\"eager\" \/>\t\t\t\t\t\t\t\t\t\t\t\t\t\t\t<\/div>\n\t\t\t\t<\/div>\n\t\t\t\t<\/div>\n\t\t\t\t\t<\/div>\n\t\t\t\t<\/div>\n\t\t<div class=\"elementor-element elementor-element-4d53935 e-con-full e-flex e-con e-parent\" data-id=\"4d53935\" data-element_type=\"container\" data-e-type=\"container\">\n\t\t<div class=\"elementor-element elementor-element-a15db5d e-con-full e-flex e-con e-child\" data-id=\"a15db5d\" data-element_type=\"container\" data-e-type=\"container\" data-settings=\"{&quot;background_background&quot;:&quot;classic&quot;}\">\n\t\t<div class=\"elementor-element elementor-element-5dc9116 e-con-full e-flex e-con e-child\" data-id=\"5dc9116\" data-element_type=\"container\" data-e-type=\"container\">\n\t\t\t\t<div class=\"elementor-element elementor-element-772d4b1 elementor-widget elementor-widget-image\" data-id=\"772d4b1\" data-element_type=\"widget\" data-e-type=\"widget\" data-widget_type=\"image.default\">\n\t\t\t\t<div class=\"elementor-widget-container\">\n\t\t\t\t\t\t\t\t\t\t\t\t\t\t\t<img loading=\"lazy\" decoding=\"async\" loading=\"lazy\" width=\"800\" height=\"387\" src=\"https:\/\/hospitality-projects.com\/es\/wp-content\/uploads\/sites\/3\/2023\/06\/hospitality-projects-Heritadge-Main-photo-and-tile-photo-1024x495.jpg\" class=\"attachment-large size-large wp-image-423\" alt=\"hospitality projects Heritadge Main photo and tile photo\" srcset=\"https:\/\/hospitality-projects.com\/es\/wp-content\/uploads\/sites\/3\/2023\/06\/hospitality-projects-Heritadge-Main-photo-and-tile-photo-1024x495.jpg 1024w, https:\/\/hospitality-projects.com\/es\/wp-content\/uploads\/sites\/3\/2023\/06\/hospitality-projects-Heritadge-Main-photo-and-tile-photo-300x145.jpg 300w, https:\/\/hospitality-projects.com\/es\/wp-content\/uploads\/sites\/3\/2023\/06\/hospitality-projects-Heritadge-Main-photo-and-tile-photo-768x371.jpg 768w, https:\/\/hospitality-projects.com\/es\/wp-content\/uploads\/sites\/3\/2023\/06\/hospitality-projects-Heritadge-Main-photo-and-tile-photo.jpg 1400w\" sizes=\"auto, (max-width: 800px) 100vw, 800px\" loading=\"eager\" \/>\t\t\t\t\t\t\t\t\t\t\t\t\t\t\t<\/div>\n\t\t\t\t<\/div>\n\t\t\t\t<\/div>\n\t\t<div class=\"elementor-element elementor-element-6f0e308 e-con-full e-flex e-con e-child\" data-id=\"6f0e308\" data-element_type=\"container\" data-e-type=\"container\">\n\t\t\t\t<div class=\"elementor-element elementor-element-3729ba5 elementor-widget elementor-widget-heading\" data-id=\"3729ba5\" data-element_type=\"widget\" data-e-type=\"widget\" data-widget_type=\"heading.default\">\n\t\t\t\t<div class=\"elementor-widget-container\">\n\t\t\t\t\t<h2 class=\"elementor-heading-title elementor-size-default\">PROYECTO DESTACADO<\/h2>\t\t\t\t<\/div>\n\t\t\t\t<\/div>\n\t\t<div class=\"elementor-element elementor-element-cf20d12 e-flex e-con-boxed e-con e-child\" data-id=\"cf20d12\" data-element_type=\"container\" data-e-type=\"container\">\n\t\t\t\t\t<div class=\"e-con-inner\">\n\t\t\t\t<div class=\"elementor-element elementor-element-b4d7a69 elementor-widget elementor-widget-heading\" data-id=\"b4d7a69\" data-element_type=\"widget\" data-e-type=\"widget\" data-widget_type=\"heading.default\">\n\t\t\t\t<div class=\"elementor-widget-container\">\n\t\t\t\t\t<h2 class=\"elementor-heading-title elementor-size-default\">Heritage Resturant, <br>Londres<\/h2>\t\t\t\t<\/div>\n\t\t\t\t<\/div>\n\t\t\t\t<div class=\"elementor-element elementor-element-1b0e20c elementor-widget elementor-widget-text-editor\" data-id=\"1b0e20c\" data-element_type=\"widget\" data-e-type=\"widget\" data-widget_type=\"text-editor.default\">\n\t\t\t\t<div class=\"elementor-widget-container\">\n\t\t\t\t\t\t\t\t\t<p>Hospitality Projects ha colaborado con la oficina de gesti\u00f3n de proyectos y dise\u00f1o Kanvass para suministrar mobiliario a granel y una pared tapizada en espiga a medida en 2019.<\/p>\t\t\t\t\t\t\t\t<\/div>\n\t\t\t\t<\/div>\n\t\t\t\t<div class=\"elementor-element elementor-element-8972624 elementor-align-justify elementor-widget elementor-widget-button\" data-id=\"8972624\" data-element_type=\"widget\" data-e-type=\"widget\" data-widget_type=\"button.default\">\n\t\t\t\t<div class=\"elementor-widget-container\">\n\t\t\t\t\t\t\t\t\t<div class=\"elementor-button-wrapper\">\n\t\t\t\t\t<a class=\"elementor-button elementor-button-link elementor-size-sm\" href=\"https:\/\/hospitality-projects.com\/es\/proyectos\/heritage-restaurant\/\">\n\t\t\t\t\t\t<span class=\"elementor-button-content-wrapper\">\n\t\t\t\t\t\t<span class=\"elementor-button-icon\">\n\t\t\t\t<i aria-hidden=\"true\" class=\"fas fa-chevron-right\"><\/i>\t\t\t<\/span>\n\t\t\t\t\t\t\t\t\t<span class=\"elementor-button-text\">DESCUBRA EL RESTAURANTE SUIZO<\/span>\n\t\t\t\t\t<\/span>\n\t\t\t\t\t<\/a>\n\t\t\t\t<\/div>\n\t\t\t\t\t\t\t\t<\/div>\n\t\t\t\t<\/div>\n\t\t\t\t\t<\/div>\n\t\t\t\t<\/div>\n\t\t\t\t<\/div>\n\t\t\t\t<\/div>\n\t\t\t\t<\/div>\n\t\t\t\t<\/div>\n\t\t","protected":false},"excerpt":{"rendered":"<p>nine elms park Nine Elms Park es una nueva y apasionante oportunidad de desarrollo situada en Londres. La pieza central es el propio parque, que se extiende a lo largo del desarrollo de este a oeste y ofrece una escapada tranquila y pintoresca del ajetreo y el bullicio de la ciudad, sin embargo, es s\u00f3lo [&hellip;]<\/p>\n","protected":false},"author":2,"featured_media":1453,"parent":156,"menu_order":0,"comment_status":"closed","ping_status":"closed","template":"","meta":{"_acf_changed":false,"footnotes":""},"project_category":[8,11],"class_list":["post-348","page","type-page","status-publish","has-post-thumbnail","hentry","project_category-all-projects","project_category-completed"],"acf":[],"_links":{"self":[{"href":"https:\/\/hospitality-projects.com\/es\/wp-json\/wp\/v2\/pages\/348","targetHints":{"allow":["GET"]}}],"collection":[{"href":"https:\/\/hospitality-projects.com\/es\/wp-json\/wp\/v2\/pages"}],"about":[{"href":"https:\/\/hospitality-projects.com\/es\/wp-json\/wp\/v2\/types\/page"}],"author":[{"embeddable":true,"href":"https:\/\/hospitality-projects.com\/es\/wp-json\/wp\/v2\/users\/2"}],"replies":[{"embeddable":true,"href":"https:\/\/hospitality-projects.com\/es\/wp-json\/wp\/v2\/comments?post=348"}],"version-history":[{"count":8,"href":"https:\/\/hospitality-projects.com\/es\/wp-json\/wp\/v2\/pages\/348\/revisions"}],"predecessor-version":[{"id":3306,"href":"https:\/\/hospitality-projects.com\/es\/wp-json\/wp\/v2\/pages\/348\/revisions\/3306"}],"up":[{"embeddable":true,"href":"https:\/\/hospitality-projects.com\/es\/wp-json\/wp\/v2\/pages\/156"}],"wp:featuredmedia":[{"embeddable":true,"href":"https:\/\/hospitality-projects.com\/es\/wp-json\/wp\/v2\/media\/1453"}],"wp:attachment":[{"href":"https:\/\/hospitality-projects.com\/es\/wp-json\/wp\/v2\/media?parent=348"}],"wp:term":[{"taxonomy":"project_category","embeddable":true,"href":"https:\/\/hospitality-projects.com\/es\/wp-json\/wp\/v2\/project_category?post=348"}],"curies":[{"name":"wp","href":"https:\/\/api.w.org\/{rel}","templated":true}]}}