{"id":352,"date":"2023-06-22T20:00:06","date_gmt":"2023-06-22T20:00:06","guid":{"rendered":"https:\/\/hospitality-projects.com\/es\/?page_id=352"},"modified":"2024-01-22T11:33:56","modified_gmt":"2024-01-22T11:33:56","slug":"the-gun","status":"publish","type":"page","link":"https:\/\/hospitality-projects.com\/es\/proyectos\/the-gun\/","title":{"rendered":"The Gun"},"content":{"rendered":"\t\t<div data-elementor-type=\"wp-page\" data-elementor-id=\"352\" class=\"elementor elementor-352\" data-elementor-post-type=\"page\">\n\t\t\t\t<div class=\"elementor-element elementor-element-9ec891a e-flex e-con-boxed e-con e-parent\" data-id=\"9ec891a\" data-element_type=\"container\" data-e-type=\"container\" data-settings=\"{&quot;background_background&quot;:&quot;classic&quot;}\">\n\t\t\t\t\t<div class=\"e-con-inner\">\n\t\t\t\t\t<\/div>\n\t\t\t\t<\/div>\n\t\t<div class=\"elementor-element elementor-element-bd07012 e-flex e-con-boxed e-con e-parent\" data-id=\"bd07012\" data-element_type=\"container\" data-e-type=\"container\">\n\t\t\t\t\t<div class=\"e-con-inner\">\n\t\t<div class=\"elementor-element elementor-element-9ef282f e-con-full e-flex e-con e-child\" data-id=\"9ef282f\" data-element_type=\"container\" data-e-type=\"container\">\n\t\t\t\t<div class=\"elementor-element elementor-element-6086408 elementor-widget__width-inherit elementor-widget elementor-widget-heading\" data-id=\"6086408\" data-element_type=\"widget\" data-e-type=\"widget\" data-widget_type=\"heading.default\">\n\t\t\t\t<div class=\"elementor-widget-container\">\n\t\t\t\t\t<h1 class=\"elementor-heading-title elementor-size-default\">the gun<\/h1>\t\t\t\t<\/div>\n\t\t\t\t<\/div>\n\t\t\t\t<div class=\"elementor-element elementor-element-ac24b0a elementor-widget elementor-widget-text-editor\" data-id=\"ac24b0a\" data-element_type=\"widget\" data-e-type=\"widget\" data-widget_type=\"text-editor.default\">\n\t\t\t\t<div class=\"elementor-widget-container\">\n\t\t\t\t\t\t\t\t\t<p>A un paso del emblem\u00e1tico mercado de Spitalfields y cerca del ajetreo y el bullicio del moderno Shoreditch, <a href=\"https:\/\/www.thegunlondon.com\/\" target=\"_blank\" rel=\"noopener\">The Gun<\/a> es un bar y restaurante vibrante y animado, con elegantes interiores, sabrosa comida y frecuentes apariciones de los mejores DJ de la ciudad.<\/p>\t\t\t\t\t\t\t\t<\/div>\n\t\t\t\t<\/div>\n\t\t\t\t<div class=\"elementor-element elementor-element-507d493 elementor-widget elementor-widget-image\" data-id=\"507d493\" data-element_type=\"widget\" data-e-type=\"widget\" data-widget_type=\"image.default\">\n\t\t\t\t<div class=\"elementor-widget-container\">\n\t\t\t\t\t\t\t\t\t\t\t\t\t\t\t<img loading=\"lazy\" decoding=\"async\" loading=\"lazy\" width=\"800\" height=\"800\" src=\"https:\/\/hospitality-projects.com\/es\/wp-content\/uploads\/sites\/3\/2023\/06\/hospitality-projects-The-gun-Lower-square-photo.jpg\" class=\"attachment-large size-large wp-image-443\" alt=\"hospitality projects The gun Lower square photo\" srcset=\"https:\/\/hospitality-projects.com\/es\/wp-content\/uploads\/sites\/3\/2023\/06\/hospitality-projects-The-gun-Lower-square-photo.jpg 800w, https:\/\/hospitality-projects.com\/es\/wp-content\/uploads\/sites\/3\/2023\/06\/hospitality-projects-The-gun-Lower-square-photo-300x300.jpg 300w, https:\/\/hospitality-projects.com\/es\/wp-content\/uploads\/sites\/3\/2023\/06\/hospitality-projects-The-gun-Lower-square-photo-150x150.jpg 150w, https:\/\/hospitality-projects.com\/es\/wp-content\/uploads\/sites\/3\/2023\/06\/hospitality-projects-The-gun-Lower-square-photo-768x768.jpg 768w\" sizes=\"auto, (max-width: 800px) 100vw, 800px\" loading=\"eager\" \/>\t\t\t\t\t\t\t\t\t\t\t\t\t\t\t<\/div>\n\t\t\t\t<\/div>\n\t\t\t\t<\/div>\n\t\t<div class=\"elementor-element elementor-element-4b15956 e-con-full e-flex e-con e-child\" data-id=\"4b15956\" data-element_type=\"container\" data-e-type=\"container\">\n\t\t\t\t<div class=\"elementor-element elementor-element-5174129 elementor-widget elementor-widget-image\" data-id=\"5174129\" data-element_type=\"widget\" data-e-type=\"widget\" data-widget_type=\"image.default\">\n\t\t\t\t<div class=\"elementor-widget-container\">\n\t\t\t\t\t\t\t\t\t\t\t\t\t\t\t<img loading=\"lazy\" decoding=\"async\" loading=\"lazy\" width=\"800\" height=\"800\" src=\"https:\/\/hospitality-projects.com\/es\/wp-content\/uploads\/sites\/3\/2023\/06\/hospitality-projects-The-gun-Top-square-photo.jpg\" class=\"attachment-large size-large wp-image-442\" alt=\"hospitality projects The gun Top square photo\" srcset=\"https:\/\/hospitality-projects.com\/es\/wp-content\/uploads\/sites\/3\/2023\/06\/hospitality-projects-The-gun-Top-square-photo.jpg 800w, https:\/\/hospitality-projects.com\/es\/wp-content\/uploads\/sites\/3\/2023\/06\/hospitality-projects-The-gun-Top-square-photo-300x300.jpg 300w, https:\/\/hospitality-projects.com\/es\/wp-content\/uploads\/sites\/3\/2023\/06\/hospitality-projects-The-gun-Top-square-photo-150x150.jpg 150w, https:\/\/hospitality-projects.com\/es\/wp-content\/uploads\/sites\/3\/2023\/06\/hospitality-projects-The-gun-Top-square-photo-768x768.jpg 768w\" sizes=\"auto, (max-width: 800px) 100vw, 800px\" loading=\"eager\" \/>\t\t\t\t\t\t\t\t\t\t\t\t\t\t\t<\/div>\n\t\t\t\t<\/div>\n\t\t\t\t<div class=\"elementor-element elementor-element-4c73aea elementor-widget elementor-widget-text-editor\" data-id=\"4c73aea\" data-element_type=\"widget\" data-e-type=\"widget\" data-widget_type=\"text-editor.default\">\n\t\t\t\t<div class=\"elementor-widget-container\">\n\t\t\t\t\t\t\t\t\t<p>Fabricamos m\u00e1s de 150 muebles y asientos a <a href=\"https:\/\/hospitality-projects.com\/es\/bespoke-furniture\/\">medida<\/a> para el <a href=\"https:\/\/hospitality-projects.com\/es\/restaurant-furniture\/\">restaurante<\/a>, entre sof\u00e1s, sof\u00e1s cama, sillones y sillas de comedor.<\/p><p>El restaurante tiene un aire org\u00e1nico y animado, salpicado de colores vivos y elementos interesantes. Se han utilizado tejidos exclusivos para garantizar que nuestro mobiliario sea la pieza que confiera a este restaurante de alta gama una <a href=\"https:\/\/hospitality-projects.com\/es\/luxury-furniture\/\">sensaci\u00f3n de lujo<\/a>.<\/p>\t\t\t\t\t\t\t\t<\/div>\n\t\t\t\t<\/div>\n\t\t\t\t<\/div>\n\t\t\t\t\t<\/div>\n\t\t\t\t<\/div>\n\t\t<div class=\"elementor-element elementor-element-e55cbe2 e-flex e-con-boxed e-con e-parent\" data-id=\"e55cbe2\" data-element_type=\"container\" data-e-type=\"container\">\n\t\t\t\t\t<div class=\"e-con-inner\">\n\t\t<div class=\"elementor-element elementor-element-d9d0772 e-con-full e-flex e-con e-child\" data-id=\"d9d0772\" data-element_type=\"container\" data-e-type=\"container\">\n\t\t\t\t<div class=\"elementor-element elementor-element-51749a7 elementor-widget elementor-widget-image\" data-id=\"51749a7\" data-element_type=\"widget\" data-e-type=\"widget\" data-widget_type=\"image.default\">\n\t\t\t\t<div class=\"elementor-widget-container\">\n\t\t\t\t\t\t\t\t\t\t\t\t\t\t\t<img loading=\"lazy\" decoding=\"async\" loading=\"lazy\" width=\"800\" height=\"533\" src=\"https:\/\/hospitality-projects.com\/es\/wp-content\/uploads\/sites\/3\/2023\/06\/hospitality-projects-The-gun-Large-photo-4.jpg\" class=\"attachment-large size-large wp-image-447\" alt=\"hospitality projects The gun Large photo 4\" srcset=\"https:\/\/hospitality-projects.com\/es\/wp-content\/uploads\/sites\/3\/2023\/06\/hospitality-projects-The-gun-Large-photo-4.jpg 1000w, https:\/\/hospitality-projects.com\/es\/wp-content\/uploads\/sites\/3\/2023\/06\/hospitality-projects-The-gun-Large-photo-4-300x200.jpg 300w, https:\/\/hospitality-projects.com\/es\/wp-content\/uploads\/sites\/3\/2023\/06\/hospitality-projects-The-gun-Large-photo-4-768x511.jpg 768w\" sizes=\"auto, (max-width: 800px) 100vw, 800px\" loading=\"eager\" \/>\t\t\t\t\t\t\t\t\t\t\t\t\t\t\t<\/div>\n\t\t\t\t<\/div>\n\t\t\t\t<\/div>\n\t\t\t\t\t<\/div>\n\t\t\t\t<\/div>\n\t\t<div class=\"elementor-element elementor-element-26e6a6d e-flex e-con-boxed e-con e-parent\" data-id=\"26e6a6d\" data-element_type=\"container\" data-e-type=\"container\">\n\t\t\t\t\t<div class=\"e-con-inner\">\n\t\t<div class=\"elementor-element elementor-element-ae4f35d e-con-full e-flex e-con e-child\" data-id=\"ae4f35d\" data-element_type=\"container\" data-e-type=\"container\">\n\t\t\t\t<div class=\"elementor-element elementor-element-34521f4 elementor-widget elementor-widget-text-editor\" data-id=\"34521f4\" data-element_type=\"widget\" data-e-type=\"widget\" data-widget_type=\"text-editor.default\">\n\t\t\t\t<div class=\"elementor-widget-container\">\n\t\t\t\t\t\t\t\t\t<p>El establecimiento consta de tres \u00e1reas principales: el bosque, con sus flores y follaje, y la pista de baile del escenario principal; el sal\u00f3n, con lujosos asientos de terciopelo y una zona semiprivada; y el interior principal, coronado por un magn\u00edfico olivo, donde se respira amplitud e intimidad a la vez.<\/p>\t\t\t\t\t\t\t\t<\/div>\n\t\t\t\t<\/div>\n\t\t\t\t<div class=\"elementor-element elementor-element-2354645 elementor-widget elementor-widget-image\" data-id=\"2354645\" data-element_type=\"widget\" data-e-type=\"widget\" data-widget_type=\"image.default\">\n\t\t\t\t<div class=\"elementor-widget-container\">\n\t\t\t\t\t\t\t\t\t\t\t\t\t\t\t<img loading=\"lazy\" decoding=\"async\" loading=\"lazy\" width=\"600\" height=\"900\" src=\"https:\/\/hospitality-projects.com\/es\/wp-content\/uploads\/sites\/3\/2023\/06\/hospitality-projects-The-gun-portrait-photo.jpg\" class=\"attachment-large size-large wp-image-445\" alt=\"hospitality projects The gun portrait photo\" srcset=\"https:\/\/hospitality-projects.com\/es\/wp-content\/uploads\/sites\/3\/2023\/06\/hospitality-projects-The-gun-portrait-photo.jpg 600w, https:\/\/hospitality-projects.com\/es\/wp-content\/uploads\/sites\/3\/2023\/06\/hospitality-projects-The-gun-portrait-photo-200x300.jpg 200w\" sizes=\"auto, (max-width: 600px) 100vw, 600px\" loading=\"eager\" \/>\t\t\t\t\t\t\t\t\t\t\t\t\t\t\t<\/div>\n\t\t\t\t<\/div>\n\t\t\t\t<\/div>\n\t\t<div class=\"elementor-element elementor-element-642104e e-con-full e-flex e-con e-child\" data-id=\"642104e\" data-element_type=\"container\" data-e-type=\"container\">\n\t\t\t\t<div class=\"elementor-element elementor-element-edeb3f5 elementor-widget elementor-widget-image\" data-id=\"edeb3f5\" data-element_type=\"widget\" data-e-type=\"widget\" data-widget_type=\"image.default\">\n\t\t\t\t<div class=\"elementor-widget-container\">\n\t\t\t\t\t\t\t\t\t\t\t\t\t\t\t<img loading=\"lazy\" decoding=\"async\" loading=\"lazy\" width=\"800\" height=\"582\" src=\"https:\/\/hospitality-projects.com\/es\/wp-content\/uploads\/sites\/3\/2023\/06\/hospitality-projects-The-gun-Top-Landscape-photo.jpg\" class=\"attachment-large size-large wp-image-446\" alt=\"hospitality projects The gun Top Landscape photo\" srcset=\"https:\/\/hospitality-projects.com\/es\/wp-content\/uploads\/sites\/3\/2023\/06\/hospitality-projects-The-gun-Top-Landscape-photo.jpg 1000w, https:\/\/hospitality-projects.com\/es\/wp-content\/uploads\/sites\/3\/2023\/06\/hospitality-projects-The-gun-Top-Landscape-photo-300x218.jpg 300w, https:\/\/hospitality-projects.com\/es\/wp-content\/uploads\/sites\/3\/2023\/06\/hospitality-projects-The-gun-Top-Landscape-photo-768x558.jpg 768w\" sizes=\"auto, (max-width: 800px) 100vw, 800px\" loading=\"eager\" \/>\t\t\t\t\t\t\t\t\t\t\t\t\t\t\t<\/div>\n\t\t\t\t<\/div>\n\t\t\t\t<div class=\"elementor-element elementor-element-9d9e06b elementor-widget elementor-widget-image\" data-id=\"9d9e06b\" data-element_type=\"widget\" data-e-type=\"widget\" data-widget_type=\"image.default\">\n\t\t\t\t<div class=\"elementor-widget-container\">\n\t\t\t\t\t\t\t\t\t\t\t\t\t\t\t<img loading=\"lazy\" decoding=\"async\" loading=\"lazy\" width=\"800\" height=\"450\" src=\"https:\/\/hospitality-projects.com\/es\/wp-content\/uploads\/sites\/3\/2023\/06\/hospitality-projects-The-gun-Top-Landscape-photo-2.jpg\" class=\"attachment-large size-large wp-image-444\" alt=\"hospitality projects The gun Top Landscape photo 2\" srcset=\"https:\/\/hospitality-projects.com\/es\/wp-content\/uploads\/sites\/3\/2023\/06\/hospitality-projects-The-gun-Top-Landscape-photo-2.jpg 1000w, https:\/\/hospitality-projects.com\/es\/wp-content\/uploads\/sites\/3\/2023\/06\/hospitality-projects-The-gun-Top-Landscape-photo-2-300x169.jpg 300w, https:\/\/hospitality-projects.com\/es\/wp-content\/uploads\/sites\/3\/2023\/06\/hospitality-projects-The-gun-Top-Landscape-photo-2-768x432.jpg 768w\" sizes=\"auto, (max-width: 800px) 100vw, 800px\" loading=\"eager\" \/>\t\t\t\t\t\t\t\t\t\t\t\t\t\t\t<\/div>\n\t\t\t\t<\/div>\n\t\t\t\t<\/div>\n\t\t\t\t\t<\/div>\n\t\t\t\t<\/div>\n\t\t<div class=\"elementor-element elementor-element-10b0166 e-flex e-con-boxed e-con e-parent\" data-id=\"10b0166\" data-element_type=\"container\" data-e-type=\"container\">\n\t\t\t\t\t<div class=\"e-con-inner\">\n\t\t<div class=\"elementor-element elementor-element-53cfd75 e-con-full e-flex e-con e-child\" data-id=\"53cfd75\" data-element_type=\"container\" data-e-type=\"container\">\n\t\t\t\t<div class=\"elementor-element elementor-element-74a42c6 elementor-widget elementor-widget-image\" data-id=\"74a42c6\" data-element_type=\"widget\" data-e-type=\"widget\" data-widget_type=\"image.default\">\n\t\t\t\t<div class=\"elementor-widget-container\">\n\t\t\t\t\t\t\t\t\t\t\t\t\t\t\t<img loading=\"lazy\" decoding=\"async\" loading=\"lazy\" width=\"800\" height=\"534\" src=\"https:\/\/hospitality-projects.com\/es\/wp-content\/uploads\/sites\/3\/2023\/06\/hospitality-projects-The-gun-Large-photo-3.jpg\" class=\"attachment-large size-large wp-image-448\" alt=\"hospitality projects The gun Large photo 3\" srcset=\"https:\/\/hospitality-projects.com\/es\/wp-content\/uploads\/sites\/3\/2023\/06\/hospitality-projects-The-gun-Large-photo-3.jpg 1000w, https:\/\/hospitality-projects.com\/es\/wp-content\/uploads\/sites\/3\/2023\/06\/hospitality-projects-The-gun-Large-photo-3-300x200.jpg 300w, https:\/\/hospitality-projects.com\/es\/wp-content\/uploads\/sites\/3\/2023\/06\/hospitality-projects-The-gun-Large-photo-3-768x512.jpg 768w\" sizes=\"auto, (max-width: 800px) 100vw, 800px\" loading=\"eager\" \/>\t\t\t\t\t\t\t\t\t\t\t\t\t\t\t<\/div>\n\t\t\t\t<\/div>\n\t\t\t\t<\/div>\n\t\t\t\t\t<\/div>\n\t\t\t\t<\/div>\n\t\t<div class=\"elementor-element elementor-element-1cee495 e-flex e-con-boxed e-con e-parent\" data-id=\"1cee495\" data-element_type=\"container\" data-e-type=\"container\">\n\t\t\t\t\t<div class=\"e-con-inner\">\n\t\t<div class=\"elementor-element elementor-element-33d52d8 e-con-full e-flex e-con e-child\" data-id=\"33d52d8\" data-element_type=\"container\" data-e-type=\"container\">\n\t\t\t\t<div class=\"elementor-element elementor-element-69e55b7 elementor-widget elementor-widget-image\" data-id=\"69e55b7\" data-element_type=\"widget\" data-e-type=\"widget\" data-widget_type=\"image.default\">\n\t\t\t\t<div class=\"elementor-widget-container\">\n\t\t\t\t\t\t\t\t\t\t\t\t\t\t\t<img loading=\"lazy\" decoding=\"async\" loading=\"lazy\" width=\"800\" height=\"535\" src=\"https:\/\/hospitality-projects.com\/es\/wp-content\/uploads\/sites\/3\/2023\/06\/hospitality-projects-The-gun-Landscape-photo-2.jpg\" class=\"attachment-large size-large wp-image-449\" alt=\"hospitality projects The gun Landscape photo 2\" srcset=\"https:\/\/hospitality-projects.com\/es\/wp-content\/uploads\/sites\/3\/2023\/06\/hospitality-projects-The-gun-Landscape-photo-2.jpg 1000w, https:\/\/hospitality-projects.com\/es\/wp-content\/uploads\/sites\/3\/2023\/06\/hospitality-projects-The-gun-Landscape-photo-2-300x201.jpg 300w, https:\/\/hospitality-projects.com\/es\/wp-content\/uploads\/sites\/3\/2023\/06\/hospitality-projects-The-gun-Landscape-photo-2-768x514.jpg 768w\" sizes=\"auto, (max-width: 800px) 100vw, 800px\" loading=\"eager\" \/>\t\t\t\t\t\t\t\t\t\t\t\t\t\t\t<\/div>\n\t\t\t\t<\/div>\n\t\t\t\t<\/div>\n\t\t<div class=\"elementor-element elementor-element-25a85b5 e-con-full e-flex e-con e-child\" data-id=\"25a85b5\" data-element_type=\"container\" data-e-type=\"container\">\n\t\t\t\t<div class=\"elementor-element elementor-element-6e55b64 elementor-widget elementor-widget-image\" data-id=\"6e55b64\" data-element_type=\"widget\" data-e-type=\"widget\" data-widget_type=\"image.default\">\n\t\t\t\t<div class=\"elementor-widget-container\">\n\t\t\t\t\t\t\t\t\t\t\t\t\t\t\t<img loading=\"lazy\" decoding=\"async\" loading=\"lazy\" width=\"800\" height=\"586\" src=\"https:\/\/hospitality-projects.com\/es\/wp-content\/uploads\/sites\/3\/2023\/06\/hospitality-projects-The-gun-Landscape-photo.jpg\" class=\"attachment-large size-large wp-image-450\" alt=\"hospitality projects The gun Landscape photo\" srcset=\"https:\/\/hospitality-projects.com\/es\/wp-content\/uploads\/sites\/3\/2023\/06\/hospitality-projects-The-gun-Landscape-photo.jpg 1000w, https:\/\/hospitality-projects.com\/es\/wp-content\/uploads\/sites\/3\/2023\/06\/hospitality-projects-The-gun-Landscape-photo-300x220.jpg 300w, https:\/\/hospitality-projects.com\/es\/wp-content\/uploads\/sites\/3\/2023\/06\/hospitality-projects-The-gun-Landscape-photo-768x563.jpg 768w\" sizes=\"auto, (max-width: 800px) 100vw, 800px\" loading=\"eager\" \/>\t\t\t\t\t\t\t\t\t\t\t\t\t\t\t<\/div>\n\t\t\t\t<\/div>\n\t\t\t\t<\/div>\n\t\t\t\t\t<\/div>\n\t\t\t\t<\/div>\n\t\t<div class=\"elementor-element elementor-element-35db7a1 e-flex e-con-boxed e-con e-parent\" data-id=\"35db7a1\" data-element_type=\"container\" data-e-type=\"container\">\n\t\t\t\t\t<div class=\"e-con-inner\">\n\t\t<div class=\"elementor-element elementor-element-67cb565 e-con-full e-flex e-con e-child\" data-id=\"67cb565\" data-element_type=\"container\" data-e-type=\"container\">\n\t\t\t\t<div class=\"elementor-element elementor-element-56784a4 elementor-widget__width-initial elementor-widget elementor-widget-text-editor\" data-id=\"56784a4\" data-element_type=\"widget\" data-e-type=\"widget\" data-widget_type=\"text-editor.default\">\n\t\t\t\t<div class=\"elementor-widget-container\">\n\t\t\t\t\t\t\t\t\t<p>La sala principal es elegante, c\u00e1lida y relajada, con una combinaci\u00f3n de altos techos industriales y una decoraci\u00f3n elegante y cl\u00e1sica, mientras que el mobiliario de terciopelo oscuro le da un toque acogedor. Tanto si busca un lugar donde disfrutar de una copa despu\u00e9s del trabajo, de un almuerzo informal con amigos o de un s\u00e1bado por la noche, no se pierda The Gun.<\/p>\t\t\t\t\t\t\t\t<\/div>\n\t\t\t\t<\/div>\n\t\t\t\t<div class=\"elementor-element elementor-element-e4703c3 elementor-widget elementor-widget-image\" data-id=\"e4703c3\" data-element_type=\"widget\" data-e-type=\"widget\" data-widget_type=\"image.default\">\n\t\t\t\t<div class=\"elementor-widget-container\">\n\t\t\t\t\t\t\t\t\t\t\t\t\t\t\t<img loading=\"lazy\" decoding=\"async\" loading=\"lazy\" width=\"800\" height=\"534\" src=\"https:\/\/hospitality-projects.com\/es\/wp-content\/uploads\/sites\/3\/2023\/06\/hospitality-projects-The-gun-Large-photo-2.jpg\" class=\"attachment-large size-large wp-image-451\" alt=\"hospitality projects The gun Large photo 2\" srcset=\"https:\/\/hospitality-projects.com\/es\/wp-content\/uploads\/sites\/3\/2023\/06\/hospitality-projects-The-gun-Large-photo-2.jpg 1000w, https:\/\/hospitality-projects.com\/es\/wp-content\/uploads\/sites\/3\/2023\/06\/hospitality-projects-The-gun-Large-photo-2-300x200.jpg 300w, https:\/\/hospitality-projects.com\/es\/wp-content\/uploads\/sites\/3\/2023\/06\/hospitality-projects-The-gun-Large-photo-2-768x512.jpg 768w\" sizes=\"auto, (max-width: 800px) 100vw, 800px\" loading=\"eager\" \/>\t\t\t\t\t\t\t\t\t\t\t\t\t\t\t<\/div>\n\t\t\t\t<\/div>\n\t\t\t\t<div class=\"elementor-element elementor-element-2b96724 elementor-widget elementor-widget-image\" data-id=\"2b96724\" data-element_type=\"widget\" data-e-type=\"widget\" data-widget_type=\"image.default\">\n\t\t\t\t<div class=\"elementor-widget-container\">\n\t\t\t\t\t\t\t\t\t\t\t\t\t\t\t<img loading=\"lazy\" decoding=\"async\" loading=\"lazy\" width=\"800\" height=\"450\" src=\"https:\/\/hospitality-projects.com\/es\/wp-content\/uploads\/sites\/3\/2023\/06\/hospitality-projects-The-gun-Large-photo.jpg\" class=\"attachment-large size-large wp-image-452\" alt=\"hospitality projects The gun Large photo\" srcset=\"https:\/\/hospitality-projects.com\/es\/wp-content\/uploads\/sites\/3\/2023\/06\/hospitality-projects-The-gun-Large-photo.jpg 1000w, https:\/\/hospitality-projects.com\/es\/wp-content\/uploads\/sites\/3\/2023\/06\/hospitality-projects-The-gun-Large-photo-300x169.jpg 300w, https:\/\/hospitality-projects.com\/es\/wp-content\/uploads\/sites\/3\/2023\/06\/hospitality-projects-The-gun-Large-photo-768x432.jpg 768w\" sizes=\"auto, (max-width: 800px) 100vw, 800px\" loading=\"eager\" \/>\t\t\t\t\t\t\t\t\t\t\t\t\t\t\t<\/div>\n\t\t\t\t<\/div>\n\t\t\t\t<\/div>\n\t\t\t\t\t<\/div>\n\t\t\t\t<\/div>\n\t\t<div class=\"elementor-element elementor-element-fc703b0 e-con-full e-flex e-con e-parent\" data-id=\"fc703b0\" data-element_type=\"container\" data-e-type=\"container\">\n\t\t<div class=\"elementor-element elementor-element-0030a1f e-con-full e-flex e-con e-child\" data-id=\"0030a1f\" data-element_type=\"container\" data-e-type=\"container\" data-settings=\"{&quot;background_background&quot;:&quot;classic&quot;}\">\n\t\t<div class=\"elementor-element elementor-element-ece99c2 e-con-full e-flex e-con e-child\" data-id=\"ece99c2\" data-element_type=\"container\" data-e-type=\"container\">\n\t\t\t\t<div class=\"elementor-element elementor-element-055f97d elementor-widget elementor-widget-image\" data-id=\"055f97d\" data-element_type=\"widget\" data-e-type=\"widget\" data-widget_type=\"image.default\">\n\t\t\t\t<div class=\"elementor-widget-container\">\n\t\t\t\t\t\t\t\t\t\t\t\t\t\t\t<img loading=\"lazy\" decoding=\"async\" loading=\"lazy\" width=\"800\" height=\"387\" src=\"https:\/\/hospitality-projects.com\/es\/wp-content\/uploads\/sites\/3\/2023\/06\/Soho-House-project-Main-photo-1024x495.jpg\" class=\"attachment-large size-large wp-image-262\" alt=\"Soho House project Main photo\" srcset=\"https:\/\/hospitality-projects.com\/es\/wp-content\/uploads\/sites\/3\/2023\/06\/Soho-House-project-Main-photo-1024x495.jpg 1024w, https:\/\/hospitality-projects.com\/es\/wp-content\/uploads\/sites\/3\/2023\/06\/Soho-House-project-Main-photo-300x145.jpg 300w, https:\/\/hospitality-projects.com\/es\/wp-content\/uploads\/sites\/3\/2023\/06\/Soho-House-project-Main-photo-768x371.jpg 768w, https:\/\/hospitality-projects.com\/es\/wp-content\/uploads\/sites\/3\/2023\/06\/Soho-House-project-Main-photo.jpg 1400w\" sizes=\"auto, (max-width: 800px) 100vw, 800px\" loading=\"eager\" \/>\t\t\t\t\t\t\t\t\t\t\t\t\t\t\t<\/div>\n\t\t\t\t<\/div>\n\t\t\t\t<\/div>\n\t\t<div class=\"elementor-element elementor-element-551ee37 e-con-full e-flex e-con e-child\" data-id=\"551ee37\" data-element_type=\"container\" data-e-type=\"container\">\n\t\t\t\t<div class=\"elementor-element elementor-element-d98de71 elementor-widget elementor-widget-heading\" data-id=\"d98de71\" data-element_type=\"widget\" data-e-type=\"widget\" data-widget_type=\"heading.default\">\n\t\t\t\t<div class=\"elementor-widget-container\">\n\t\t\t\t\t<h2 class=\"elementor-heading-title elementor-size-default\">PROYECTO DESTACADO<\/h2>\t\t\t\t<\/div>\n\t\t\t\t<\/div>\n\t\t<div class=\"elementor-element elementor-element-b8cd5c6 e-flex e-con-boxed e-con e-child\" data-id=\"b8cd5c6\" data-element_type=\"container\" data-e-type=\"container\">\n\t\t\t\t\t<div class=\"e-con-inner\">\n\t\t\t\t<div class=\"elementor-element elementor-element-0fd378d elementor-widget elementor-widget-heading\" data-id=\"0fd378d\" data-element_type=\"widget\" data-e-type=\"widget\" data-widget_type=\"heading.default\">\n\t\t\t\t<div class=\"elementor-widget-container\">\n\t\t\t\t\t<h2 class=\"elementor-heading-title elementor-size-default\">Soho House, <br>Estocolmo<\/h2>\t\t\t\t<\/div>\n\t\t\t\t<\/div>\n\t\t\t\t<div class=\"elementor-element elementor-element-2696732 elementor-widget elementor-widget-text-editor\" data-id=\"2696732\" data-element_type=\"widget\" data-e-type=\"widget\" data-widget_type=\"text-editor.default\">\n\t\t\t\t<div class=\"elementor-widget-container\">\n\t\t\t\t\t\t\t\t\t<p>Dise\u00f1ado por Soho Home, este proyecto cont\u00f3 con m\u00e1s de 200 muebles \u00fanicos, fabricados por Hospitality Projects, que inclu\u00edan sof\u00e1s, sillas, mesas de comedor y taburetes para banquetes.<\/p>\t\t\t\t\t\t\t\t<\/div>\n\t\t\t\t<\/div>\n\t\t\t\t<div class=\"elementor-element elementor-element-8b59bb4 elementor-align-justify elementor-widget elementor-widget-button\" data-id=\"8b59bb4\" data-element_type=\"widget\" data-e-type=\"widget\" data-widget_type=\"button.default\">\n\t\t\t\t<div class=\"elementor-widget-container\">\n\t\t\t\t\t\t\t\t\t<div class=\"elementor-button-wrapper\">\n\t\t\t\t\t<a class=\"elementor-button elementor-button-link elementor-size-sm\" href=\"https:\/\/hospitality-projects.com\/es\/proyectos\/soho-house\/\">\n\t\t\t\t\t\t<span class=\"elementor-button-content-wrapper\">\n\t\t\t\t\t\t<span class=\"elementor-button-icon\">\n\t\t\t\t<i aria-hidden=\"true\" class=\"fas fa-chevron-right\"><\/i>\t\t\t<\/span>\n\t\t\t\t\t\t\t\t\t<span class=\"elementor-button-text\">visita la iglesia restaurada<\/span>\n\t\t\t\t\t<\/span>\n\t\t\t\t\t<\/a>\n\t\t\t\t<\/div>\n\t\t\t\t\t\t\t\t<\/div>\n\t\t\t\t<\/div>\n\t\t\t\t\t<\/div>\n\t\t\t\t<\/div>\n\t\t\t\t<\/div>\n\t\t\t\t<\/div>\n\t\t\t\t<\/div>\n\t\t\t\t<\/div>\n\t\t","protected":false},"excerpt":{"rendered":"<p>the gun A un paso del emblem\u00e1tico mercado de Spitalfields y cerca del ajetreo y el bullicio del moderno Shoreditch, The Gun es un bar y restaurante vibrante y animado, con elegantes interiores, sabrosa comida y frecuentes apariciones de los mejores DJ de la ciudad. Fabricamos m\u00e1s de 150 muebles y asientos a medida para [&hellip;]<\/p>\n","protected":false},"author":2,"featured_media":1460,"parent":156,"menu_order":0,"comment_status":"closed","ping_status":"closed","template":"","meta":{"_acf_changed":false,"footnotes":""},"project_category":[8,11],"class_list":["post-352","page","type-page","status-publish","has-post-thumbnail","hentry","project_category-all-projects","project_category-completed"],"acf":[],"_links":{"self":[{"href":"https:\/\/hospitality-projects.com\/es\/wp-json\/wp\/v2\/pages\/352","targetHints":{"allow":["GET"]}}],"collection":[{"href":"https:\/\/hospitality-projects.com\/es\/wp-json\/wp\/v2\/pages"}],"about":[{"href":"https:\/\/hospitality-projects.com\/es\/wp-json\/wp\/v2\/types\/page"}],"author":[{"embeddable":true,"href":"https:\/\/hospitality-projects.com\/es\/wp-json\/wp\/v2\/users\/2"}],"replies":[{"embeddable":true,"href":"https:\/\/hospitality-projects.com\/es\/wp-json\/wp\/v2\/comments?post=352"}],"version-history":[{"count":8,"href":"https:\/\/hospitality-projects.com\/es\/wp-json\/wp\/v2\/pages\/352\/revisions"}],"predecessor-version":[{"id":3316,"href":"https:\/\/hospitality-projects.com\/es\/wp-json\/wp\/v2\/pages\/352\/revisions\/3316"}],"up":[{"embeddable":true,"href":"https:\/\/hospitality-projects.com\/es\/wp-json\/wp\/v2\/pages\/156"}],"wp:featuredmedia":[{"embeddable":true,"href":"https:\/\/hospitality-projects.com\/es\/wp-json\/wp\/v2\/media\/1460"}],"wp:attachment":[{"href":"https:\/\/hospitality-projects.com\/es\/wp-json\/wp\/v2\/media?parent=352"}],"wp:term":[{"taxonomy":"project_category","embeddable":true,"href":"https:\/\/hospitality-projects.com\/es\/wp-json\/wp\/v2\/project_category?post=352"}],"curies":[{"name":"wp","href":"https:\/\/api.w.org\/{rel}","templated":true}]}}