{"id":374,"date":"2023-06-22T20:04:39","date_gmt":"2023-06-22T20:04:39","guid":{"rendered":"https:\/\/hospitality-projects.com\/es\/?page_id=374"},"modified":"2024-01-22T11:27:13","modified_gmt":"2024-01-22T11:27:13","slug":"gudees-restaurant","status":"publish","type":"page","link":"https:\/\/hospitality-projects.com\/es\/proyectos\/gudees-restaurant\/","title":{"rendered":"Gudees Restaurant"},"content":{"rendered":"\t\t<div data-elementor-type=\"wp-page\" data-elementor-id=\"374\" class=\"elementor elementor-374\" data-elementor-post-type=\"page\">\n\t\t\t\t<div class=\"elementor-element elementor-element-7984741 e-flex e-con-boxed e-con e-parent\" data-id=\"7984741\" data-element_type=\"container\" data-e-type=\"container\" data-settings=\"{&quot;background_background&quot;:&quot;classic&quot;}\">\n\t\t\t\t\t<div class=\"e-con-inner\">\n\t\t\t\t\t<\/div>\n\t\t\t\t<\/div>\n\t\t<div class=\"elementor-element elementor-element-9c6ca15 e-flex e-con-boxed e-con e-parent\" data-id=\"9c6ca15\" data-element_type=\"container\" data-e-type=\"container\">\n\t\t\t\t\t<div class=\"e-con-inner\">\n\t\t<div class=\"elementor-element elementor-element-9c02da9 e-con-full e-flex e-con e-child\" data-id=\"9c02da9\" data-element_type=\"container\" data-e-type=\"container\">\n\t\t\t\t<div class=\"elementor-element elementor-element-05fd4a0 elementor-widget__width-inherit elementor-widget elementor-widget-heading\" data-id=\"05fd4a0\" data-element_type=\"widget\" data-e-type=\"widget\" data-widget_type=\"heading.default\">\n\t\t\t\t<div class=\"elementor-widget-container\">\n\t\t\t\t\t<h1 class=\"elementor-heading-title elementor-size-default\">GUDEES RESTAURANT<\/h1>\t\t\t\t<\/div>\n\t\t\t\t<\/div>\n\t\t\t\t<div class=\"elementor-element elementor-element-2372a57 elementor-widget elementor-widget-text-editor\" data-id=\"2372a57\" data-element_type=\"widget\" data-e-type=\"widget\" data-widget_type=\"text-editor.default\">\n\t\t\t\t<div class=\"elementor-widget-container\">\n\t\t\t\t\t\t\t\t\t<p>El restaurante Gudees es un popular destino gastron\u00f3mico en la bulliciosa Dubai. El restaurante ofrece una experiencia gastron\u00f3mica \u00fanica que combina la cocina tradicional emirat\u00ed con toques contempor\u00e1neos e influencias de todo el mundo. El interior del <a href=\"https:\/\/hospitality-projects.com\/es\/restaurant-furniture\/\">restaurante<\/a> es moderno y elegante, con ventanales que ofrecen impresionantes vistas del horizonte de Dubai.<\/p>\t\t\t\t\t\t\t\t<\/div>\n\t\t\t\t<\/div>\n\t\t\t\t<div class=\"elementor-element elementor-element-2faa6c1 elementor-widget elementor-widget-image\" data-id=\"2faa6c1\" data-element_type=\"widget\" data-e-type=\"widget\" data-widget_type=\"image.default\">\n\t\t\t\t<div class=\"elementor-widget-container\">\n\t\t\t\t\t\t\t\t\t\t\t\t\t\t\t<img loading=\"lazy\" decoding=\"async\" loading=\"lazy\" width=\"800\" height=\"800\" src=\"https:\/\/hospitality-projects.com\/es\/wp-content\/uploads\/sites\/3\/2023\/07\/Gudee-pizza-hospitality-projects-lower-square-photo.jpg\" class=\"attachment-large size-large wp-image-1866\" alt=\"Gudee pizza hospitality projects lower square photo\" srcset=\"https:\/\/hospitality-projects.com\/es\/wp-content\/uploads\/sites\/3\/2023\/07\/Gudee-pizza-hospitality-projects-lower-square-photo.jpg 900w, https:\/\/hospitality-projects.com\/es\/wp-content\/uploads\/sites\/3\/2023\/07\/Gudee-pizza-hospitality-projects-lower-square-photo-300x300.jpg 300w, https:\/\/hospitality-projects.com\/es\/wp-content\/uploads\/sites\/3\/2023\/07\/Gudee-pizza-hospitality-projects-lower-square-photo-150x150.jpg 150w, https:\/\/hospitality-projects.com\/es\/wp-content\/uploads\/sites\/3\/2023\/07\/Gudee-pizza-hospitality-projects-lower-square-photo-768x768.jpg 768w\" sizes=\"auto, (max-width: 800px) 100vw, 800px\" loading=\"eager\" \/>\t\t\t\t\t\t\t\t\t\t\t\t\t\t\t<\/div>\n\t\t\t\t<\/div>\n\t\t\t\t<\/div>\n\t\t<div class=\"elementor-element elementor-element-ca95eb8 e-con-full e-flex e-con e-child\" data-id=\"ca95eb8\" data-element_type=\"container\" data-e-type=\"container\">\n\t\t\t\t<div class=\"elementor-element elementor-element-e269b00 elementor-widget elementor-widget-image\" data-id=\"e269b00\" data-element_type=\"widget\" data-e-type=\"widget\" data-widget_type=\"image.default\">\n\t\t\t\t<div class=\"elementor-widget-container\">\n\t\t\t\t\t\t\t\t\t\t\t\t\t\t\t<img loading=\"lazy\" decoding=\"async\" loading=\"lazy\" width=\"800\" height=\"800\" src=\"https:\/\/hospitality-projects.com\/es\/wp-content\/uploads\/sites\/3\/2023\/07\/Gudee-pizza-hospitality-projects-top-square-photo.jpg\" class=\"attachment-large size-large wp-image-1868\" alt=\"Gudee pizza hospitality projects top square photo\" srcset=\"https:\/\/hospitality-projects.com\/es\/wp-content\/uploads\/sites\/3\/2023\/07\/Gudee-pizza-hospitality-projects-top-square-photo.jpg 900w, https:\/\/hospitality-projects.com\/es\/wp-content\/uploads\/sites\/3\/2023\/07\/Gudee-pizza-hospitality-projects-top-square-photo-300x300.jpg 300w, https:\/\/hospitality-projects.com\/es\/wp-content\/uploads\/sites\/3\/2023\/07\/Gudee-pizza-hospitality-projects-top-square-photo-150x150.jpg 150w, https:\/\/hospitality-projects.com\/es\/wp-content\/uploads\/sites\/3\/2023\/07\/Gudee-pizza-hospitality-projects-top-square-photo-768x768.jpg 768w\" sizes=\"auto, (max-width: 800px) 100vw, 800px\" loading=\"eager\" \/>\t\t\t\t\t\t\t\t\t\t\t\t\t\t\t<\/div>\n\t\t\t\t<\/div>\n\t\t\t\t<div class=\"elementor-element elementor-element-8388e95 elementor-widget elementor-widget-text-editor\" data-id=\"8388e95\" data-element_type=\"widget\" data-e-type=\"widget\" data-widget_type=\"text-editor.default\">\n\t\t\t\t<div class=\"elementor-widget-container\">\n\t\t\t\t\t\t\t\t\t<p>Para su apertura en 2019, trabajamos con los propietarios del restaurante para <a href=\"https:\/\/hospitality-projects.com\/es\/diseno\/\">dise\u00f1ar<\/a> y <a href=\"https:\/\/hospitality-projects.com\/es\/fabricacion\/\">fabricar<\/a> muebles a <a href=\"https:\/\/hospitality-projects.com\/es\/bespoke-furniture\/\">medida<\/a> para el restaurante en DIFC Dubai. Estamos fabricando un conjunto de sillas y mesas de comedor para el restaurante, produciendo 120 piezas de mobiliario a medida en total. El restaurante tiene una paleta de colores clara y confiada, que se expresa en brillantes salpicaduras de color por todo el local. Las sillas son de piel de becerro ligeramente te\u00f1ida de cal y estructura de fresno te\u00f1ido de negro oscuro, mientras que las mesas tambi\u00e9n presentan este fresno te\u00f1ido y est\u00e1n revestidas de m\u00e1rmol Verde Luna para reforzar la sensaci\u00f3n de lujo del lugar.<\/p>\t\t\t\t\t\t\t\t<\/div>\n\t\t\t\t<\/div>\n\t\t\t\t<\/div>\n\t\t\t\t\t<\/div>\n\t\t\t\t<\/div>\n\t\t<div class=\"elementor-element elementor-element-fb077b3 e-flex e-con-boxed e-con e-parent\" data-id=\"fb077b3\" data-element_type=\"container\" data-e-type=\"container\">\n\t\t\t\t\t<div class=\"e-con-inner\">\n\t\t<div class=\"elementor-element elementor-element-859aad3 e-con-full e-flex e-con e-child\" data-id=\"859aad3\" data-element_type=\"container\" data-e-type=\"container\">\n\t\t\t\t<div class=\"elementor-element elementor-element-7a6b1c0 elementor-widget elementor-widget-image\" data-id=\"7a6b1c0\" data-element_type=\"widget\" data-e-type=\"widget\" data-widget_type=\"image.default\">\n\t\t\t\t<div class=\"elementor-widget-container\">\n\t\t\t\t\t\t\t\t\t\t\t\t\t\t\t<img loading=\"lazy\" decoding=\"async\" loading=\"lazy\" width=\"1400\" height=\"1200\" src=\"https:\/\/hospitality-projects.com\/es\/wp-content\/uploads\/sites\/3\/2023\/07\/Gudee-pizza-hospitality-projects-Large-photo.jpg\" class=\"attachment-full size-full wp-image-1865\" alt=\"Gudee pizza hospitality projects Large photo\" srcset=\"https:\/\/hospitality-projects.com\/es\/wp-content\/uploads\/sites\/3\/2023\/07\/Gudee-pizza-hospitality-projects-Large-photo.jpg 1400w, https:\/\/hospitality-projects.com\/es\/wp-content\/uploads\/sites\/3\/2023\/07\/Gudee-pizza-hospitality-projects-Large-photo-300x257.jpg 300w, https:\/\/hospitality-projects.com\/es\/wp-content\/uploads\/sites\/3\/2023\/07\/Gudee-pizza-hospitality-projects-Large-photo-1024x878.jpg 1024w, https:\/\/hospitality-projects.com\/es\/wp-content\/uploads\/sites\/3\/2023\/07\/Gudee-pizza-hospitality-projects-Large-photo-768x658.jpg 768w\" sizes=\"auto, (max-width: 1400px) 100vw, 1400px\" loading=\"eager\" \/>\t\t\t\t\t\t\t\t\t\t\t\t\t\t\t<\/div>\n\t\t\t\t<\/div>\n\t\t\t\t<\/div>\n\t\t\t\t\t<\/div>\n\t\t\t\t<\/div>\n\t\t\t\t<\/div>\n\t\t","protected":false},"excerpt":{"rendered":"<p>GUDEES RESTAURANT El restaurante Gudees es un popular destino gastron\u00f3mico en la bulliciosa Dubai. El restaurante ofrece una experiencia gastron\u00f3mica \u00fanica que combina la cocina tradicional emirat\u00ed con toques contempor\u00e1neos e influencias de todo el mundo. El interior del restaurante es moderno y elegante, con ventanales que ofrecen impresionantes vistas del horizonte de Dubai. Para [&hellip;]<\/p>\n","protected":false},"author":2,"featured_media":1444,"parent":156,"menu_order":0,"comment_status":"closed","ping_status":"closed","template":"","meta":{"_acf_changed":false,"footnotes":""},"project_category":[8,11],"class_list":["post-374","page","type-page","status-publish","has-post-thumbnail","hentry","project_category-all-projects","project_category-completed"],"acf":[],"_links":{"self":[{"href":"https:\/\/hospitality-projects.com\/es\/wp-json\/wp\/v2\/pages\/374","targetHints":{"allow":["GET"]}}],"collection":[{"href":"https:\/\/hospitality-projects.com\/es\/wp-json\/wp\/v2\/pages"}],"about":[{"href":"https:\/\/hospitality-projects.com\/es\/wp-json\/wp\/v2\/types\/page"}],"author":[{"embeddable":true,"href":"https:\/\/hospitality-projects.com\/es\/wp-json\/wp\/v2\/users\/2"}],"replies":[{"embeddable":true,"href":"https:\/\/hospitality-projects.com\/es\/wp-json\/wp\/v2\/comments?post=374"}],"version-history":[{"count":8,"href":"https:\/\/hospitality-projects.com\/es\/wp-json\/wp\/v2\/pages\/374\/revisions"}],"predecessor-version":[{"id":3363,"href":"https:\/\/hospitality-projects.com\/es\/wp-json\/wp\/v2\/pages\/374\/revisions\/3363"}],"up":[{"embeddable":true,"href":"https:\/\/hospitality-projects.com\/es\/wp-json\/wp\/v2\/pages\/156"}],"wp:featuredmedia":[{"embeddable":true,"href":"https:\/\/hospitality-projects.com\/es\/wp-json\/wp\/v2\/media\/1444"}],"wp:attachment":[{"href":"https:\/\/hospitality-projects.com\/es\/wp-json\/wp\/v2\/media?parent=374"}],"wp:term":[{"taxonomy":"project_category","embeddable":true,"href":"https:\/\/hospitality-projects.com\/es\/wp-json\/wp\/v2\/project_category?post=374"}],"curies":[{"name":"wp","href":"https:\/\/api.w.org\/{rel}","templated":true}]}}