{"id":375,"date":"2023-06-22T20:05:00","date_gmt":"2023-06-22T20:05:00","guid":{"rendered":"https:\/\/hospitality-projects.com\/es\/?page_id=375"},"modified":"2024-01-22T11:31:49","modified_gmt":"2024-01-22T11:31:49","slug":"novotel-hotel","status":"publish","type":"page","link":"https:\/\/hospitality-projects.com\/es\/proyectos\/novotel-hotel\/","title":{"rendered":"Novotel Hotel"},"content":{"rendered":"\t\t<div data-elementor-type=\"wp-page\" data-elementor-id=\"375\" class=\"elementor elementor-375\" data-elementor-post-type=\"page\">\n\t\t\t\t<div class=\"elementor-element elementor-element-b53be60 e-flex e-con-boxed e-con e-parent\" data-id=\"b53be60\" data-element_type=\"container\" data-e-type=\"container\" data-settings=\"{&quot;background_background&quot;:&quot;classic&quot;}\">\n\t\t\t\t\t<div class=\"e-con-inner\">\n\t\t\t\t\t<\/div>\n\t\t\t\t<\/div>\n\t\t<div class=\"elementor-element elementor-element-65a6033 e-flex e-con-boxed e-con e-parent\" data-id=\"65a6033\" data-element_type=\"container\" data-e-type=\"container\">\n\t\t\t\t\t<div class=\"e-con-inner\">\n\t\t<div class=\"elementor-element elementor-element-cd1e57b e-con-full e-flex e-con e-child\" data-id=\"cd1e57b\" data-element_type=\"container\" data-e-type=\"container\">\n\t\t\t\t<div class=\"elementor-element elementor-element-3852f52 elementor-widget__width-inherit elementor-widget elementor-widget-heading\" data-id=\"3852f52\" data-element_type=\"widget\" data-e-type=\"widget\" data-widget_type=\"heading.default\">\n\t\t\t\t<div class=\"elementor-widget-container\">\n\t\t\t\t\t<h1 class=\"elementor-heading-title elementor-size-default\">NOVOTEL HOTEL<\/h1>\t\t\t\t<\/div>\n\t\t\t\t<\/div>\n\t\t\t\t<div class=\"elementor-element elementor-element-b445228 elementor-widget elementor-widget-text-editor\" data-id=\"b445228\" data-element_type=\"widget\" data-e-type=\"widget\" data-widget_type=\"text-editor.default\">\n\t\t\t\t<div class=\"elementor-widget-container\">\n\t\t\t\t\t\t\t\t\t<p>Hospitality Projects cre\u00f3 muebles a <a href=\"https:\/\/hospitality-projects.com\/es\/hotel-furniture\/\">medida para las habitaciones<\/a> del nuevo <a href=\"https:\/\/novotel.accor.com\/gb\/country\/hotels-united-kingdom-pgb.shtml\" target=\"_blank\" rel=\"noopener\">Novotel<\/a> de Charleroi (B\u00e9lgica), del grupo Accor Hotels, en 2017. El dise\u00f1o interior del hotel es contempor\u00e1neo y minimalista, con una paleta de colores de tonos neutros como el blanco, el beige y el gris que crean un ambiente tranquilo y sereno.<\/p>\t\t\t\t\t\t\t\t<\/div>\n\t\t\t\t<\/div>\n\t\t\t\t<div class=\"elementor-element elementor-element-7fe45be elementor-widget elementor-widget-image\" data-id=\"7fe45be\" data-element_type=\"widget\" data-e-type=\"widget\" data-widget_type=\"image.default\">\n\t\t\t\t<div class=\"elementor-widget-container\">\n\t\t\t\t\t\t\t\t\t\t\t\t\t\t\t<img loading=\"lazy\" decoding=\"async\" loading=\"lazy\" width=\"800\" height=\"800\" src=\"https:\/\/hospitality-projects.com\/es\/wp-content\/uploads\/sites\/3\/2023\/06\/hospitality-projects-novotel-hotel-lower-square-photo.jpg\" class=\"attachment-large size-large wp-image-689\" alt=\"hospitality projects novotel hotel lower square photo\" srcset=\"https:\/\/hospitality-projects.com\/es\/wp-content\/uploads\/sites\/3\/2023\/06\/hospitality-projects-novotel-hotel-lower-square-photo.jpg 800w, https:\/\/hospitality-projects.com\/es\/wp-content\/uploads\/sites\/3\/2023\/06\/hospitality-projects-novotel-hotel-lower-square-photo-300x300.jpg 300w, https:\/\/hospitality-projects.com\/es\/wp-content\/uploads\/sites\/3\/2023\/06\/hospitality-projects-novotel-hotel-lower-square-photo-150x150.jpg 150w, https:\/\/hospitality-projects.com\/es\/wp-content\/uploads\/sites\/3\/2023\/06\/hospitality-projects-novotel-hotel-lower-square-photo-768x768.jpg 768w\" sizes=\"auto, (max-width: 800px) 100vw, 800px\" loading=\"eager\" \/>\t\t\t\t\t\t\t\t\t\t\t\t\t\t\t<\/div>\n\t\t\t\t<\/div>\n\t\t\t\t<\/div>\n\t\t<div class=\"elementor-element elementor-element-1cfc8da e-con-full e-flex e-con e-child\" data-id=\"1cfc8da\" data-element_type=\"container\" data-e-type=\"container\">\n\t\t\t\t<div class=\"elementor-element elementor-element-a995dd9 elementor-widget elementor-widget-image\" data-id=\"a995dd9\" data-element_type=\"widget\" data-e-type=\"widget\" data-widget_type=\"image.default\">\n\t\t\t\t<div class=\"elementor-widget-container\">\n\t\t\t\t\t\t\t\t\t\t\t\t\t\t\t<img loading=\"lazy\" decoding=\"async\" loading=\"lazy\" width=\"800\" height=\"800\" src=\"https:\/\/hospitality-projects.com\/es\/wp-content\/uploads\/sites\/3\/2023\/06\/hospitality-projects-novotel-hotel-top-square-photo.jpg\" class=\"attachment-large size-large wp-image-692\" alt=\"hospitality projects novotel hotel top square photo\" srcset=\"https:\/\/hospitality-projects.com\/es\/wp-content\/uploads\/sites\/3\/2023\/06\/hospitality-projects-novotel-hotel-top-square-photo.jpg 800w, https:\/\/hospitality-projects.com\/es\/wp-content\/uploads\/sites\/3\/2023\/06\/hospitality-projects-novotel-hotel-top-square-photo-300x300.jpg 300w, https:\/\/hospitality-projects.com\/es\/wp-content\/uploads\/sites\/3\/2023\/06\/hospitality-projects-novotel-hotel-top-square-photo-150x150.jpg 150w, https:\/\/hospitality-projects.com\/es\/wp-content\/uploads\/sites\/3\/2023\/06\/hospitality-projects-novotel-hotel-top-square-photo-768x768.jpg 768w\" sizes=\"auto, (max-width: 800px) 100vw, 800px\" loading=\"eager\" \/>\t\t\t\t\t\t\t\t\t\t\t\t\t\t\t<\/div>\n\t\t\t\t<\/div>\n\t\t\t\t<div class=\"elementor-element elementor-element-3f2f731 elementor-widget elementor-widget-text-editor\" data-id=\"3f2f731\" data-element_type=\"widget\" data-e-type=\"widget\" data-widget_type=\"text-editor.default\">\n\t\t\t\t<div class=\"elementor-widget-container\">\n\t\t\t\t\t\t\t\t\t<p>Las habitaciones deb\u00edan ser neutras para la gama de hu\u00e9spedes que viajar\u00edan, pero se incluyeron elementos llamativos en forma de cojines de colores para animarlas. Los colores met\u00e1licos tienen un gran protagonismo, ya que son elegantes y combinan bien con el tejido marr\u00f3n gris\u00e1ceo de la colecci\u00f3n Lizzo Club, utilizado para la mayor parte de la tapicer\u00eda.<\/p>\t\t\t\t\t\t\t\t<\/div>\n\t\t\t\t<\/div>\n\t\t\t\t<\/div>\n\t\t\t\t\t<\/div>\n\t\t\t\t<\/div>\n\t\t<div class=\"elementor-element elementor-element-64a5835 e-flex e-con-boxed e-con e-parent\" data-id=\"64a5835\" data-element_type=\"container\" data-e-type=\"container\">\n\t\t\t\t\t<div class=\"e-con-inner\">\n\t\t<div class=\"elementor-element elementor-element-37dbe77 e-con-full e-flex e-con e-child\" data-id=\"37dbe77\" data-element_type=\"container\" data-e-type=\"container\">\n\t\t\t\t<div class=\"elementor-element elementor-element-82aaeba elementor-widget elementor-widget-image\" data-id=\"82aaeba\" data-element_type=\"widget\" data-e-type=\"widget\" data-widget_type=\"image.default\">\n\t\t\t\t<div class=\"elementor-widget-container\">\n\t\t\t\t\t\t\t\t\t\t\t\t\t\t\t<img loading=\"lazy\" decoding=\"async\" loading=\"lazy\" width=\"800\" height=\"600\" src=\"https:\/\/hospitality-projects.com\/es\/wp-content\/uploads\/sites\/3\/2023\/06\/hospitality-projects-novotel-hotel-large-photo.jpg\" class=\"attachment-large size-large wp-image-688\" alt=\"hospitality projects novotel hotel large photo\" srcset=\"https:\/\/hospitality-projects.com\/es\/wp-content\/uploads\/sites\/3\/2023\/06\/hospitality-projects-novotel-hotel-large-photo.jpg 1000w, https:\/\/hospitality-projects.com\/es\/wp-content\/uploads\/sites\/3\/2023\/06\/hospitality-projects-novotel-hotel-large-photo-300x225.jpg 300w, https:\/\/hospitality-projects.com\/es\/wp-content\/uploads\/sites\/3\/2023\/06\/hospitality-projects-novotel-hotel-large-photo-768x576.jpg 768w\" sizes=\"auto, (max-width: 800px) 100vw, 800px\" loading=\"eager\" \/>\t\t\t\t\t\t\t\t\t\t\t\t\t\t\t<\/div>\n\t\t\t\t<\/div>\n\t\t\t\t<\/div>\n\t\t\t\t\t<\/div>\n\t\t\t\t<\/div>\n\t\t<div class=\"elementor-element elementor-element-964b6be e-flex e-con-boxed e-con e-parent\" data-id=\"964b6be\" data-element_type=\"container\" data-e-type=\"container\">\n\t\t\t\t\t<div class=\"e-con-inner\">\n\t\t<div class=\"elementor-element elementor-element-db36c9c e-con-full e-flex e-con e-child\" data-id=\"db36c9c\" data-element_type=\"container\" data-e-type=\"container\">\n\t\t\t\t<div class=\"elementor-element elementor-element-ffd0f02 elementor-widget elementor-widget-image\" data-id=\"ffd0f02\" data-element_type=\"widget\" data-e-type=\"widget\" data-widget_type=\"image.default\">\n\t\t\t\t<div class=\"elementor-widget-container\">\n\t\t\t\t\t\t\t\t\t\t\t\t\t\t\t<img loading=\"lazy\" decoding=\"async\" loading=\"lazy\" width=\"600\" height=\"782\" src=\"https:\/\/hospitality-projects.com\/es\/wp-content\/uploads\/sites\/3\/2023\/06\/hospitality-projects-novotel-hotel-portrait-photo.jpg\" class=\"attachment-large size-large wp-image-691\" alt=\"hospitality projects novotel hotel portrait photo\" srcset=\"https:\/\/hospitality-projects.com\/es\/wp-content\/uploads\/sites\/3\/2023\/06\/hospitality-projects-novotel-hotel-portrait-photo.jpg 600w, https:\/\/hospitality-projects.com\/es\/wp-content\/uploads\/sites\/3\/2023\/06\/hospitality-projects-novotel-hotel-portrait-photo-230x300.jpg 230w\" sizes=\"auto, (max-width: 600px) 100vw, 600px\" loading=\"eager\" \/>\t\t\t\t\t\t\t\t\t\t\t\t\t\t\t<\/div>\n\t\t\t\t<\/div>\n\t\t\t\t<\/div>\n\t\t<div class=\"elementor-element elementor-element-6491735 e-con-full e-flex e-con e-child\" data-id=\"6491735\" data-element_type=\"container\" data-e-type=\"container\">\n\t\t\t\t<div class=\"elementor-element elementor-element-777d39d elementor-widget elementor-widget-image\" data-id=\"777d39d\" data-element_type=\"widget\" data-e-type=\"widget\" data-widget_type=\"image.default\">\n\t\t\t\t<div class=\"elementor-widget-container\">\n\t\t\t\t\t\t\t\t\t\t\t\t\t\t\t<img loading=\"lazy\" decoding=\"async\" loading=\"lazy\" width=\"800\" height=\"600\" src=\"https:\/\/hospitality-projects.com\/es\/wp-content\/uploads\/sites\/3\/2023\/06\/hospitality-projects-novotel-hotel-landscape-photo.jpg\" class=\"attachment-large size-large wp-image-687\" alt=\"hospitality projects novotel hotel landscape photo\" srcset=\"https:\/\/hospitality-projects.com\/es\/wp-content\/uploads\/sites\/3\/2023\/06\/hospitality-projects-novotel-hotel-landscape-photo.jpg 1000w, https:\/\/hospitality-projects.com\/es\/wp-content\/uploads\/sites\/3\/2023\/06\/hospitality-projects-novotel-hotel-landscape-photo-300x225.jpg 300w, https:\/\/hospitality-projects.com\/es\/wp-content\/uploads\/sites\/3\/2023\/06\/hospitality-projects-novotel-hotel-landscape-photo-768x576.jpg 768w\" sizes=\"auto, (max-width: 800px) 100vw, 800px\" loading=\"eager\" \/>\t\t\t\t\t\t\t\t\t\t\t\t\t\t\t<\/div>\n\t\t\t\t<\/div>\n\t\t\t\t<\/div>\n\t\t\t\t\t<\/div>\n\t\t\t\t<\/div>\n\t\t\t\t<\/div>\n\t\t","protected":false},"excerpt":{"rendered":"<p>NOVOTEL HOTEL Hospitality Projects cre\u00f3 muebles a medida para las habitaciones del nuevo Novotel de Charleroi (B\u00e9lgica), del grupo Accor Hotels, en 2017. El dise\u00f1o interior del hotel es contempor\u00e1neo y minimalista, con una paleta de colores de tonos neutros como el blanco, el beige y el gris que crean un ambiente tranquilo y sereno. [&hellip;]<\/p>\n","protected":false},"author":2,"featured_media":1455,"parent":156,"menu_order":0,"comment_status":"closed","ping_status":"closed","template":"","meta":{"_acf_changed":false,"footnotes":""},"project_category":[8,11],"class_list":["post-375","page","type-page","status-publish","has-post-thumbnail","hentry","project_category-all-projects","project_category-completed"],"acf":[],"_links":{"self":[{"href":"https:\/\/hospitality-projects.com\/es\/wp-json\/wp\/v2\/pages\/375","targetHints":{"allow":["GET"]}}],"collection":[{"href":"https:\/\/hospitality-projects.com\/es\/wp-json\/wp\/v2\/pages"}],"about":[{"href":"https:\/\/hospitality-projects.com\/es\/wp-json\/wp\/v2\/types\/page"}],"author":[{"embeddable":true,"href":"https:\/\/hospitality-projects.com\/es\/wp-json\/wp\/v2\/users\/2"}],"replies":[{"embeddable":true,"href":"https:\/\/hospitality-projects.com\/es\/wp-json\/wp\/v2\/comments?post=375"}],"version-history":[{"count":8,"href":"https:\/\/hospitality-projects.com\/es\/wp-json\/wp\/v2\/pages\/375\/revisions"}],"predecessor-version":[{"id":3366,"href":"https:\/\/hospitality-projects.com\/es\/wp-json\/wp\/v2\/pages\/375\/revisions\/3366"}],"up":[{"embeddable":true,"href":"https:\/\/hospitality-projects.com\/es\/wp-json\/wp\/v2\/pages\/156"}],"wp:featuredmedia":[{"embeddable":true,"href":"https:\/\/hospitality-projects.com\/es\/wp-json\/wp\/v2\/media\/1455"}],"wp:attachment":[{"href":"https:\/\/hospitality-projects.com\/es\/wp-json\/wp\/v2\/media?parent=375"}],"wp:term":[{"taxonomy":"project_category","embeddable":true,"href":"https:\/\/hospitality-projects.com\/es\/wp-json\/wp\/v2\/project_category?post=375"}],"curies":[{"name":"wp","href":"https:\/\/api.w.org\/{rel}","templated":true}]}}