{"id":381,"date":"2023-06-22T20:05:59","date_gmt":"2023-06-22T20:05:59","guid":{"rendered":"https:\/\/hospitality-projects.com\/es\/?page_id=381"},"modified":"2024-01-22T11:30:41","modified_gmt":"2024-01-22T11:30:41","slug":"meraki-restaurant","status":"publish","type":"page","link":"https:\/\/hospitality-projects.com\/es\/proyectos\/meraki-restaurant\/","title":{"rendered":"Meraki Restaurant"},"content":{"rendered":"\t\t<div data-elementor-type=\"wp-page\" data-elementor-id=\"381\" class=\"elementor elementor-381\" data-elementor-post-type=\"page\">\n\t\t\t\t<div class=\"elementor-element elementor-element-575cae0 e-flex e-con-boxed e-con e-parent\" data-id=\"575cae0\" data-element_type=\"container\" data-e-type=\"container\" data-settings=\"{&quot;background_background&quot;:&quot;classic&quot;}\">\n\t\t\t\t\t<div class=\"e-con-inner\">\n\t\t\t\t\t<\/div>\n\t\t\t\t<\/div>\n\t\t<div class=\"elementor-element elementor-element-c9451ba e-flex e-con-boxed e-con e-parent\" data-id=\"c9451ba\" data-element_type=\"container\" data-e-type=\"container\">\n\t\t\t\t\t<div class=\"e-con-inner\">\n\t\t<div class=\"elementor-element elementor-element-1a782e3 e-con-full e-flex e-con e-child\" data-id=\"1a782e3\" data-element_type=\"container\" data-e-type=\"container\">\n\t\t\t\t<div class=\"elementor-element elementor-element-4cc00b3 elementor-widget__width-inherit elementor-widget elementor-widget-heading\" data-id=\"4cc00b3\" data-element_type=\"widget\" data-e-type=\"widget\" data-widget_type=\"heading.default\">\n\t\t\t\t<div class=\"elementor-widget-container\">\n\t\t\t\t\t<h1 class=\"elementor-heading-title elementor-size-default\">MERAKI RESTAURANT<\/h1>\t\t\t\t<\/div>\n\t\t\t\t<\/div>\n\t\t\t\t<div class=\"elementor-element elementor-element-2d1f64f elementor-widget elementor-widget-text-editor\" data-id=\"2d1f64f\" data-element_type=\"widget\" data-e-type=\"widget\" data-widget_type=\"text-editor.default\">\n\t\t\t\t<div class=\"elementor-widget-container\">\n\t\t\t\t\t\t\t\t\t<p><a href=\"https:\/\/meraki-restaurant.com\/\" target=\"_blank\" rel=\"noopener\">Meraki Restaurant Fitzrovia<\/a> es un elegante y moderno <a href=\"https:\/\/hospitality-projects.com\/es\/restaurant-furniture\/\">restaurante<\/a> griego en el coraz\u00f3n de Londres. El restaurante tiene un interior contempor\u00e1neo que combina elementos tradicionales con toques modernos, creando un ambiente c\u00e1lido y acogedor.<\/p>\t\t\t\t\t\t\t\t<\/div>\n\t\t\t\t<\/div>\n\t\t\t\t<div class=\"elementor-element elementor-element-f567852 elementor-widget elementor-widget-image\" data-id=\"f567852\" data-element_type=\"widget\" data-e-type=\"widget\" data-widget_type=\"image.default\">\n\t\t\t\t<div class=\"elementor-widget-container\">\n\t\t\t\t\t\t\t\t\t\t\t\t\t\t\t<img loading=\"lazy\" decoding=\"async\" loading=\"lazy\" width=\"800\" height=\"800\" src=\"https:\/\/hospitality-projects.com\/es\/wp-content\/uploads\/sites\/3\/2023\/06\/hospitality-projects-Meraki-fitzgrovia-lower-square-photo.jpg\" class=\"attachment-large size-large wp-image-680\" alt=\"hospitality projects Meraki fitzgrovia lower square photo\" srcset=\"https:\/\/hospitality-projects.com\/es\/wp-content\/uploads\/sites\/3\/2023\/06\/hospitality-projects-Meraki-fitzgrovia-lower-square-photo.jpg 800w, https:\/\/hospitality-projects.com\/es\/wp-content\/uploads\/sites\/3\/2023\/06\/hospitality-projects-Meraki-fitzgrovia-lower-square-photo-300x300.jpg 300w, https:\/\/hospitality-projects.com\/es\/wp-content\/uploads\/sites\/3\/2023\/06\/hospitality-projects-Meraki-fitzgrovia-lower-square-photo-150x150.jpg 150w, https:\/\/hospitality-projects.com\/es\/wp-content\/uploads\/sites\/3\/2023\/06\/hospitality-projects-Meraki-fitzgrovia-lower-square-photo-768x768.jpg 768w\" sizes=\"auto, (max-width: 800px) 100vw, 800px\" loading=\"eager\" \/>\t\t\t\t\t\t\t\t\t\t\t\t\t\t\t<\/div>\n\t\t\t\t<\/div>\n\t\t\t\t<\/div>\n\t\t<div class=\"elementor-element elementor-element-dc157a0 e-con-full e-flex e-con e-child\" data-id=\"dc157a0\" data-element_type=\"container\" data-e-type=\"container\">\n\t\t\t\t<div class=\"elementor-element elementor-element-4c2342c elementor-widget elementor-widget-image\" data-id=\"4c2342c\" data-element_type=\"widget\" data-e-type=\"widget\" data-widget_type=\"image.default\">\n\t\t\t\t<div class=\"elementor-widget-container\">\n\t\t\t\t\t\t\t\t\t\t\t\t\t\t\t<img loading=\"lazy\" decoding=\"async\" loading=\"lazy\" width=\"800\" height=\"800\" src=\"https:\/\/hospitality-projects.com\/es\/wp-content\/uploads\/sites\/3\/2023\/06\/hospitality-projects-Meraki-fitzgrovia-top-square-photo.jpg\" class=\"attachment-large size-large wp-image-682\" alt=\"hospitality projects Meraki fitzgrovia top square photo\" srcset=\"https:\/\/hospitality-projects.com\/es\/wp-content\/uploads\/sites\/3\/2023\/06\/hospitality-projects-Meraki-fitzgrovia-top-square-photo.jpg 800w, https:\/\/hospitality-projects.com\/es\/wp-content\/uploads\/sites\/3\/2023\/06\/hospitality-projects-Meraki-fitzgrovia-top-square-photo-300x300.jpg 300w, https:\/\/hospitality-projects.com\/es\/wp-content\/uploads\/sites\/3\/2023\/06\/hospitality-projects-Meraki-fitzgrovia-top-square-photo-150x150.jpg 150w, https:\/\/hospitality-projects.com\/es\/wp-content\/uploads\/sites\/3\/2023\/06\/hospitality-projects-Meraki-fitzgrovia-top-square-photo-768x768.jpg 768w\" sizes=\"auto, (max-width: 800px) 100vw, 800px\" loading=\"eager\" \/>\t\t\t\t\t\t\t\t\t\t\t\t\t\t\t<\/div>\n\t\t\t\t<\/div>\n\t\t\t\t<div class=\"elementor-element elementor-element-c9f874b elementor-widget elementor-widget-text-editor\" data-id=\"c9f874b\" data-element_type=\"widget\" data-e-type=\"widget\" data-widget_type=\"text-editor.default\">\n\t\t\t\t<div class=\"elementor-widget-container\">\n\t\t\t\t\t\t\t\t\t<p>El <a href=\"https:\/\/hospitality-projects.com\/es\/luxury-furniture\/\">mobiliario<\/a> del Meraki es una mezcla de estilos r\u00fastico y contempor\u00e1neo, con mesas y sillas de madera, banquetas de cuero afelpado y detalles de lat\u00f3n. La paleta de colores es esencialmente neutra, con tonos blancos, beige y madera clara, que crean una est\u00e9tica limpia y sofisticada.<\/p>\t\t\t\t\t\t\t\t<\/div>\n\t\t\t\t<\/div>\n\t\t\t\t<\/div>\n\t\t\t\t\t<\/div>\n\t\t\t\t<\/div>\n\t\t<div class=\"elementor-element elementor-element-5eec82f e-flex e-con-boxed e-con e-parent\" data-id=\"5eec82f\" data-element_type=\"container\" data-e-type=\"container\">\n\t\t\t\t\t<div class=\"e-con-inner\">\n\t\t<div class=\"elementor-element elementor-element-ed4d676 e-con-full e-flex e-con e-child\" data-id=\"ed4d676\" data-element_type=\"container\" data-e-type=\"container\">\n\t\t\t\t<div class=\"elementor-element elementor-element-aa5f083 elementor-widget elementor-widget-image\" data-id=\"aa5f083\" data-element_type=\"widget\" data-e-type=\"widget\" data-widget_type=\"image.default\">\n\t\t\t\t<div class=\"elementor-widget-container\">\n\t\t\t\t\t\t\t\t\t\t\t\t\t\t\t<img loading=\"lazy\" decoding=\"async\" loading=\"lazy\" width=\"800\" height=\"450\" src=\"https:\/\/hospitality-projects.com\/es\/wp-content\/uploads\/sites\/3\/2023\/06\/hospitality-projects-Meraki-fitzgrovia-large-photo.jpg\" class=\"attachment-large size-large wp-image-679\" alt=\"hospitality projects Meraki fitzgrovia large photo\" srcset=\"https:\/\/hospitality-projects.com\/es\/wp-content\/uploads\/sites\/3\/2023\/06\/hospitality-projects-Meraki-fitzgrovia-large-photo.jpg 1000w, https:\/\/hospitality-projects.com\/es\/wp-content\/uploads\/sites\/3\/2023\/06\/hospitality-projects-Meraki-fitzgrovia-large-photo-300x169.jpg 300w, https:\/\/hospitality-projects.com\/es\/wp-content\/uploads\/sites\/3\/2023\/06\/hospitality-projects-Meraki-fitzgrovia-large-photo-768x432.jpg 768w\" sizes=\"auto, (max-width: 800px) 100vw, 800px\" loading=\"eager\" \/>\t\t\t\t\t\t\t\t\t\t\t\t\t\t\t<\/div>\n\t\t\t\t<\/div>\n\t\t\t\t<div class=\"elementor-element elementor-element-09db1a0 elementor-widget elementor-widget-image\" data-id=\"09db1a0\" data-element_type=\"widget\" data-e-type=\"widget\" data-widget_type=\"image.default\">\n\t\t\t\t<div class=\"elementor-widget-container\">\n\t\t\t\t\t\t\t\t\t\t\t\t\t\t\t<img loading=\"lazy\" decoding=\"async\" loading=\"lazy\" width=\"800\" height=\"450\" src=\"https:\/\/hospitality-projects.com\/es\/wp-content\/uploads\/sites\/3\/2023\/06\/hospitality-projects-Meraki-fitzgrovia-large-photo-2.jpg\" class=\"attachment-large size-large wp-image-678\" alt=\"hospitality projects Meraki fitzgrovia large photo 2\" srcset=\"https:\/\/hospitality-projects.com\/es\/wp-content\/uploads\/sites\/3\/2023\/06\/hospitality-projects-Meraki-fitzgrovia-large-photo-2.jpg 1000w, https:\/\/hospitality-projects.com\/es\/wp-content\/uploads\/sites\/3\/2023\/06\/hospitality-projects-Meraki-fitzgrovia-large-photo-2-300x169.jpg 300w, https:\/\/hospitality-projects.com\/es\/wp-content\/uploads\/sites\/3\/2023\/06\/hospitality-projects-Meraki-fitzgrovia-large-photo-2-768x432.jpg 768w\" sizes=\"auto, (max-width: 800px) 100vw, 800px\" loading=\"eager\" \/>\t\t\t\t\t\t\t\t\t\t\t\t\t\t\t<\/div>\n\t\t\t\t<\/div>\n\t\t\t\t<\/div>\n\t\t\t\t\t<\/div>\n\t\t\t\t<\/div>\n\t\t\t\t<\/div>\n\t\t","protected":false},"excerpt":{"rendered":"<p>MERAKI RESTAURANT Meraki Restaurant Fitzrovia es un elegante y moderno restaurante griego en el coraz\u00f3n de Londres. El restaurante tiene un interior contempor\u00e1neo que combina elementos tradicionales con toques modernos, creando un ambiente c\u00e1lido y acogedor. El mobiliario del Meraki es una mezcla de estilos r\u00fastico y contempor\u00e1neo, con mesas y sillas de madera, banquetas [&hellip;]<\/p>\n","protected":false},"author":2,"featured_media":1452,"parent":156,"menu_order":0,"comment_status":"closed","ping_status":"closed","template":"","meta":{"_acf_changed":false,"footnotes":""},"project_category":[8,11],"class_list":["post-381","page","type-page","status-publish","has-post-thumbnail","hentry","project_category-all-projects","project_category-completed"],"acf":[],"_links":{"self":[{"href":"https:\/\/hospitality-projects.com\/es\/wp-json\/wp\/v2\/pages\/381","targetHints":{"allow":["GET"]}}],"collection":[{"href":"https:\/\/hospitality-projects.com\/es\/wp-json\/wp\/v2\/pages"}],"about":[{"href":"https:\/\/hospitality-projects.com\/es\/wp-json\/wp\/v2\/types\/page"}],"author":[{"embeddable":true,"href":"https:\/\/hospitality-projects.com\/es\/wp-json\/wp\/v2\/users\/2"}],"replies":[{"embeddable":true,"href":"https:\/\/hospitality-projects.com\/es\/wp-json\/wp\/v2\/comments?post=381"}],"version-history":[{"count":8,"href":"https:\/\/hospitality-projects.com\/es\/wp-json\/wp\/v2\/pages\/381\/revisions"}],"predecessor-version":[{"id":3375,"href":"https:\/\/hospitality-projects.com\/es\/wp-json\/wp\/v2\/pages\/381\/revisions\/3375"}],"up":[{"embeddable":true,"href":"https:\/\/hospitality-projects.com\/es\/wp-json\/wp\/v2\/pages\/156"}],"wp:featuredmedia":[{"embeddable":true,"href":"https:\/\/hospitality-projects.com\/es\/wp-json\/wp\/v2\/media\/1452"}],"wp:attachment":[{"href":"https:\/\/hospitality-projects.com\/es\/wp-json\/wp\/v2\/media?parent=381"}],"wp:term":[{"taxonomy":"project_category","embeddable":true,"href":"https:\/\/hospitality-projects.com\/es\/wp-json\/wp\/v2\/project_category?post=381"}],"curies":[{"name":"wp","href":"https:\/\/api.w.org\/{rel}","templated":true}]}}