{"id":358,"date":"2023-06-22T20:01:56","date_gmt":"2023-06-22T20:01:56","guid":{"rendered":"https:\/\/hospitality-projects.com\/fr\/?page_id=358"},"modified":"2024-11-12T12:26:02","modified_gmt":"2024-11-12T12:26:02","slug":"77-brook-street","status":"publish","type":"page","link":"https:\/\/hospitality-projects.com\/fr\/projets\/77-brook-street\/","title":{"rendered":"77 Brook Street"},"content":{"rendered":"\t\t<div data-elementor-type=\"wp-page\" data-elementor-id=\"358\" class=\"elementor elementor-358\" data-elementor-post-type=\"page\">\n\t\t\t\t<div class=\"elementor-element elementor-element-1924af0 e-flex e-con-boxed e-con e-parent\" data-id=\"1924af0\" data-element_type=\"container\" data-e-type=\"container\" data-settings=\"{&quot;background_background&quot;:&quot;classic&quot;}\">\n\t\t\t\t\t<div class=\"e-con-inner\">\n\t\t\t\t\t<\/div>\n\t\t\t\t<\/div>\n\t\t<div class=\"elementor-element elementor-element-9926163 e-flex e-con-boxed e-con e-parent\" data-id=\"9926163\" data-element_type=\"container\" data-e-type=\"container\">\n\t\t\t\t\t<div class=\"e-con-inner\">\n\t\t<div class=\"elementor-element elementor-element-d48ef8a e-con-full e-flex e-con e-child\" data-id=\"d48ef8a\" data-element_type=\"container\" data-e-type=\"container\">\n\t\t\t\t<div class=\"elementor-element elementor-element-93b693b elementor-widget__width-inherit elementor-widget elementor-widget-heading\" data-id=\"93b693b\" data-element_type=\"widget\" data-e-type=\"widget\" data-widget_type=\"heading.default\">\n\t\t\t\t<div class=\"elementor-widget-container\">\n\t\t\t\t\t<h1 class=\"elementor-heading-title elementor-size-default\">77 brook street<\/h1>\t\t\t\t<\/div>\n\t\t\t\t<\/div>\n\t\t\t\t<div class=\"elementor-element elementor-element-bd6e83f elementor-widget elementor-widget-text-editor\" data-id=\"bd6e83f\" data-element_type=\"widget\" data-e-type=\"widget\" data-widget_type=\"text-editor.default\">\n\t\t\t\t<div class=\"elementor-widget-container\">\n\t\t\t\t\t\t\t\t\t<p><a href=\"https:\/\/www.clivedale.com\/\" target=\"_blank\" rel=\"noopener\">Clivedale London<\/a> est un d\u00e9veloppeur immobilier ind\u00e9pendant haut de gamme bas\u00e9 \u00e0 Londres et un fid\u00e8le partenaire commercial.<\/p><p>La soci\u00e9t\u00e9 travaille avec des d\u00e9veloppeurs immobiliers de <a href=\"https:\/\/hospitality-projects.com\/fr\/luxury-furniture\/\">luxe<\/a> et des emplacements prestigieux, donc leur bureau doit avoir une atmosph\u00e8re tout aussi luxueuse et prestigieuse.<\/p>\t\t\t\t\t\t\t\t<\/div>\n\t\t\t\t<\/div>\n\t\t\t\t<div class=\"elementor-element elementor-element-a509851 elementor-widget elementor-widget-image\" data-id=\"a509851\" data-element_type=\"widget\" data-e-type=\"widget\" data-widget_type=\"image.default\">\n\t\t\t\t<div class=\"elementor-widget-container\">\n\t\t\t\t\t\t\t\t\t\t\t\t\t\t\t<img loading=\"lazy\" decoding=\"async\" loading=\"lazy\" width=\"800\" height=\"800\" src=\"https:\/\/hospitality-projects.com\/fr\/wp-content\/uploads\/sites\/4\/2023\/06\/hospitality-projects-77-brook-street-lower-square-photo.jpg\" class=\"attachment-large size-large wp-image-461\" alt=\"hospitality projects 77 brook street lower square photo\" srcset=\"https:\/\/hospitality-projects.com\/fr\/wp-content\/uploads\/sites\/4\/2023\/06\/hospitality-projects-77-brook-street-lower-square-photo.jpg 800w, https:\/\/hospitality-projects.com\/fr\/wp-content\/uploads\/sites\/4\/2023\/06\/hospitality-projects-77-brook-street-lower-square-photo-300x300.jpg 300w, https:\/\/hospitality-projects.com\/fr\/wp-content\/uploads\/sites\/4\/2023\/06\/hospitality-projects-77-brook-street-lower-square-photo-150x150.jpg 150w, https:\/\/hospitality-projects.com\/fr\/wp-content\/uploads\/sites\/4\/2023\/06\/hospitality-projects-77-brook-street-lower-square-photo-768x768.jpg 768w\" sizes=\"auto, (max-width: 800px) 100vw, 800px\" loading=\"eager\" \/>\t\t\t\t\t\t\t\t\t\t\t\t\t\t\t<\/div>\n\t\t\t\t<\/div>\n\t\t\t\t<\/div>\n\t\t<div class=\"elementor-element elementor-element-a9fa0d6 e-con-full e-flex e-con e-child\" data-id=\"a9fa0d6\" data-element_type=\"container\" data-e-type=\"container\">\n\t\t\t\t<div class=\"elementor-element elementor-element-ee0fc3c elementor-widget elementor-widget-image\" data-id=\"ee0fc3c\" data-element_type=\"widget\" data-e-type=\"widget\" data-widget_type=\"image.default\">\n\t\t\t\t<div class=\"elementor-widget-container\">\n\t\t\t\t\t\t\t\t\t\t\t\t\t\t\t<img loading=\"lazy\" decoding=\"async\" loading=\"lazy\" width=\"800\" height=\"800\" src=\"https:\/\/hospitality-projects.com\/fr\/wp-content\/uploads\/sites\/4\/2023\/06\/hospitality-projects-77-brook-street-top-square-photo.jpg\" class=\"attachment-large size-large wp-image-462\" alt=\"hospitality projects 77 brook street top square photo\" srcset=\"https:\/\/hospitality-projects.com\/fr\/wp-content\/uploads\/sites\/4\/2023\/06\/hospitality-projects-77-brook-street-top-square-photo.jpg 800w, https:\/\/hospitality-projects.com\/fr\/wp-content\/uploads\/sites\/4\/2023\/06\/hospitality-projects-77-brook-street-top-square-photo-300x300.jpg 300w, https:\/\/hospitality-projects.com\/fr\/wp-content\/uploads\/sites\/4\/2023\/06\/hospitality-projects-77-brook-street-top-square-photo-150x150.jpg 150w, https:\/\/hospitality-projects.com\/fr\/wp-content\/uploads\/sites\/4\/2023\/06\/hospitality-projects-77-brook-street-top-square-photo-768x768.jpg 768w\" sizes=\"auto, (max-width: 800px) 100vw, 800px\" loading=\"eager\" \/>\t\t\t\t\t\t\t\t\t\t\t\t\t\t\t<\/div>\n\t\t\t\t<\/div>\n\t\t\t\t<div class=\"elementor-element elementor-element-029e868 elementor-widget elementor-widget-text-editor\" data-id=\"029e868\" data-element_type=\"widget\" data-e-type=\"widget\" data-widget_type=\"text-editor.default\">\n\t\t\t\t<div class=\"elementor-widget-container\">\n\t\t\t\t\t\t\t\t\t<p>Nous avons fabriqu\u00e9 un ensemble de mobilier pour la salle d&rsquo;attente des invit\u00e9s et des visiteurs de leur site, comprenant le canap\u00e9, les tables d&rsquo;appoint et les lampes.<\/p><p>Le mobilier a \u00e9t\u00e9 con\u00e7u par Clivedale et utilisait une gamme de verts, de blancs et d&rsquo;or pour correspondre \u00e0 la grandeur de l&rsquo;entreprise. Le marbre Calcatta gold ornait les tables \u00e0 base de bronze, qui \u00e9taient dot\u00e9es d&rsquo;un rev\u00eatement en m\u00e9tal liquide.<\/p>\t\t\t\t\t\t\t\t<\/div>\n\t\t\t\t<\/div>\n\t\t\t\t<\/div>\n\t\t\t\t\t<\/div>\n\t\t\t\t<\/div>\n\t\t\t\t<\/div>\n\t\t","protected":false},"excerpt":{"rendered":"<p>77 brook street Clivedale London est un d\u00e9veloppeur immobilier ind\u00e9pendant haut de gamme bas\u00e9 \u00e0 Londres et un fid\u00e8le partenaire commercial. La soci\u00e9t\u00e9 travaille avec des d\u00e9veloppeurs immobiliers de luxe et des emplacements prestigieux, donc leur bureau doit avoir une atmosph\u00e8re tout aussi luxueuse et prestigieuse. Nous avons fabriqu\u00e9 un ensemble de mobilier pour la [&hellip;]<\/p>\n","protected":false},"author":2,"featured_media":1440,"parent":156,"menu_order":0,"comment_status":"closed","ping_status":"closed","template":"","meta":{"_acf_changed":false,"footnotes":""},"project_category":[8],"class_list":["post-358","page","type-page","status-publish","has-post-thumbnail","hentry","project_category-all-projects"],"acf":[],"_links":{"self":[{"href":"https:\/\/hospitality-projects.com\/fr\/wp-json\/wp\/v2\/pages\/358","targetHints":{"allow":["GET"]}}],"collection":[{"href":"https:\/\/hospitality-projects.com\/fr\/wp-json\/wp\/v2\/pages"}],"about":[{"href":"https:\/\/hospitality-projects.com\/fr\/wp-json\/wp\/v2\/types\/page"}],"author":[{"embeddable":true,"href":"https:\/\/hospitality-projects.com\/fr\/wp-json\/wp\/v2\/users\/2"}],"replies":[{"embeddable":true,"href":"https:\/\/hospitality-projects.com\/fr\/wp-json\/wp\/v2\/comments?post=358"}],"version-history":[{"count":8,"href":"https:\/\/hospitality-projects.com\/fr\/wp-json\/wp\/v2\/pages\/358\/revisions"}],"predecessor-version":[{"id":3328,"href":"https:\/\/hospitality-projects.com\/fr\/wp-json\/wp\/v2\/pages\/358\/revisions\/3328"}],"up":[{"embeddable":true,"href":"https:\/\/hospitality-projects.com\/fr\/wp-json\/wp\/v2\/pages\/156"}],"wp:featuredmedia":[{"embeddable":true,"href":"https:\/\/hospitality-projects.com\/fr\/wp-json\/wp\/v2\/media\/1440"}],"wp:attachment":[{"href":"https:\/\/hospitality-projects.com\/fr\/wp-json\/wp\/v2\/media?parent=358"}],"wp:term":[{"taxonomy":"project_category","embeddable":true,"href":"https:\/\/hospitality-projects.com\/fr\/wp-json\/wp\/v2\/project_category?post=358"}],"curies":[{"name":"wp","href":"https:\/\/api.w.org\/{rel}","templated":true}]}}