{"id":359,"date":"2023-06-22T20:02:16","date_gmt":"2023-06-22T20:02:16","guid":{"rendered":"https:\/\/hospitality-projects.com\/fr\/?page_id=359"},"modified":"2024-11-12T12:30:47","modified_gmt":"2024-11-12T12:30:47","slug":"pappilon","status":"publish","type":"page","link":"https:\/\/hospitality-projects.com\/fr\/projets\/pappilon\/","title":{"rendered":"Pappilon"},"content":{"rendered":"\t\t<div data-elementor-type=\"wp-page\" data-elementor-id=\"359\" class=\"elementor elementor-359\" data-elementor-post-type=\"page\">\n\t\t\t\t<div class=\"elementor-element elementor-element-bc3c6b1 e-flex e-con-boxed e-con e-parent\" data-id=\"bc3c6b1\" data-element_type=\"container\" data-e-type=\"container\" data-settings=\"{&quot;background_background&quot;:&quot;classic&quot;}\">\n\t\t\t\t\t<div class=\"e-con-inner\">\n\t\t\t\t\t<\/div>\n\t\t\t\t<\/div>\n\t\t<div class=\"elementor-element elementor-element-cb2e094 e-flex e-con-boxed e-con e-parent\" data-id=\"cb2e094\" data-element_type=\"container\" data-e-type=\"container\">\n\t\t\t\t\t<div class=\"e-con-inner\">\n\t\t<div class=\"elementor-element elementor-element-55f7421 e-con-full e-flex e-con e-child\" data-id=\"55f7421\" data-element_type=\"container\" data-e-type=\"container\">\n\t\t\t\t<div class=\"elementor-element elementor-element-ca676ca elementor-widget__width-inherit elementor-widget elementor-widget-heading\" data-id=\"ca676ca\" data-element_type=\"widget\" data-e-type=\"widget\" data-widget_type=\"heading.default\">\n\t\t\t\t<div class=\"elementor-widget-container\">\n\t\t\t\t\t<h1 class=\"elementor-heading-title elementor-size-default\">pappilon<\/h1>\t\t\t\t<\/div>\n\t\t\t\t<\/div>\n\t\t\t\t<div class=\"elementor-element elementor-element-0cce492 elementor-widget elementor-widget-text-editor\" data-id=\"0cce492\" data-element_type=\"widget\" data-e-type=\"widget\" data-widget_type=\"text-editor.default\">\n\t\t\t\t<div class=\"elementor-widget-container\">\n\t\t\t\t\t\t\t\t\t<p>La villa Papillion \u00e0 Antigua est une r\u00e9sidence en bord de mer de 8000 pieds carr\u00e9s, nich\u00e9e sur un promontoire de la c\u00f4te sud-ouest d&rsquo;Antigua. Cette magnifique villa arbore un mobilier luxueux et une palette de couleurs \u00e9l\u00e9gante qui s&rsquo;harmonise avec le cadre naturel de l&rsquo;\u00eele.<\/p>\t\t\t\t\t\t\t\t<\/div>\n\t\t\t\t<\/div>\n\t\t\t\t<div class=\"elementor-element elementor-element-42e5790 elementor-widget elementor-widget-image\" data-id=\"42e5790\" data-element_type=\"widget\" data-e-type=\"widget\" data-widget_type=\"image.default\">\n\t\t\t\t<div class=\"elementor-widget-container\">\n\t\t\t\t\t\t\t\t\t\t\t\t\t\t\t<img loading=\"lazy\" decoding=\"async\" loading=\"lazy\" width=\"800\" height=\"800\" src=\"https:\/\/hospitality-projects.com\/fr\/wp-content\/uploads\/sites\/4\/2023\/06\/hospitality-projects-Pappillon-Top-square-photo.jpg\" class=\"attachment-large size-large wp-image-577\" alt=\"hospitality projects Pappillon Top square photo\" srcset=\"https:\/\/hospitality-projects.com\/fr\/wp-content\/uploads\/sites\/4\/2023\/06\/hospitality-projects-Pappillon-Top-square-photo.jpg 800w, https:\/\/hospitality-projects.com\/fr\/wp-content\/uploads\/sites\/4\/2023\/06\/hospitality-projects-Pappillon-Top-square-photo-300x300.jpg 300w, https:\/\/hospitality-projects.com\/fr\/wp-content\/uploads\/sites\/4\/2023\/06\/hospitality-projects-Pappillon-Top-square-photo-150x150.jpg 150w, https:\/\/hospitality-projects.com\/fr\/wp-content\/uploads\/sites\/4\/2023\/06\/hospitality-projects-Pappillon-Top-square-photo-768x768.jpg 768w\" sizes=\"auto, (max-width: 800px) 100vw, 800px\" loading=\"eager\" \/>\t\t\t\t\t\t\t\t\t\t\t\t\t\t\t<\/div>\n\t\t\t\t<\/div>\n\t\t\t\t<\/div>\n\t\t<div class=\"elementor-element elementor-element-f38c657 e-con-full e-flex e-con e-child\" data-id=\"f38c657\" data-element_type=\"container\" data-e-type=\"container\">\n\t\t\t\t<div class=\"elementor-element elementor-element-29a1bb3 elementor-widget elementor-widget-image\" data-id=\"29a1bb3\" data-element_type=\"widget\" data-e-type=\"widget\" data-widget_type=\"image.default\">\n\t\t\t\t<div class=\"elementor-widget-container\">\n\t\t\t\t\t\t\t\t\t\t\t\t\t\t\t<img loading=\"lazy\" decoding=\"async\" loading=\"lazy\" width=\"800\" height=\"800\" src=\"https:\/\/hospitality-projects.com\/fr\/wp-content\/uploads\/sites\/4\/2023\/06\/hospitality-projects-Pappillon-Lower-square-photo.jpg\" class=\"attachment-large size-large wp-image-575\" alt=\"hospitality projects Pappillon Lower square photo\" srcset=\"https:\/\/hospitality-projects.com\/fr\/wp-content\/uploads\/sites\/4\/2023\/06\/hospitality-projects-Pappillon-Lower-square-photo.jpg 800w, https:\/\/hospitality-projects.com\/fr\/wp-content\/uploads\/sites\/4\/2023\/06\/hospitality-projects-Pappillon-Lower-square-photo-300x300.jpg 300w, https:\/\/hospitality-projects.com\/fr\/wp-content\/uploads\/sites\/4\/2023\/06\/hospitality-projects-Pappillon-Lower-square-photo-150x150.jpg 150w, https:\/\/hospitality-projects.com\/fr\/wp-content\/uploads\/sites\/4\/2023\/06\/hospitality-projects-Pappillon-Lower-square-photo-768x768.jpg 768w\" sizes=\"auto, (max-width: 800px) 100vw, 800px\" loading=\"eager\" \/>\t\t\t\t\t\t\t\t\t\t\t\t\t\t\t<\/div>\n\t\t\t\t<\/div>\n\t\t\t\t<div class=\"elementor-element elementor-element-c2f71c3 elementor-widget elementor-widget-text-editor\" data-id=\"c2f71c3\" data-element_type=\"widget\" data-e-type=\"widget\" data-widget_type=\"text-editor.default\">\n\t\t\t\t<div class=\"elementor-widget-container\">\n\t\t\t\t\t\t\t\t\t<p>En collaboration avec <a href=\"https:\/\/wardandco.com\/\" target=\"_blank\" rel=\"noopener\">Ward &amp; Co. Interiors<\/a>, nous avons <a href=\"https:\/\/hospitality-projects.com\/fr\/manufacturing\/\">fabriqu\u00e9<\/a> plusieurs \u00e9l\u00e9ments sur articles, dont les biblioth\u00e8ques et l&rsquo;\u00e9tag\u00e8re de la salle de bains. Un m\u00e9lange de ch\u00eane blanchi et de noyer am\u00e9ricain \u00e0 couronne profonde a \u00e9t\u00e9 utilis\u00e9 pour donner vie \u00e0 ces designs. Les tons naturels et les th\u00e8mes en bois convenaient parfaitement \u00e0 cette construction. Toutes les pi\u00e8ces de mobilier sont \u00e9quip\u00e9es d&rsquo;un \u00e9clairage LED dissimul\u00e9, ajoutant du caract\u00e8re aux pi\u00e8ces avec une lueur douce au coucher du soleil qui rebondit sur les surfaces.<\/p>\t\t\t\t\t\t\t\t<\/div>\n\t\t\t\t<\/div>\n\t\t\t\t<\/div>\n\t\t\t\t\t<\/div>\n\t\t\t\t<\/div>\n\t\t<div class=\"elementor-element elementor-element-b5fec87 e-flex e-con-boxed e-con e-parent\" data-id=\"b5fec87\" data-element_type=\"container\" data-e-type=\"container\">\n\t\t\t\t\t<div class=\"e-con-inner\">\n\t\t<div class=\"elementor-element elementor-element-e2bdba3 e-con-full e-flex e-con e-child\" data-id=\"e2bdba3\" data-element_type=\"container\" data-e-type=\"container\">\n\t\t\t\t<div class=\"elementor-element elementor-element-d1f4cb8 elementor-widget elementor-widget-image\" data-id=\"d1f4cb8\" data-element_type=\"widget\" data-e-type=\"widget\" data-widget_type=\"image.default\">\n\t\t\t\t<div class=\"elementor-widget-container\">\n\t\t\t\t\t\t\t\t\t\t\t\t\t\t\t<img loading=\"lazy\" decoding=\"async\" loading=\"lazy\" width=\"800\" height=\"534\" src=\"https:\/\/hospitality-projects.com\/fr\/wp-content\/uploads\/sites\/4\/2023\/06\/hospitality-projects-Pappillon-large-photo.jpg\" class=\"attachment-large size-large wp-image-574\" alt=\"hospitality projects Pappillon large photo\" srcset=\"https:\/\/hospitality-projects.com\/fr\/wp-content\/uploads\/sites\/4\/2023\/06\/hospitality-projects-Pappillon-large-photo.jpg 1000w, https:\/\/hospitality-projects.com\/fr\/wp-content\/uploads\/sites\/4\/2023\/06\/hospitality-projects-Pappillon-large-photo-300x200.jpg 300w, https:\/\/hospitality-projects.com\/fr\/wp-content\/uploads\/sites\/4\/2023\/06\/hospitality-projects-Pappillon-large-photo-768x512.jpg 768w\" sizes=\"auto, (max-width: 800px) 100vw, 800px\" loading=\"eager\" \/>\t\t\t\t\t\t\t\t\t\t\t\t\t\t\t<\/div>\n\t\t\t\t<\/div>\n\t\t\t\t<div class=\"elementor-element elementor-element-71a1752 elementor-widget elementor-widget-image\" data-id=\"71a1752\" data-element_type=\"widget\" data-e-type=\"widget\" data-widget_type=\"image.default\">\n\t\t\t\t<div class=\"elementor-widget-container\">\n\t\t\t\t\t\t\t\t\t\t\t\t\t\t\t<img loading=\"lazy\" decoding=\"async\" loading=\"lazy\" width=\"800\" height=\"534\" src=\"https:\/\/hospitality-projects.com\/fr\/wp-content\/uploads\/sites\/4\/2023\/06\/hospitality-projects-Pappillon-large-photo-2.jpg\" class=\"attachment-large size-large wp-image-581\" alt=\"hospitality projects Pappillon large photo 2\" srcset=\"https:\/\/hospitality-projects.com\/fr\/wp-content\/uploads\/sites\/4\/2023\/06\/hospitality-projects-Pappillon-large-photo-2.jpg 1000w, https:\/\/hospitality-projects.com\/fr\/wp-content\/uploads\/sites\/4\/2023\/06\/hospitality-projects-Pappillon-large-photo-2-300x200.jpg 300w, https:\/\/hospitality-projects.com\/fr\/wp-content\/uploads\/sites\/4\/2023\/06\/hospitality-projects-Pappillon-large-photo-2-768x512.jpg 768w\" sizes=\"auto, (max-width: 800px) 100vw, 800px\" loading=\"eager\" \/>\t\t\t\t\t\t\t\t\t\t\t\t\t\t\t<\/div>\n\t\t\t\t<\/div>\n\t\t\t\t<\/div>\n\t\t\t\t\t<\/div>\n\t\t\t\t<\/div>\n\t\t\t\t<\/div>\n\t\t","protected":false},"excerpt":{"rendered":"<p>pappilon La villa Papillion \u00e0 Antigua est une r\u00e9sidence en bord de mer de 8000 pieds carr\u00e9s, nich\u00e9e sur un promontoire de la c\u00f4te sud-ouest d&rsquo;Antigua. Cette magnifique villa arbore un mobilier luxueux et une palette de couleurs \u00e9l\u00e9gante qui s&rsquo;harmonise avec le cadre naturel de l&rsquo;\u00eele. En collaboration avec Ward &amp; Co. Interiors, nous [&hellip;]<\/p>\n","protected":false},"author":2,"featured_media":1456,"parent":156,"menu_order":0,"comment_status":"closed","ping_status":"closed","template":"","meta":{"_acf_changed":false,"footnotes":""},"project_category":[8],"class_list":["post-359","page","type-page","status-publish","has-post-thumbnail","hentry","project_category-all-projects"],"acf":[],"_links":{"self":[{"href":"https:\/\/hospitality-projects.com\/fr\/wp-json\/wp\/v2\/pages\/359","targetHints":{"allow":["GET"]}}],"collection":[{"href":"https:\/\/hospitality-projects.com\/fr\/wp-json\/wp\/v2\/pages"}],"about":[{"href":"https:\/\/hospitality-projects.com\/fr\/wp-json\/wp\/v2\/types\/page"}],"author":[{"embeddable":true,"href":"https:\/\/hospitality-projects.com\/fr\/wp-json\/wp\/v2\/users\/2"}],"replies":[{"embeddable":true,"href":"https:\/\/hospitality-projects.com\/fr\/wp-json\/wp\/v2\/comments?post=359"}],"version-history":[{"count":8,"href":"https:\/\/hospitality-projects.com\/fr\/wp-json\/wp\/v2\/pages\/359\/revisions"}],"predecessor-version":[{"id":3331,"href":"https:\/\/hospitality-projects.com\/fr\/wp-json\/wp\/v2\/pages\/359\/revisions\/3331"}],"up":[{"embeddable":true,"href":"https:\/\/hospitality-projects.com\/fr\/wp-json\/wp\/v2\/pages\/156"}],"wp:featuredmedia":[{"embeddable":true,"href":"https:\/\/hospitality-projects.com\/fr\/wp-json\/wp\/v2\/media\/1456"}],"wp:attachment":[{"href":"https:\/\/hospitality-projects.com\/fr\/wp-json\/wp\/v2\/media?parent=359"}],"wp:term":[{"taxonomy":"project_category","embeddable":true,"href":"https:\/\/hospitality-projects.com\/fr\/wp-json\/wp\/v2\/project_category?post=359"}],"curies":[{"name":"wp","href":"https:\/\/api.w.org\/{rel}","templated":true}]}}