{"id":366,"date":"2023-06-22T20:03:18","date_gmt":"2023-06-22T20:03:18","guid":{"rendered":"https:\/\/hospitality-projects.com\/fr\/?page_id=366"},"modified":"2024-11-12T12:30:26","modified_gmt":"2024-11-12T12:30:26","slug":"nobu-hotel","status":"publish","type":"page","link":"https:\/\/hospitality-projects.com\/fr\/projets\/nobu-hotel\/","title":{"rendered":"Nobu Hotel"},"content":{"rendered":"\t\t<div data-elementor-type=\"wp-page\" data-elementor-id=\"366\" class=\"elementor elementor-366\" data-elementor-post-type=\"page\">\n\t\t\t\t<div class=\"elementor-element elementor-element-1fe67b8 e-flex e-con-boxed e-con e-parent\" data-id=\"1fe67b8\" data-element_type=\"container\" data-e-type=\"container\" data-settings=\"{&quot;background_background&quot;:&quot;classic&quot;}\">\n\t\t\t\t\t<div class=\"e-con-inner\">\n\t\t\t\t\t<\/div>\n\t\t\t\t<\/div>\n\t\t<div class=\"elementor-element elementor-element-48ef2e1 e-flex e-con-boxed e-con e-parent\" data-id=\"48ef2e1\" data-element_type=\"container\" data-e-type=\"container\">\n\t\t\t\t\t<div class=\"e-con-inner\">\n\t\t<div class=\"elementor-element elementor-element-861e706 e-con-full e-flex e-con e-child\" data-id=\"861e706\" data-element_type=\"container\" data-e-type=\"container\">\n\t\t\t\t<div class=\"elementor-element elementor-element-2545cbd elementor-widget__width-inherit elementor-widget elementor-widget-heading\" data-id=\"2545cbd\" data-element_type=\"widget\" data-e-type=\"widget\" data-widget_type=\"heading.default\">\n\t\t\t\t<div class=\"elementor-widget-container\">\n\t\t\t\t\t<h1 class=\"elementor-heading-title elementor-size-default\">NOBU HOTEL<\/h1>\t\t\t\t<\/div>\n\t\t\t\t<\/div>\n\t\t\t\t<div class=\"elementor-element elementor-element-c0bd5ac elementor-widget elementor-widget-text-editor\" data-id=\"c0bd5ac\" data-element_type=\"widget\" data-e-type=\"widget\" data-widget_type=\"text-editor.default\">\n\t\t\t\t<div class=\"elementor-widget-container\">\n\t\t\t\t\t\t\t\t\t<p><a href=\"https:\/\/london-shoreditch.nobuhotels.com\/\" target=\"_blank\" rel=\"noopener\">Le Nobu Hotel Shoreditch<\/a> est un h\u00f4tel \u00e9l\u00e9gant et styl\u00e9 situ\u00e9 au c\u0153ur du quartier branch\u00e9 de Shoreditch \u00e0 Londres. Alliant un design contemporain \u00e0 une esth\u00e9tique minimaliste d&rsquo;inspiration japonaise, l&rsquo;h\u00f4tel offre une exp\u00e9rience unique et <a href=\"https:\/\/hospitality-projects.com\/fr\/luxury-furniture\/\">luxueuse<\/a> aux clients. Les chambres sont spacieuses et bien am\u00e9nag\u00e9es, mettant en vedette des mat\u00e9riaux naturels et une palette de couleurs neutres.<\/p>\t\t\t\t\t\t\t\t<\/div>\n\t\t\t\t<\/div>\n\t\t\t\t<div class=\"elementor-element elementor-element-29bd3d9 elementor-widget elementor-widget-image\" data-id=\"29bd3d9\" data-element_type=\"widget\" data-e-type=\"widget\" data-widget_type=\"image.default\">\n\t\t\t\t<div class=\"elementor-widget-container\">\n\t\t\t\t\t\t\t\t\t\t\t\t\t\t\t<img loading=\"lazy\" decoding=\"async\" loading=\"lazy\" width=\"800\" height=\"800\" src=\"https:\/\/hospitality-projects.com\/fr\/wp-content\/uploads\/sites\/4\/2023\/06\/hospitality-projects-nobu-hotel-lower-square-photo.jpg\" class=\"attachment-large size-large wp-image-626\" alt=\"hospitality projects nobu hotel lower square photo\" srcset=\"https:\/\/hospitality-projects.com\/fr\/wp-content\/uploads\/sites\/4\/2023\/06\/hospitality-projects-nobu-hotel-lower-square-photo.jpg 800w, https:\/\/hospitality-projects.com\/fr\/wp-content\/uploads\/sites\/4\/2023\/06\/hospitality-projects-nobu-hotel-lower-square-photo-300x300.jpg 300w, https:\/\/hospitality-projects.com\/fr\/wp-content\/uploads\/sites\/4\/2023\/06\/hospitality-projects-nobu-hotel-lower-square-photo-150x150.jpg 150w, https:\/\/hospitality-projects.com\/fr\/wp-content\/uploads\/sites\/4\/2023\/06\/hospitality-projects-nobu-hotel-lower-square-photo-768x768.jpg 768w\" sizes=\"auto, (max-width: 800px) 100vw, 800px\" loading=\"eager\" \/>\t\t\t\t\t\t\t\t\t\t\t\t\t\t\t<\/div>\n\t\t\t\t<\/div>\n\t\t\t\t<\/div>\n\t\t<div class=\"elementor-element elementor-element-35d6afb e-con-full e-flex e-con e-child\" data-id=\"35d6afb\" data-element_type=\"container\" data-e-type=\"container\">\n\t\t\t\t<div class=\"elementor-element elementor-element-ccededa elementor-widget elementor-widget-image\" data-id=\"ccededa\" data-element_type=\"widget\" data-e-type=\"widget\" data-widget_type=\"image.default\">\n\t\t\t\t<div class=\"elementor-widget-container\">\n\t\t\t\t\t\t\t\t\t\t\t\t\t\t\t<img loading=\"lazy\" decoding=\"async\" loading=\"lazy\" width=\"800\" height=\"800\" src=\"https:\/\/hospitality-projects.com\/fr\/wp-content\/uploads\/sites\/4\/2023\/06\/hospitality-projects-nobu-hotel-Top-square-photo.jpg\" class=\"attachment-large size-large wp-image-630\" alt=\"hospitality projects nobu hotel Top square photo\" srcset=\"https:\/\/hospitality-projects.com\/fr\/wp-content\/uploads\/sites\/4\/2023\/06\/hospitality-projects-nobu-hotel-Top-square-photo.jpg 800w, https:\/\/hospitality-projects.com\/fr\/wp-content\/uploads\/sites\/4\/2023\/06\/hospitality-projects-nobu-hotel-Top-square-photo-300x300.jpg 300w, https:\/\/hospitality-projects.com\/fr\/wp-content\/uploads\/sites\/4\/2023\/06\/hospitality-projects-nobu-hotel-Top-square-photo-150x150.jpg 150w, https:\/\/hospitality-projects.com\/fr\/wp-content\/uploads\/sites\/4\/2023\/06\/hospitality-projects-nobu-hotel-Top-square-photo-768x768.jpg 768w\" sizes=\"auto, (max-width: 800px) 100vw, 800px\" loading=\"eager\" \/>\t\t\t\t\t\t\t\t\t\t\t\t\t\t\t<\/div>\n\t\t\t\t<\/div>\n\t\t\t\t<div class=\"elementor-element elementor-element-5290235 elementor-widget elementor-widget-text-editor\" data-id=\"5290235\" data-element_type=\"widget\" data-e-type=\"widget\" data-widget_type=\"text-editor.default\">\n\t\t\t\t<div class=\"elementor-widget-container\">\n\t\t\t\t\t\t\t\t\t<p>Designed by <a href=\"https:\/\/www.studiomica.co.uk\/\" target=\"_blank\" rel=\"noopener\">Studio Mica<\/a> and MTD, we <a href=\"https:\/\/hospitality-projects.com\/fr\/manufacturing\/\">manufactured<\/a> over 80 pieces of <a href=\"https:\/\/hospitality-projects.com\/fr\/bespoke-furniture\/\">bespoke furniture<\/a> for the downstairs dining area, hotel lobby and bar, including dining tables, chairs, sofas and bar stools. Lots of natural woods were used with neutral tones of fabric and metal trim perfect blend of industrial chic and Japanese simplicity, the warm lights bathe the room and make the resulting space cosy, welcoming and relaxing. Soft patterned fabric was used with red silk accents for the ottomans, along with ash wood making up the trim and structures.<\/p><p class=\"p1\">Con\u00e7u par <a href=\"https:\/\/www.studiomica.co.uk\/\" target=\"_blank\" rel=\"noopener\">Studio Mica<\/a> et MTD, nous avons <a href=\"https:\/\/hospitality-projects.com\/fr\/manufacturing\/\">fabriqu\u00e9<\/a> plus de 80 <a href=\"https:\/\/hospitality-projects.com\/fr\/bespoke-furniture\/\">pi\u00e8ces de mobilier<\/a> sur mesure pour la salle \u00e0 manger du rez-de-chauss\u00e9e, le hall de l&rsquo;h\u00f4tel et le bar, notamment des tables \u00e0 manger, des chaises, des canap\u00e9s et des tabourets de bar. Beaucoup de bois naturels ont \u00e9t\u00e9 utilis\u00e9s avec des tons neutres de tissu et des finitions m\u00e9talliques, cr\u00e9ant un m\u00e9lange parfait entre l&rsquo;\u00e9l\u00e9gance industrielle et la simplicit\u00e9 japonaise.<\/p>\t\t\t\t\t\t\t\t<\/div>\n\t\t\t\t<\/div>\n\t\t\t\t<\/div>\n\t\t\t\t\t<\/div>\n\t\t\t\t<\/div>\n\t\t<div class=\"elementor-element elementor-element-c85225f e-flex e-con-boxed e-con e-parent\" data-id=\"c85225f\" data-element_type=\"container\" data-e-type=\"container\">\n\t\t\t\t\t<div class=\"e-con-inner\">\n\t\t<div class=\"elementor-element elementor-element-b7f72de e-con-full e-flex e-con e-child\" data-id=\"b7f72de\" data-element_type=\"container\" data-e-type=\"container\">\n\t\t\t\t<div class=\"elementor-element elementor-element-fce2070 elementor-widget elementor-widget-image\" data-id=\"fce2070\" data-element_type=\"widget\" data-e-type=\"widget\" data-widget_type=\"image.default\">\n\t\t\t\t<div class=\"elementor-widget-container\">\n\t\t\t\t\t\t\t\t\t\t\t\t\t\t\t<img loading=\"lazy\" decoding=\"async\" loading=\"lazy\" width=\"800\" height=\"554\" src=\"https:\/\/hospitality-projects.com\/fr\/wp-content\/uploads\/sites\/4\/2023\/06\/hospitality-projects-nobu-hotel-large-photo.jpg\" class=\"attachment-large size-large wp-image-625\" alt=\"hospitality projects nobu hotel large photo\" srcset=\"https:\/\/hospitality-projects.com\/fr\/wp-content\/uploads\/sites\/4\/2023\/06\/hospitality-projects-nobu-hotel-large-photo.jpg 1000w, https:\/\/hospitality-projects.com\/fr\/wp-content\/uploads\/sites\/4\/2023\/06\/hospitality-projects-nobu-hotel-large-photo-300x208.jpg 300w, https:\/\/hospitality-projects.com\/fr\/wp-content\/uploads\/sites\/4\/2023\/06\/hospitality-projects-nobu-hotel-large-photo-768x532.jpg 768w\" sizes=\"auto, (max-width: 800px) 100vw, 800px\" loading=\"eager\" \/>\t\t\t\t\t\t\t\t\t\t\t\t\t\t\t<\/div>\n\t\t\t\t<\/div>\n\t\t\t\t<\/div>\n\t\t\t\t\t<\/div>\n\t\t\t\t<\/div>\n\t\t<div class=\"elementor-element elementor-element-d37a07d e-flex e-con-boxed e-con e-parent\" data-id=\"d37a07d\" data-element_type=\"container\" data-e-type=\"container\">\n\t\t\t\t\t<div class=\"e-con-inner\">\n\t\t<div class=\"elementor-element elementor-element-fa9036a e-con-full e-flex e-con e-child\" data-id=\"fa9036a\" data-element_type=\"container\" data-e-type=\"container\">\n\t\t\t\t<div class=\"elementor-element elementor-element-d2af100 elementor-widget elementor-widget-image\" data-id=\"d2af100\" data-element_type=\"widget\" data-e-type=\"widget\" data-widget_type=\"image.default\">\n\t\t\t\t<div class=\"elementor-widget-container\">\n\t\t\t\t\t\t\t\t\t\t\t\t\t\t\t<img loading=\"lazy\" decoding=\"async\" loading=\"lazy\" width=\"800\" height=\"558\" src=\"https:\/\/hospitality-projects.com\/fr\/wp-content\/uploads\/sites\/4\/2023\/06\/hospitality-projects-nobu-hotel-landscape-phoot.jpg\" class=\"attachment-large size-large wp-image-621\" alt=\"hospitality projects nobu hotel landscape phoot\" srcset=\"https:\/\/hospitality-projects.com\/fr\/wp-content\/uploads\/sites\/4\/2023\/06\/hospitality-projects-nobu-hotel-landscape-phoot.jpg 1000w, https:\/\/hospitality-projects.com\/fr\/wp-content\/uploads\/sites\/4\/2023\/06\/hospitality-projects-nobu-hotel-landscape-phoot-300x209.jpg 300w, https:\/\/hospitality-projects.com\/fr\/wp-content\/uploads\/sites\/4\/2023\/06\/hospitality-projects-nobu-hotel-landscape-phoot-768x535.jpg 768w\" sizes=\"auto, (max-width: 800px) 100vw, 800px\" loading=\"eager\" \/>\t\t\t\t\t\t\t\t\t\t\t\t\t\t\t<\/div>\n\t\t\t\t<\/div>\n\t\t\t\t<div class=\"elementor-element elementor-element-f42f4d2 elementor-widget elementor-widget-image\" data-id=\"f42f4d2\" data-element_type=\"widget\" data-e-type=\"widget\" data-widget_type=\"image.default\">\n\t\t\t\t<div class=\"elementor-widget-container\">\n\t\t\t\t\t\t\t\t\t\t\t\t\t\t\t<img loading=\"lazy\" decoding=\"async\" loading=\"lazy\" width=\"600\" height=\"745\" src=\"https:\/\/hospitality-projects.com\/fr\/wp-content\/uploads\/sites\/4\/2023\/06\/hospitality-projects-nobu-hotel-portrait-photo-2.jpg\" class=\"attachment-large size-large wp-image-628\" alt=\"hospitality projects nobu hotel portrait photo 2\" srcset=\"https:\/\/hospitality-projects.com\/fr\/wp-content\/uploads\/sites\/4\/2023\/06\/hospitality-projects-nobu-hotel-portrait-photo-2.jpg 600w, https:\/\/hospitality-projects.com\/fr\/wp-content\/uploads\/sites\/4\/2023\/06\/hospitality-projects-nobu-hotel-portrait-photo-2-242x300.jpg 242w\" sizes=\"auto, (max-width: 600px) 100vw, 600px\" loading=\"eager\" \/>\t\t\t\t\t\t\t\t\t\t\t\t\t\t\t<\/div>\n\t\t\t\t<\/div>\n\t\t\t\t<\/div>\n\t\t<div class=\"elementor-element elementor-element-949118d e-con-full e-flex e-con e-child\" data-id=\"949118d\" data-element_type=\"container\" data-e-type=\"container\">\n\t\t\t\t<div class=\"elementor-element elementor-element-d5404b2 elementor-widget elementor-widget-image\" data-id=\"d5404b2\" data-element_type=\"widget\" data-e-type=\"widget\" data-widget_type=\"image.default\">\n\t\t\t\t<div class=\"elementor-widget-container\">\n\t\t\t\t\t\t\t\t\t\t\t\t\t\t\t<img loading=\"lazy\" decoding=\"async\" loading=\"lazy\" width=\"600\" height=\"738\" src=\"https:\/\/hospitality-projects.com\/fr\/wp-content\/uploads\/sites\/4\/2023\/06\/hospitality-projects-nobu-hotel-portrait-photo.jpg\" class=\"attachment-large size-large wp-image-629\" alt=\"hospitality projects nobu hotel portrait photo\" srcset=\"https:\/\/hospitality-projects.com\/fr\/wp-content\/uploads\/sites\/4\/2023\/06\/hospitality-projects-nobu-hotel-portrait-photo.jpg 600w, https:\/\/hospitality-projects.com\/fr\/wp-content\/uploads\/sites\/4\/2023\/06\/hospitality-projects-nobu-hotel-portrait-photo-244x300.jpg 244w\" sizes=\"auto, (max-width: 600px) 100vw, 600px\" loading=\"eager\" \/>\t\t\t\t\t\t\t\t\t\t\t\t\t\t\t<\/div>\n\t\t\t\t<\/div>\n\t\t\t\t<div class=\"elementor-element elementor-element-f59d9f8 elementor-widget elementor-widget-image\" data-id=\"f59d9f8\" data-element_type=\"widget\" data-e-type=\"widget\" data-widget_type=\"image.default\">\n\t\t\t\t<div class=\"elementor-widget-container\">\n\t\t\t\t\t\t\t\t\t\t\t\t\t\t\t<img loading=\"lazy\" decoding=\"async\" loading=\"lazy\" width=\"800\" height=\"541\" src=\"https:\/\/hospitality-projects.com\/fr\/wp-content\/uploads\/sites\/4\/2023\/06\/hospitality-projects-nobu-hotel-landscape-photo.jpg\" class=\"attachment-large size-large wp-image-623\" alt=\"hospitality projects nobu hotel landscape photo\" srcset=\"https:\/\/hospitality-projects.com\/fr\/wp-content\/uploads\/sites\/4\/2023\/06\/hospitality-projects-nobu-hotel-landscape-photo.jpg 1000w, https:\/\/hospitality-projects.com\/fr\/wp-content\/uploads\/sites\/4\/2023\/06\/hospitality-projects-nobu-hotel-landscape-photo-300x203.jpg 300w, https:\/\/hospitality-projects.com\/fr\/wp-content\/uploads\/sites\/4\/2023\/06\/hospitality-projects-nobu-hotel-landscape-photo-768x519.jpg 768w\" sizes=\"auto, (max-width: 800px) 100vw, 800px\" loading=\"eager\" \/>\t\t\t\t\t\t\t\t\t\t\t\t\t\t\t<\/div>\n\t\t\t\t<\/div>\n\t\t\t\t<div class=\"elementor-element elementor-element-7a1f67c elementor-widget elementor-widget-image\" data-id=\"7a1f67c\" data-element_type=\"widget\" data-e-type=\"widget\" data-widget_type=\"image.default\">\n\t\t\t\t<div class=\"elementor-widget-container\">\n\t\t\t\t\t\t\t\t\t\t\t\t\t\t\t<img loading=\"lazy\" decoding=\"async\" loading=\"lazy\" width=\"800\" height=\"492\" src=\"https:\/\/hospitality-projects.com\/fr\/wp-content\/uploads\/sites\/4\/2023\/06\/hospitality-projects-nobu-hotel-landscape-photo-2.jpg\" class=\"attachment-large size-large wp-image-622\" alt=\"hospitality projects nobu hotel landscape photo 2\" srcset=\"https:\/\/hospitality-projects.com\/fr\/wp-content\/uploads\/sites\/4\/2023\/06\/hospitality-projects-nobu-hotel-landscape-photo-2.jpg 1000w, https:\/\/hospitality-projects.com\/fr\/wp-content\/uploads\/sites\/4\/2023\/06\/hospitality-projects-nobu-hotel-landscape-photo-2-300x185.jpg 300w, https:\/\/hospitality-projects.com\/fr\/wp-content\/uploads\/sites\/4\/2023\/06\/hospitality-projects-nobu-hotel-landscape-photo-2-768x472.jpg 768w\" sizes=\"auto, (max-width: 800px) 100vw, 800px\" loading=\"eager\" \/>\t\t\t\t\t\t\t\t\t\t\t\t\t\t\t<\/div>\n\t\t\t\t<\/div>\n\t\t\t\t<\/div>\n\t\t\t\t\t<\/div>\n\t\t\t\t<\/div>\n\t\t<div class=\"elementor-element elementor-element-3246391 e-flex e-con-boxed e-con e-parent\" data-id=\"3246391\" data-element_type=\"container\" data-e-type=\"container\">\n\t\t\t\t\t<div class=\"e-con-inner\">\n\t\t<div class=\"elementor-element elementor-element-9d2b15c e-con-full e-flex e-con e-child\" data-id=\"9d2b15c\" data-element_type=\"container\" data-e-type=\"container\">\n\t\t\t\t<div class=\"elementor-element elementor-element-cba76ec elementor-widget elementor-widget-image\" data-id=\"cba76ec\" data-element_type=\"widget\" data-e-type=\"widget\" data-widget_type=\"image.default\">\n\t\t\t\t<div class=\"elementor-widget-container\">\n\t\t\t\t\t\t\t\t\t\t\t\t\t\t\t<img loading=\"lazy\" decoding=\"async\" loading=\"lazy\" width=\"800\" height=\"599\" src=\"https:\/\/hospitality-projects.com\/fr\/wp-content\/uploads\/sites\/4\/2023\/06\/hospitality-projects-nobu-hotel-large-photo-2.jpg\" class=\"attachment-large size-large wp-image-624\" alt=\"hospitality projects nobu hotel large photo 2\" srcset=\"https:\/\/hospitality-projects.com\/fr\/wp-content\/uploads\/sites\/4\/2023\/06\/hospitality-projects-nobu-hotel-large-photo-2.jpg 1000w, https:\/\/hospitality-projects.com\/fr\/wp-content\/uploads\/sites\/4\/2023\/06\/hospitality-projects-nobu-hotel-large-photo-2-300x225.jpg 300w, https:\/\/hospitality-projects.com\/fr\/wp-content\/uploads\/sites\/4\/2023\/06\/hospitality-projects-nobu-hotel-large-photo-2-768x575.jpg 768w\" sizes=\"auto, (max-width: 800px) 100vw, 800px\" loading=\"eager\" \/>\t\t\t\t\t\t\t\t\t\t\t\t\t\t\t<\/div>\n\t\t\t\t<\/div>\n\t\t\t\t<\/div>\n\t\t\t\t\t<\/div>\n\t\t\t\t<\/div>\n\t\t\t\t<\/div>\n\t\t","protected":false},"excerpt":{"rendered":"<p>NOBU HOTEL Le Nobu Hotel Shoreditch est un h\u00f4tel \u00e9l\u00e9gant et styl\u00e9 situ\u00e9 au c\u0153ur du quartier branch\u00e9 de Shoreditch \u00e0 Londres. Alliant un design contemporain \u00e0 une esth\u00e9tique minimaliste d&rsquo;inspiration japonaise, l&rsquo;h\u00f4tel offre une exp\u00e9rience unique et luxueuse aux clients. Les chambres sont spacieuses et bien am\u00e9nag\u00e9es, mettant en vedette des mat\u00e9riaux naturels et [&hellip;]<\/p>\n","protected":false},"author":2,"featured_media":1454,"parent":156,"menu_order":0,"comment_status":"closed","ping_status":"closed","template":"","meta":{"_acf_changed":false,"footnotes":""},"project_category":[8,11],"class_list":["post-366","page","type-page","status-publish","has-post-thumbnail","hentry","project_category-all-projects","project_category-completed"],"acf":[],"_links":{"self":[{"href":"https:\/\/hospitality-projects.com\/fr\/wp-json\/wp\/v2\/pages\/366","targetHints":{"allow":["GET"]}}],"collection":[{"href":"https:\/\/hospitality-projects.com\/fr\/wp-json\/wp\/v2\/pages"}],"about":[{"href":"https:\/\/hospitality-projects.com\/fr\/wp-json\/wp\/v2\/types\/page"}],"author":[{"embeddable":true,"href":"https:\/\/hospitality-projects.com\/fr\/wp-json\/wp\/v2\/users\/2"}],"replies":[{"embeddable":true,"href":"https:\/\/hospitality-projects.com\/fr\/wp-json\/wp\/v2\/comments?post=366"}],"version-history":[{"count":8,"href":"https:\/\/hospitality-projects.com\/fr\/wp-json\/wp\/v2\/pages\/366\/revisions"}],"predecessor-version":[{"id":3340,"href":"https:\/\/hospitality-projects.com\/fr\/wp-json\/wp\/v2\/pages\/366\/revisions\/3340"}],"up":[{"embeddable":true,"href":"https:\/\/hospitality-projects.com\/fr\/wp-json\/wp\/v2\/pages\/156"}],"wp:featuredmedia":[{"embeddable":true,"href":"https:\/\/hospitality-projects.com\/fr\/wp-json\/wp\/v2\/media\/1454"}],"wp:attachment":[{"href":"https:\/\/hospitality-projects.com\/fr\/wp-json\/wp\/v2\/media?parent=366"}],"wp:term":[{"taxonomy":"project_category","embeddable":true,"href":"https:\/\/hospitality-projects.com\/fr\/wp-json\/wp\/v2\/project_category?post=366"}],"curies":[{"name":"wp","href":"https:\/\/api.w.org\/{rel}","templated":true}]}}