{"id":370,"date":"2023-06-22T20:03:59","date_gmt":"2023-06-22T20:03:59","guid":{"rendered":"https:\/\/hospitality-projects.com\/fr\/?page_id=370"},"modified":"2024-11-12T12:26:36","modified_gmt":"2024-11-12T12:26:36","slug":"grays-and-feather","status":"publish","type":"page","link":"https:\/\/hospitality-projects.com\/fr\/projets\/grays-and-feather\/","title":{"rendered":"Grays and Feather"},"content":{"rendered":"\t\t<div data-elementor-type=\"wp-page\" data-elementor-id=\"370\" class=\"elementor elementor-370\" data-elementor-post-type=\"page\">\n\t\t\t\t<div class=\"elementor-element elementor-element-2f8a2c4 e-flex e-con-boxed e-con e-parent\" data-id=\"2f8a2c4\" data-element_type=\"container\" data-e-type=\"container\" data-settings=\"{&quot;background_background&quot;:&quot;classic&quot;}\">\n\t\t\t\t\t<div class=\"e-con-inner\">\n\t\t\t\t\t<\/div>\n\t\t\t\t<\/div>\n\t\t<div class=\"elementor-element elementor-element-8ef7415 e-flex e-con-boxed e-con e-parent\" data-id=\"8ef7415\" data-element_type=\"container\" data-e-type=\"container\">\n\t\t\t\t\t<div class=\"e-con-inner\">\n\t\t<div class=\"elementor-element elementor-element-014a750 e-con-full e-flex e-con e-child\" data-id=\"014a750\" data-element_type=\"container\" data-e-type=\"container\">\n\t\t\t\t<div class=\"elementor-element elementor-element-9d55d42 elementor-widget__width-inherit elementor-widget elementor-widget-heading\" data-id=\"9d55d42\" data-element_type=\"widget\" data-e-type=\"widget\" data-widget_type=\"heading.default\">\n\t\t\t\t<div class=\"elementor-widget-container\">\n\t\t\t\t\t<h1 class=\"elementor-heading-title elementor-size-default\">GRAYS AND FEATHER<\/h1>\t\t\t\t<\/div>\n\t\t\t\t<\/div>\n\t\t\t\t<div class=\"elementor-element elementor-element-24b5517 elementor-widget elementor-widget-text-editor\" data-id=\"24b5517\" data-element_type=\"widget\" data-e-type=\"widget\" data-widget_type=\"text-editor.default\">\n\t\t\t\t<div class=\"elementor-widget-container\">\n\t\t\t\t\t\t\t\t\t<p><a href=\"https:\/\/www.graysandfeather.com\/\" target=\"_blank\" rel=\"noopener\">Grays and Feather<\/a> est un charmant restaurant situ\u00e9 au c\u0153ur du quartier londonien de Covent Garden. Inspir\u00e9 par l&rsquo;\u00e9nergie vibrante du quartier, le restaurant offre une exp\u00e9rience gastronomique unique qui associe une cuisine d\u00e9licieuse \u00e0 une atmosph\u00e8re chaleureuse et accueillante, avec des si\u00e8ges moelleux, un \u00e9clairage doux et une d\u00e9coration \u00e9l\u00e9gante.<\/p>\t\t\t\t\t\t\t\t<\/div>\n\t\t\t\t<\/div>\n\t\t\t\t<div class=\"elementor-element elementor-element-2b9f812 elementor-widget elementor-widget-image\" data-id=\"2b9f812\" data-element_type=\"widget\" data-e-type=\"widget\" data-widget_type=\"image.default\">\n\t\t\t\t<div class=\"elementor-widget-container\">\n\t\t\t\t\t\t\t\t\t\t\t\t\t\t\t<img loading=\"lazy\" decoding=\"async\" loading=\"lazy\" width=\"800\" height=\"800\" src=\"https:\/\/hospitality-projects.com\/fr\/wp-content\/uploads\/sites\/4\/2023\/07\/grays-and-feather-hospitality-projects-lower-square-photo.jpg\" class=\"attachment-large size-large wp-image-1848\" alt=\"grays and feather hospitality projects lower square photo\" srcset=\"https:\/\/hospitality-projects.com\/fr\/wp-content\/uploads\/sites\/4\/2023\/07\/grays-and-feather-hospitality-projects-lower-square-photo.jpg 900w, https:\/\/hospitality-projects.com\/fr\/wp-content\/uploads\/sites\/4\/2023\/07\/grays-and-feather-hospitality-projects-lower-square-photo-300x300.jpg 300w, https:\/\/hospitality-projects.com\/fr\/wp-content\/uploads\/sites\/4\/2023\/07\/grays-and-feather-hospitality-projects-lower-square-photo-150x150.jpg 150w, https:\/\/hospitality-projects.com\/fr\/wp-content\/uploads\/sites\/4\/2023\/07\/grays-and-feather-hospitality-projects-lower-square-photo-768x768.jpg 768w\" sizes=\"auto, (max-width: 800px) 100vw, 800px\" loading=\"eager\" \/>\t\t\t\t\t\t\t\t\t\t\t\t\t\t\t<\/div>\n\t\t\t\t<\/div>\n\t\t\t\t<\/div>\n\t\t<div class=\"elementor-element elementor-element-c071b39 e-con-full e-flex e-con e-child\" data-id=\"c071b39\" data-element_type=\"container\" data-e-type=\"container\">\n\t\t\t\t<div class=\"elementor-element elementor-element-ac9e928 elementor-widget elementor-widget-image\" data-id=\"ac9e928\" data-element_type=\"widget\" data-e-type=\"widget\" data-widget_type=\"image.default\">\n\t\t\t\t<div class=\"elementor-widget-container\">\n\t\t\t\t\t\t\t\t\t\t\t\t\t\t\t<img loading=\"lazy\" decoding=\"async\" loading=\"lazy\" width=\"800\" height=\"800\" src=\"https:\/\/hospitality-projects.com\/fr\/wp-content\/uploads\/sites\/4\/2023\/07\/grays-and-feather-hospitality-projects-top-square-photo.jpg\" class=\"attachment-large size-large wp-image-1850\" alt=\"grays and feather hospitality projects top square photo\" srcset=\"https:\/\/hospitality-projects.com\/fr\/wp-content\/uploads\/sites\/4\/2023\/07\/grays-and-feather-hospitality-projects-top-square-photo.jpg 900w, https:\/\/hospitality-projects.com\/fr\/wp-content\/uploads\/sites\/4\/2023\/07\/grays-and-feather-hospitality-projects-top-square-photo-300x300.jpg 300w, https:\/\/hospitality-projects.com\/fr\/wp-content\/uploads\/sites\/4\/2023\/07\/grays-and-feather-hospitality-projects-top-square-photo-150x150.jpg 150w, https:\/\/hospitality-projects.com\/fr\/wp-content\/uploads\/sites\/4\/2023\/07\/grays-and-feather-hospitality-projects-top-square-photo-768x768.jpg 768w\" sizes=\"auto, (max-width: 800px) 100vw, 800px\" loading=\"eager\" \/>\t\t\t\t\t\t\t\t\t\t\t\t\t\t\t<\/div>\n\t\t\t\t<\/div>\n\t\t\t\t<div class=\"elementor-element elementor-element-ae93278 elementor-widget elementor-widget-text-editor\" data-id=\"ae93278\" data-element_type=\"widget\" data-e-type=\"widget\" data-widget_type=\"text-editor.default\">\n\t\t\t\t<div class=\"elementor-widget-container\">\n\t\t\t\t\t\t\t\t\t<p>Inspir\u00e9s par les plumes de paon, et nomm\u00e9s ainsi, le restaurant et le bar \u00e0 vin sont color\u00e9s et enjou\u00e9s \u00e0 l&rsquo;int\u00e9rieur. Nous avons produit une <a href=\"https:\/\/hospitality-projects.com\/fr\/bespoke-furniture\/\">s\u00e9lection de meubles<\/a> sur mesure pour compl\u00e9ter l&rsquo;\u00e9tablissement. Les si\u00e8ges sont fabriqu\u00e9s en Veluto de Designers Guild, dans des coloris bleu cobalt, gris zinc, jaune ocre et vert malachite. Les chaises de salle \u00e0 manger \u00e0 motifs sont tapiss\u00e9es en Audubon Gold de Clarke &amp; Clarke avec des pieds en fr\u00eane teint\u00e9.<\/p>\t\t\t\t\t\t\t\t<\/div>\n\t\t\t\t<\/div>\n\t\t\t\t<\/div>\n\t\t\t\t\t<\/div>\n\t\t\t\t<\/div>\n\t\t<div class=\"elementor-element elementor-element-cca5081 e-flex e-con-boxed e-con e-parent\" data-id=\"cca5081\" data-element_type=\"container\" data-e-type=\"container\">\n\t\t\t\t\t<div class=\"e-con-inner\">\n\t\t<div class=\"elementor-element elementor-element-df9a188 e-con-full e-flex e-con e-child\" data-id=\"df9a188\" data-element_type=\"container\" data-e-type=\"container\">\n\t\t\t\t<div class=\"elementor-element elementor-element-a136f41 elementor-widget elementor-widget-image\" data-id=\"a136f41\" data-element_type=\"widget\" data-e-type=\"widget\" data-widget_type=\"image.default\">\n\t\t\t\t<div class=\"elementor-widget-container\">\n\t\t\t\t\t\t\t\t\t\t\t\t\t\t\t<img loading=\"lazy\" decoding=\"async\" loading=\"lazy\" width=\"800\" height=\"450\" src=\"https:\/\/hospitality-projects.com\/fr\/wp-content\/uploads\/sites\/4\/2023\/07\/Gray-feather-hospitality-projects-Landscape-photo.jpg\" class=\"attachment-large size-large wp-image-1846\" alt=\"Gray feather hospitality projects Landscape photo\" srcset=\"https:\/\/hospitality-projects.com\/fr\/wp-content\/uploads\/sites\/4\/2023\/07\/Gray-feather-hospitality-projects-Landscape-photo.jpg 900w, https:\/\/hospitality-projects.com\/fr\/wp-content\/uploads\/sites\/4\/2023\/07\/Gray-feather-hospitality-projects-Landscape-photo-300x169.jpg 300w, https:\/\/hospitality-projects.com\/fr\/wp-content\/uploads\/sites\/4\/2023\/07\/Gray-feather-hospitality-projects-Landscape-photo-768x432.jpg 768w\" sizes=\"auto, (max-width: 800px) 100vw, 800px\" loading=\"eager\" \/>\t\t\t\t\t\t\t\t\t\t\t\t\t\t\t<\/div>\n\t\t\t\t<\/div>\n\t\t\t\t<\/div>\n\t\t<div class=\"elementor-element elementor-element-ec89b11 e-con-full e-flex e-con e-child\" data-id=\"ec89b11\" data-element_type=\"container\" data-e-type=\"container\">\n\t\t\t\t<div class=\"elementor-element elementor-element-7148a8a elementor-widget elementor-widget-image\" data-id=\"7148a8a\" data-element_type=\"widget\" data-e-type=\"widget\" data-widget_type=\"image.default\">\n\t\t\t\t<div class=\"elementor-widget-container\">\n\t\t\t\t\t\t\t\t\t\t\t\t\t\t\t<img loading=\"lazy\" decoding=\"async\" loading=\"lazy\" width=\"720\" height=\"720\" src=\"https:\/\/hospitality-projects.com\/fr\/wp-content\/uploads\/sites\/4\/2023\/06\/hospitality-projects-greys-and-feather-landscape-photo-2.jpg\" class=\"attachment-large size-large wp-image-633\" alt=\"hospitality projects greys and feather landscape photo 2\" srcset=\"https:\/\/hospitality-projects.com\/fr\/wp-content\/uploads\/sites\/4\/2023\/06\/hospitality-projects-greys-and-feather-landscape-photo-2.jpg 720w, https:\/\/hospitality-projects.com\/fr\/wp-content\/uploads\/sites\/4\/2023\/06\/hospitality-projects-greys-and-feather-landscape-photo-2-300x300.jpg 300w, https:\/\/hospitality-projects.com\/fr\/wp-content\/uploads\/sites\/4\/2023\/06\/hospitality-projects-greys-and-feather-landscape-photo-2-150x150.jpg 150w\" sizes=\"auto, (max-width: 720px) 100vw, 720px\" loading=\"eager\" \/>\t\t\t\t\t\t\t\t\t\t\t\t\t\t\t<\/div>\n\t\t\t\t<\/div>\n\t\t\t\t<\/div>\n\t\t\t\t\t<\/div>\n\t\t\t\t<\/div>\n\t\t<div class=\"elementor-element elementor-element-dbd16e8 e-flex e-con-boxed e-con e-parent\" data-id=\"dbd16e8\" data-element_type=\"container\" data-e-type=\"container\">\n\t\t\t\t\t<div class=\"e-con-inner\">\n\t\t<div class=\"elementor-element elementor-element-656994e e-con-full e-flex e-con e-child\" data-id=\"656994e\" data-element_type=\"container\" data-e-type=\"container\">\n\t\t\t\t<div class=\"elementor-element elementor-element-c895a60 elementor-widget elementor-widget-image\" data-id=\"c895a60\" data-element_type=\"widget\" data-e-type=\"widget\" data-widget_type=\"image.default\">\n\t\t\t\t<div class=\"elementor-widget-container\">\n\t\t\t\t\t\t\t\t\t\t\t\t\t\t\t<img loading=\"lazy\" decoding=\"async\" loading=\"lazy\" width=\"1400\" height=\"933\" src=\"https:\/\/hospitality-projects.com\/fr\/wp-content\/uploads\/sites\/4\/2023\/07\/grays-and-feather-hospitality-projects-large-photo.jpg\" class=\"attachment-full size-full wp-image-1847\" alt=\"grays and feather hospitality projects large photo\" srcset=\"https:\/\/hospitality-projects.com\/fr\/wp-content\/uploads\/sites\/4\/2023\/07\/grays-and-feather-hospitality-projects-large-photo.jpg 1400w, https:\/\/hospitality-projects.com\/fr\/wp-content\/uploads\/sites\/4\/2023\/07\/grays-and-feather-hospitality-projects-large-photo-300x200.jpg 300w, https:\/\/hospitality-projects.com\/fr\/wp-content\/uploads\/sites\/4\/2023\/07\/grays-and-feather-hospitality-projects-large-photo-1024x682.jpg 1024w, https:\/\/hospitality-projects.com\/fr\/wp-content\/uploads\/sites\/4\/2023\/07\/grays-and-feather-hospitality-projects-large-photo-768x512.jpg 768w\" sizes=\"auto, (max-width: 1400px) 100vw, 1400px\" loading=\"eager\" \/>\t\t\t\t\t\t\t\t\t\t\t\t\t\t\t<\/div>\n\t\t\t\t<\/div>\n\t\t\t\t<\/div>\n\t\t\t\t\t<\/div>\n\t\t\t\t<\/div>\n\t\t\t\t<\/div>\n\t\t","protected":false},"excerpt":{"rendered":"<p>GRAYS AND FEATHER Grays and Feather est un charmant restaurant situ\u00e9 au c\u0153ur du quartier londonien de Covent Garden. Inspir\u00e9 par l&rsquo;\u00e9nergie vibrante du quartier, le restaurant offre une exp\u00e9rience gastronomique unique qui associe une cuisine d\u00e9licieuse \u00e0 une atmosph\u00e8re chaleureuse et accueillante, avec des si\u00e8ges moelleux, un \u00e9clairage doux et une d\u00e9coration \u00e9l\u00e9gante. Inspir\u00e9s [&hellip;]<\/p>\n","protected":false},"author":2,"featured_media":982,"parent":156,"menu_order":0,"comment_status":"closed","ping_status":"closed","template":"","meta":{"_acf_changed":false,"footnotes":""},"project_category":[8,11],"class_list":["post-370","page","type-page","status-publish","has-post-thumbnail","hentry","project_category-all-projects","project_category-completed"],"acf":[],"_links":{"self":[{"href":"https:\/\/hospitality-projects.com\/fr\/wp-json\/wp\/v2\/pages\/370","targetHints":{"allow":["GET"]}}],"collection":[{"href":"https:\/\/hospitality-projects.com\/fr\/wp-json\/wp\/v2\/pages"}],"about":[{"href":"https:\/\/hospitality-projects.com\/fr\/wp-json\/wp\/v2\/types\/page"}],"author":[{"embeddable":true,"href":"https:\/\/hospitality-projects.com\/fr\/wp-json\/wp\/v2\/users\/2"}],"replies":[{"embeddable":true,"href":"https:\/\/hospitality-projects.com\/fr\/wp-json\/wp\/v2\/comments?post=370"}],"version-history":[{"count":8,"href":"https:\/\/hospitality-projects.com\/fr\/wp-json\/wp\/v2\/pages\/370\/revisions"}],"predecessor-version":[{"id":3343,"href":"https:\/\/hospitality-projects.com\/fr\/wp-json\/wp\/v2\/pages\/370\/revisions\/3343"}],"up":[{"embeddable":true,"href":"https:\/\/hospitality-projects.com\/fr\/wp-json\/wp\/v2\/pages\/156"}],"wp:featuredmedia":[{"embeddable":true,"href":"https:\/\/hospitality-projects.com\/fr\/wp-json\/wp\/v2\/media\/982"}],"wp:attachment":[{"href":"https:\/\/hospitality-projects.com\/fr\/wp-json\/wp\/v2\/media?parent=370"}],"wp:term":[{"taxonomy":"project_category","embeddable":true,"href":"https:\/\/hospitality-projects.com\/fr\/wp-json\/wp\/v2\/project_category?post=370"}],"curies":[{"name":"wp","href":"https:\/\/api.w.org\/{rel}","templated":true}]}}