{"id":371,"date":"2023-06-22T20:04:17","date_gmt":"2023-06-22T20:04:17","guid":{"rendered":"https:\/\/hospitality-projects.com\/fr\/?page_id=371"},"modified":"2024-11-12T12:30:57","modified_gmt":"2024-11-12T12:30:57","slug":"seminar-hotel","status":"publish","type":"page","link":"https:\/\/hospitality-projects.com\/fr\/projets\/seminar-hotel\/","title":{"rendered":"Seminar Hotel"},"content":{"rendered":"\t\t<div data-elementor-type=\"wp-page\" data-elementor-id=\"371\" class=\"elementor elementor-371\" data-elementor-post-type=\"page\">\n\t\t\t\t<div class=\"elementor-element elementor-element-de830e9 e-flex e-con-boxed e-con e-parent\" data-id=\"de830e9\" data-element_type=\"container\" data-e-type=\"container\" data-settings=\"{&quot;background_background&quot;:&quot;classic&quot;}\">\n\t\t\t\t\t<div class=\"e-con-inner\">\n\t\t\t\t\t<\/div>\n\t\t\t\t<\/div>\n\t\t<div class=\"elementor-element elementor-element-af7bcf9 e-flex e-con-boxed e-con e-parent\" data-id=\"af7bcf9\" data-element_type=\"container\" data-e-type=\"container\">\n\t\t\t\t\t<div class=\"e-con-inner\">\n\t\t<div class=\"elementor-element elementor-element-5b30269 e-con-full e-flex e-con e-child\" data-id=\"5b30269\" data-element_type=\"container\" data-e-type=\"container\">\n\t\t\t\t<div class=\"elementor-element elementor-element-7542090 elementor-widget__width-inherit elementor-widget elementor-widget-heading\" data-id=\"7542090\" data-element_type=\"widget\" data-e-type=\"widget\" data-widget_type=\"heading.default\">\n\t\t\t\t<div class=\"elementor-widget-container\">\n\t\t\t\t\t<h1 class=\"elementor-heading-title elementor-size-default\">Seminar Hotel<\/h1>\t\t\t\t<\/div>\n\t\t\t\t<\/div>\n\t\t\t\t<div class=\"elementor-element elementor-element-352e163 elementor-widget elementor-widget-text-editor\" data-id=\"352e163\" data-element_type=\"widget\" data-e-type=\"widget\" data-widget_type=\"text-editor.default\">\n\t\t\t\t<div class=\"elementor-widget-container\">\n\t\t\t\t\t\t\t\t\t<p><a href=\"https:\/\/www.hotelsempachersee.ch\/en\/\" target=\"_blank\" rel=\"noopener\">L&rsquo;H\u00f4tel &amp; Centre de Conf\u00e9rences Sempachersee<\/a> est un magnifique h\u00f4tel situ\u00e9 au c\u0153ur de la pittoresque r\u00e9gion du lac Sempach en Suisse. Les chambres et suites spacieuses sont \u00e9l\u00e9gamment meubl\u00e9es, arborant une d\u00e9coration contemporaine et offrant une vue imprenable sur le lac ou la campagne environnante. <a href=\"https:\/\/hospitality-projects.com\/fr\/hotel-furniture\/\">L&rsquo;h\u00f4tel<\/a> dispose <a href=\"https:\/\/hospitality-projects.com\/fr\/luxury-furniture\/\">\u00e9galement<\/a> d&rsquo;installations de conf\u00e9rence de pointe, comprenant des salles de r\u00e9union et une grande salle de bal, en faisant une destination id\u00e9ale pour les \u00e9v\u00e9nements d&rsquo;entreprise, les conf\u00e9rences et les s\u00e9minaires.<\/p>\t\t\t\t\t\t\t\t<\/div>\n\t\t\t\t<\/div>\n\t\t\t\t<div class=\"elementor-element elementor-element-042c0a8 elementor-widget elementor-widget-image\" data-id=\"042c0a8\" data-element_type=\"widget\" data-e-type=\"widget\" data-widget_type=\"image.default\">\n\t\t\t\t<div class=\"elementor-widget-container\">\n\t\t\t\t\t\t\t\t\t\t\t\t\t\t\t<img loading=\"lazy\" decoding=\"async\" loading=\"lazy\" width=\"800\" height=\"800\" src=\"https:\/\/hospitality-projects.com\/fr\/wp-content\/uploads\/sites\/4\/2023\/06\/hospitality-projects-Seminar-hotel-lower-square-photo.jpg\" class=\"attachment-large size-large wp-image-652\" alt=\"hospitality projects Seminar hotel lower square photo\" srcset=\"https:\/\/hospitality-projects.com\/fr\/wp-content\/uploads\/sites\/4\/2023\/06\/hospitality-projects-Seminar-hotel-lower-square-photo.jpg 800w, https:\/\/hospitality-projects.com\/fr\/wp-content\/uploads\/sites\/4\/2023\/06\/hospitality-projects-Seminar-hotel-lower-square-photo-300x300.jpg 300w, https:\/\/hospitality-projects.com\/fr\/wp-content\/uploads\/sites\/4\/2023\/06\/hospitality-projects-Seminar-hotel-lower-square-photo-150x150.jpg 150w, https:\/\/hospitality-projects.com\/fr\/wp-content\/uploads\/sites\/4\/2023\/06\/hospitality-projects-Seminar-hotel-lower-square-photo-768x768.jpg 768w\" sizes=\"auto, (max-width: 800px) 100vw, 800px\" loading=\"eager\" \/>\t\t\t\t\t\t\t\t\t\t\t\t\t\t\t<\/div>\n\t\t\t\t<\/div>\n\t\t\t\t<\/div>\n\t\t<div class=\"elementor-element elementor-element-c10951e e-con-full e-flex e-con e-child\" data-id=\"c10951e\" data-element_type=\"container\" data-e-type=\"container\">\n\t\t\t\t<div class=\"elementor-element elementor-element-5ba2013 elementor-widget elementor-widget-image\" data-id=\"5ba2013\" data-element_type=\"widget\" data-e-type=\"widget\" data-widget_type=\"image.default\">\n\t\t\t\t<div class=\"elementor-widget-container\">\n\t\t\t\t\t\t\t\t\t\t\t\t\t\t\t<img loading=\"lazy\" decoding=\"async\" loading=\"lazy\" width=\"800\" height=\"800\" src=\"https:\/\/hospitality-projects.com\/fr\/wp-content\/uploads\/sites\/4\/2023\/06\/hospitality-projects-Seminar-hotel-top-square-photo.jpg\" class=\"attachment-large size-large wp-image-654\" alt=\"hospitality projects Seminar hotel top square photo\" srcset=\"https:\/\/hospitality-projects.com\/fr\/wp-content\/uploads\/sites\/4\/2023\/06\/hospitality-projects-Seminar-hotel-top-square-photo.jpg 800w, https:\/\/hospitality-projects.com\/fr\/wp-content\/uploads\/sites\/4\/2023\/06\/hospitality-projects-Seminar-hotel-top-square-photo-300x300.jpg 300w, https:\/\/hospitality-projects.com\/fr\/wp-content\/uploads\/sites\/4\/2023\/06\/hospitality-projects-Seminar-hotel-top-square-photo-150x150.jpg 150w, https:\/\/hospitality-projects.com\/fr\/wp-content\/uploads\/sites\/4\/2023\/06\/hospitality-projects-Seminar-hotel-top-square-photo-768x768.jpg 768w\" sizes=\"auto, (max-width: 800px) 100vw, 800px\" loading=\"eager\" \/>\t\t\t\t\t\t\t\t\t\t\t\t\t\t\t<\/div>\n\t\t\t\t<\/div>\n\t\t\t\t<div class=\"elementor-element elementor-element-1d26d70 elementor-widget elementor-widget-text-editor\" data-id=\"1d26d70\" data-element_type=\"widget\" data-e-type=\"widget\" data-widget_type=\"text-editor.default\">\n\t\t\t\t<div class=\"elementor-widget-container\">\n\t\t\t\t\t\t\t\t\t<p>En collaboration avec le groupe h\u00f4telier Semparchee et con\u00e7u par <a href=\"https:\/\/www.aedas.com\/en\/\" target=\"_blank\" rel=\"noopener\">Aedas Interiors<\/a>, l&rsquo;h\u00f4tel Seminar de Nottwil, en Suisse, a \u00e9t\u00e9 r\u00e9cemment r\u00e9nov\u00e9. Nous avons fourni du mobilier et des \u0153uvres d&rsquo;art pour le restaurant AURORA, le bar lounge, 8 salles de conf\u00e9rence et 46 chambres d&rsquo;h\u00f4tel. L&rsquo;h\u00f4tel utilise des couleurs profondes et r\u00e9fl\u00e9chies avec un sens de l&rsquo;intelligence et des affaires en utilisant des pourpres et des bourgognes avec des bruns et des bleus pour maintenir le flux d&rsquo;\u00e9nergie autour de l&rsquo;h\u00f4tel.<\/p>\t\t\t\t\t\t\t\t<\/div>\n\t\t\t\t<\/div>\n\t\t\t\t<\/div>\n\t\t\t\t\t<\/div>\n\t\t\t\t<\/div>\n\t\t<div class=\"elementor-element elementor-element-229e3ac e-flex e-con-boxed e-con e-parent\" data-id=\"229e3ac\" data-element_type=\"container\" data-e-type=\"container\">\n\t\t\t\t\t<div class=\"e-con-inner\">\n\t\t<div class=\"elementor-element elementor-element-020912f e-con-full e-flex e-con e-child\" data-id=\"020912f\" data-element_type=\"container\" data-e-type=\"container\">\n\t\t\t\t<div class=\"elementor-element elementor-element-81431d4 elementor-widget elementor-widget-image\" data-id=\"81431d4\" data-element_type=\"widget\" data-e-type=\"widget\" data-widget_type=\"image.default\">\n\t\t\t\t<div class=\"elementor-widget-container\">\n\t\t\t\t\t\t\t\t\t\t\t\t\t\t\t<img loading=\"lazy\" decoding=\"async\" loading=\"lazy\" width=\"1000\" height=\"563\" src=\"https:\/\/hospitality-projects.com\/fr\/wp-content\/uploads\/sites\/4\/2023\/06\/hospitality-projects-Seminar-hotel-large-photo-3.jpg\" class=\"attachment-full size-full wp-image-650\" alt=\"hospitality projects Seminar hotel large photo 3\" srcset=\"https:\/\/hospitality-projects.com\/fr\/wp-content\/uploads\/sites\/4\/2023\/06\/hospitality-projects-Seminar-hotel-large-photo-3.jpg 1000w, https:\/\/hospitality-projects.com\/fr\/wp-content\/uploads\/sites\/4\/2023\/06\/hospitality-projects-Seminar-hotel-large-photo-3-300x169.jpg 300w, https:\/\/hospitality-projects.com\/fr\/wp-content\/uploads\/sites\/4\/2023\/06\/hospitality-projects-Seminar-hotel-large-photo-3-768x432.jpg 768w\" sizes=\"auto, (max-width: 1000px) 100vw, 1000px\" loading=\"eager\" \/>\t\t\t\t\t\t\t\t\t\t\t\t\t\t\t<\/div>\n\t\t\t\t<\/div>\n\t\t\t\t<div class=\"elementor-element elementor-element-bdef407 elementor-widget elementor-widget-image\" data-id=\"bdef407\" data-element_type=\"widget\" data-e-type=\"widget\" data-widget_type=\"image.default\">\n\t\t\t\t<div class=\"elementor-widget-container\">\n\t\t\t\t\t\t\t\t\t\t\t\t\t\t\t<img loading=\"lazy\" decoding=\"async\" loading=\"lazy\" width=\"1000\" height=\"581\" src=\"https:\/\/hospitality-projects.com\/fr\/wp-content\/uploads\/sites\/4\/2023\/06\/hospitality-projects-Seminar-hotel-large-photo-2.jpg\" class=\"attachment-full size-full wp-image-649\" alt=\"hospitality projects Seminar hotel large photo 2\" srcset=\"https:\/\/hospitality-projects.com\/fr\/wp-content\/uploads\/sites\/4\/2023\/06\/hospitality-projects-Seminar-hotel-large-photo-2.jpg 1000w, https:\/\/hospitality-projects.com\/fr\/wp-content\/uploads\/sites\/4\/2023\/06\/hospitality-projects-Seminar-hotel-large-photo-2-300x174.jpg 300w, https:\/\/hospitality-projects.com\/fr\/wp-content\/uploads\/sites\/4\/2023\/06\/hospitality-projects-Seminar-hotel-large-photo-2-768x446.jpg 768w\" sizes=\"auto, (max-width: 1000px) 100vw, 1000px\" loading=\"eager\" \/>\t\t\t\t\t\t\t\t\t\t\t\t\t\t\t<\/div>\n\t\t\t\t<\/div>\n\t\t\t\t<div class=\"elementor-element elementor-element-83a6731 elementor-widget elementor-widget-image\" data-id=\"83a6731\" data-element_type=\"widget\" data-e-type=\"widget\" data-widget_type=\"image.default\">\n\t\t\t\t<div class=\"elementor-widget-container\">\n\t\t\t\t\t\t\t\t\t\t\t\t\t\t\t<img loading=\"lazy\" decoding=\"async\" loading=\"lazy\" width=\"1365\" height=\"778\" src=\"https:\/\/hospitality-projects.com\/fr\/wp-content\/uploads\/sites\/4\/2023\/07\/Seminar-hotel-hospitality-projects-large-photo.jpg\" class=\"attachment-full size-full wp-image-1861\" alt=\"Seminar hotel hospitality projects large photo\" srcset=\"https:\/\/hospitality-projects.com\/fr\/wp-content\/uploads\/sites\/4\/2023\/07\/Seminar-hotel-hospitality-projects-large-photo.jpg 1365w, https:\/\/hospitality-projects.com\/fr\/wp-content\/uploads\/sites\/4\/2023\/07\/Seminar-hotel-hospitality-projects-large-photo-300x171.jpg 300w, https:\/\/hospitality-projects.com\/fr\/wp-content\/uploads\/sites\/4\/2023\/07\/Seminar-hotel-hospitality-projects-large-photo-1024x584.jpg 1024w, https:\/\/hospitality-projects.com\/fr\/wp-content\/uploads\/sites\/4\/2023\/07\/Seminar-hotel-hospitality-projects-large-photo-768x438.jpg 768w\" sizes=\"auto, (max-width: 1365px) 100vw, 1365px\" loading=\"eager\" \/>\t\t\t\t\t\t\t\t\t\t\t\t\t\t\t<\/div>\n\t\t\t\t<\/div>\n\t\t\t\t<\/div>\n\t\t\t\t\t<\/div>\n\t\t\t\t<\/div>\n\t\t\t\t<\/div>\n\t\t","protected":false},"excerpt":{"rendered":"<p>Seminar Hotel L&rsquo;H\u00f4tel &amp; Centre de Conf\u00e9rences Sempachersee est un magnifique h\u00f4tel situ\u00e9 au c\u0153ur de la pittoresque r\u00e9gion du lac Sempach en Suisse. Les chambres et suites spacieuses sont \u00e9l\u00e9gamment meubl\u00e9es, arborant une d\u00e9coration contemporaine et offrant une vue imprenable sur le lac ou la campagne environnante. L&rsquo;h\u00f4tel dispose \u00e9galement d&rsquo;installations de conf\u00e9rence de [&hellip;]<\/p>\n","protected":false},"author":2,"featured_media":1457,"parent":156,"menu_order":0,"comment_status":"closed","ping_status":"closed","template":"","meta":{"_acf_changed":false,"footnotes":""},"project_category":[8,11],"class_list":["post-371","page","type-page","status-publish","has-post-thumbnail","hentry","project_category-all-projects","project_category-completed"],"acf":[],"_links":{"self":[{"href":"https:\/\/hospitality-projects.com\/fr\/wp-json\/wp\/v2\/pages\/371","targetHints":{"allow":["GET"]}}],"collection":[{"href":"https:\/\/hospitality-projects.com\/fr\/wp-json\/wp\/v2\/pages"}],"about":[{"href":"https:\/\/hospitality-projects.com\/fr\/wp-json\/wp\/v2\/types\/page"}],"author":[{"embeddable":true,"href":"https:\/\/hospitality-projects.com\/fr\/wp-json\/wp\/v2\/users\/2"}],"replies":[{"embeddable":true,"href":"https:\/\/hospitality-projects.com\/fr\/wp-json\/wp\/v2\/comments?post=371"}],"version-history":[{"count":8,"href":"https:\/\/hospitality-projects.com\/fr\/wp-json\/wp\/v2\/pages\/371\/revisions"}],"predecessor-version":[{"id":3350,"href":"https:\/\/hospitality-projects.com\/fr\/wp-json\/wp\/v2\/pages\/371\/revisions\/3350"}],"up":[{"embeddable":true,"href":"https:\/\/hospitality-projects.com\/fr\/wp-json\/wp\/v2\/pages\/156"}],"wp:featuredmedia":[{"embeddable":true,"href":"https:\/\/hospitality-projects.com\/fr\/wp-json\/wp\/v2\/media\/1457"}],"wp:attachment":[{"href":"https:\/\/hospitality-projects.com\/fr\/wp-json\/wp\/v2\/media?parent=371"}],"wp:term":[{"taxonomy":"project_category","embeddable":true,"href":"https:\/\/hospitality-projects.com\/fr\/wp-json\/wp\/v2\/project_category?post=371"}],"curies":[{"name":"wp","href":"https:\/\/api.w.org\/{rel}","templated":true}]}}