{"id":380,"date":"2023-06-22T20:05:47","date_gmt":"2023-06-22T20:05:47","guid":{"rendered":"https:\/\/hospitality-projects.com\/fr\/?page_id=380"},"modified":"2024-11-12T12:29:32","modified_gmt":"2024-11-12T12:29:32","slug":"masons-restaurant","status":"publish","type":"page","link":"https:\/\/hospitality-projects.com\/fr\/projets\/masons-restaurant\/","title":{"rendered":"Masons Restaurant"},"content":{"rendered":"\t\t<div data-elementor-type=\"wp-page\" data-elementor-id=\"380\" class=\"elementor elementor-380\" data-elementor-post-type=\"page\">\n\t\t\t\t<div class=\"elementor-element elementor-element-4e519f6 e-flex e-con-boxed e-con e-parent\" data-id=\"4e519f6\" data-element_type=\"container\" data-e-type=\"container\" data-settings=\"{&quot;background_background&quot;:&quot;classic&quot;}\">\n\t\t\t\t\t<div class=\"e-con-inner\">\n\t\t\t\t\t<\/div>\n\t\t\t\t<\/div>\n\t\t<div class=\"elementor-element elementor-element-0ae7057 e-flex e-con-boxed e-con e-parent\" data-id=\"0ae7057\" data-element_type=\"container\" data-e-type=\"container\">\n\t\t\t\t\t<div class=\"e-con-inner\">\n\t\t<div class=\"elementor-element elementor-element-3881723 e-con-full e-flex e-con e-child\" data-id=\"3881723\" data-element_type=\"container\" data-e-type=\"container\">\n\t\t\t\t<div class=\"elementor-element elementor-element-cc78fff elementor-widget__width-inherit elementor-widget elementor-widget-heading\" data-id=\"cc78fff\" data-element_type=\"widget\" data-e-type=\"widget\" data-widget_type=\"heading.default\">\n\t\t\t\t<div class=\"elementor-widget-container\">\n\t\t\t\t\t<h1 class=\"elementor-heading-title elementor-size-default\">Masons\u2019 restaurant<\/h1>\t\t\t\t<\/div>\n\t\t\t\t<\/div>\n\t\t\t\t<div class=\"elementor-element elementor-element-b7568a8 elementor-widget elementor-widget-text-editor\" data-id=\"b7568a8\" data-element_type=\"widget\" data-e-type=\"widget\" data-widget_type=\"text-editor.default\">\n\t\t\t\t<div class=\"elementor-widget-container\">\n\t\t\t\t\t\t\t\t\t<p>Le <a href=\"https:\/\/masonsrestaurant.co.uk\/\" target=\"_blank\" rel=\"noopener\">restaurant Masons<\/a>, judicieusement nomm\u00e9 en raison de la transformation du b\u00e2timent qui \u00e9tait autrefois une loge ma\u00e7onnique, offre un int\u00e9rieur chaleureux de style art nouveau, des luminaires accueillants et un <a href=\"https:\/\/hospitality-projects.com\/fr\/bespoke-furniture\/\">mobilier<\/a> ind\u00e9niablement confortable.<\/p>\t\t\t\t\t\t\t\t<\/div>\n\t\t\t\t<\/div>\n\t\t\t\t<div class=\"elementor-element elementor-element-c5ccc57 elementor-widget elementor-widget-image\" data-id=\"c5ccc57\" data-element_type=\"widget\" data-e-type=\"widget\" data-widget_type=\"image.default\">\n\t\t\t\t<div class=\"elementor-widget-container\">\n\t\t\t\t\t\t\t\t\t\t\t\t\t\t\t<img loading=\"lazy\" decoding=\"async\" loading=\"lazy\" width=\"800\" height=\"800\" src=\"https:\/\/hospitality-projects.com\/fr\/wp-content\/uploads\/sites\/4\/2023\/06\/hospitality-projects-masons-restaurant-square-photo-2.jpg\" class=\"attachment-large size-large wp-image-701\" alt=\"hospitality projects masons restaurant square photo 2\" srcset=\"https:\/\/hospitality-projects.com\/fr\/wp-content\/uploads\/sites\/4\/2023\/06\/hospitality-projects-masons-restaurant-square-photo-2.jpg 800w, https:\/\/hospitality-projects.com\/fr\/wp-content\/uploads\/sites\/4\/2023\/06\/hospitality-projects-masons-restaurant-square-photo-2-300x300.jpg 300w, https:\/\/hospitality-projects.com\/fr\/wp-content\/uploads\/sites\/4\/2023\/06\/hospitality-projects-masons-restaurant-square-photo-2-150x150.jpg 150w, https:\/\/hospitality-projects.com\/fr\/wp-content\/uploads\/sites\/4\/2023\/06\/hospitality-projects-masons-restaurant-square-photo-2-768x768.jpg 768w\" sizes=\"auto, (max-width: 800px) 100vw, 800px\" loading=\"eager\" \/>\t\t\t\t\t\t\t\t\t\t\t\t\t\t\t<\/div>\n\t\t\t\t<\/div>\n\t\t\t\t<\/div>\n\t\t<div class=\"elementor-element elementor-element-e183bf2 e-con-full e-flex e-con e-child\" data-id=\"e183bf2\" data-element_type=\"container\" data-e-type=\"container\">\n\t\t\t\t<div class=\"elementor-element elementor-element-7e2e4ab elementor-widget elementor-widget-image\" data-id=\"7e2e4ab\" data-element_type=\"widget\" data-e-type=\"widget\" data-widget_type=\"image.default\">\n\t\t\t\t<div class=\"elementor-widget-container\">\n\t\t\t\t\t\t\t\t\t\t\t\t\t\t\t<img loading=\"lazy\" decoding=\"async\" loading=\"lazy\" width=\"800\" height=\"800\" src=\"https:\/\/hospitality-projects.com\/fr\/wp-content\/uploads\/sites\/4\/2023\/06\/hospitality-projects-masons-restaurant-square-photo.jpg\" class=\"attachment-large size-large wp-image-702\" alt=\"hospitality projects masons restaurant square photo\" srcset=\"https:\/\/hospitality-projects.com\/fr\/wp-content\/uploads\/sites\/4\/2023\/06\/hospitality-projects-masons-restaurant-square-photo.jpg 800w, https:\/\/hospitality-projects.com\/fr\/wp-content\/uploads\/sites\/4\/2023\/06\/hospitality-projects-masons-restaurant-square-photo-300x300.jpg 300w, https:\/\/hospitality-projects.com\/fr\/wp-content\/uploads\/sites\/4\/2023\/06\/hospitality-projects-masons-restaurant-square-photo-150x150.jpg 150w, https:\/\/hospitality-projects.com\/fr\/wp-content\/uploads\/sites\/4\/2023\/06\/hospitality-projects-masons-restaurant-square-photo-768x768.jpg 768w\" sizes=\"auto, (max-width: 800px) 100vw, 800px\" loading=\"eager\" \/>\t\t\t\t\t\t\t\t\t\t\t\t\t\t\t<\/div>\n\t\t\t\t<\/div>\n\t\t\t\t<div class=\"elementor-element elementor-element-c5df0eb elementor-widget elementor-widget-text-editor\" data-id=\"c5df0eb\" data-element_type=\"widget\" data-e-type=\"widget\" data-widget_type=\"text-editor.default\">\n\t\t\t\t<div class=\"elementor-widget-container\">\n\t\t\t\t\t\t\t\t\t<p>Hospitality Projects a collabor\u00e9 avec le promoteur Ikon pour \u00e9laborer des solutions de mobilier qui s&rsquo;int\u00e8grent harmonieusement \u00e0 ce b\u00e2timent charg\u00e9 d&rsquo;histoire. Les chaises et les confortables banquettes en velours vert ont \u00e9t\u00e9 somptueusement rev\u00eatues de tissus doux et haut de gamme, ajoutant une touche de luxe \u00e0 l&rsquo;atmosph\u00e8re accueillante du restaurant.<\/p>\t\t\t\t\t\t\t\t<\/div>\n\t\t\t\t<\/div>\n\t\t\t\t<\/div>\n\t\t\t\t\t<\/div>\n\t\t\t\t<\/div>\n\t\t<div class=\"elementor-element elementor-element-8432ee7 e-flex e-con-boxed e-con e-parent\" data-id=\"8432ee7\" data-element_type=\"container\" data-e-type=\"container\">\n\t\t\t\t\t<div class=\"e-con-inner\">\n\t\t<div class=\"elementor-element elementor-element-9eb9c46 e-con-full e-flex e-con e-child\" data-id=\"9eb9c46\" data-element_type=\"container\" data-e-type=\"container\">\n\t\t\t\t<div class=\"elementor-element elementor-element-eb735de elementor-widget elementor-widget-image\" data-id=\"eb735de\" data-element_type=\"widget\" data-e-type=\"widget\" data-widget_type=\"image.default\">\n\t\t\t\t<div class=\"elementor-widget-container\">\n\t\t\t\t\t\t\t\t\t\t\t\t\t\t\t<img loading=\"lazy\" decoding=\"async\" loading=\"lazy\" width=\"800\" height=\"534\" src=\"https:\/\/hospitality-projects.com\/fr\/wp-content\/uploads\/sites\/4\/2023\/06\/hospitality-projects-masons-restaurant-large-photo.jpg\" class=\"attachment-large size-large wp-image-699\" alt=\"hospitality projects masons restaurant large photo\" srcset=\"https:\/\/hospitality-projects.com\/fr\/wp-content\/uploads\/sites\/4\/2023\/06\/hospitality-projects-masons-restaurant-large-photo.jpg 1000w, https:\/\/hospitality-projects.com\/fr\/wp-content\/uploads\/sites\/4\/2023\/06\/hospitality-projects-masons-restaurant-large-photo-300x200.jpg 300w, https:\/\/hospitality-projects.com\/fr\/wp-content\/uploads\/sites\/4\/2023\/06\/hospitality-projects-masons-restaurant-large-photo-768x512.jpg 768w\" sizes=\"auto, (max-width: 800px) 100vw, 800px\" loading=\"eager\" \/>\t\t\t\t\t\t\t\t\t\t\t\t\t\t\t<\/div>\n\t\t\t\t<\/div>\n\t\t\t\t<\/div>\n\t\t\t\t\t<\/div>\n\t\t\t\t<\/div>\n\t\t\t\t<\/div>\n\t\t","protected":false},"excerpt":{"rendered":"<p>Masons\u2019 restaurant Le restaurant Masons, judicieusement nomm\u00e9 en raison de la transformation du b\u00e2timent qui \u00e9tait autrefois une loge ma\u00e7onnique, offre un int\u00e9rieur chaleureux de style art nouveau, des luminaires accueillants et un mobilier ind\u00e9niablement confortable. Hospitality Projects a collabor\u00e9 avec le promoteur Ikon pour \u00e9laborer des solutions de mobilier qui s&rsquo;int\u00e8grent harmonieusement \u00e0 ce [&hellip;]<\/p>\n","protected":false},"author":2,"featured_media":1450,"parent":156,"menu_order":0,"comment_status":"closed","ping_status":"closed","template":"","meta":{"_acf_changed":false,"footnotes":""},"project_category":[8,11],"class_list":["post-380","page","type-page","status-publish","has-post-thumbnail","hentry","project_category-all-projects","project_category-completed"],"acf":[],"_links":{"self":[{"href":"https:\/\/hospitality-projects.com\/fr\/wp-json\/wp\/v2\/pages\/380","targetHints":{"allow":["GET"]}}],"collection":[{"href":"https:\/\/hospitality-projects.com\/fr\/wp-json\/wp\/v2\/pages"}],"about":[{"href":"https:\/\/hospitality-projects.com\/fr\/wp-json\/wp\/v2\/types\/page"}],"author":[{"embeddable":true,"href":"https:\/\/hospitality-projects.com\/fr\/wp-json\/wp\/v2\/users\/2"}],"replies":[{"embeddable":true,"href":"https:\/\/hospitality-projects.com\/fr\/wp-json\/wp\/v2\/comments?post=380"}],"version-history":[{"count":8,"href":"https:\/\/hospitality-projects.com\/fr\/wp-json\/wp\/v2\/pages\/380\/revisions"}],"predecessor-version":[{"id":3362,"href":"https:\/\/hospitality-projects.com\/fr\/wp-json\/wp\/v2\/pages\/380\/revisions\/3362"}],"up":[{"embeddable":true,"href":"https:\/\/hospitality-projects.com\/fr\/wp-json\/wp\/v2\/pages\/156"}],"wp:featuredmedia":[{"embeddable":true,"href":"https:\/\/hospitality-projects.com\/fr\/wp-json\/wp\/v2\/media\/1450"}],"wp:attachment":[{"href":"https:\/\/hospitality-projects.com\/fr\/wp-json\/wp\/v2\/media?parent=380"}],"wp:term":[{"taxonomy":"project_category","embeddable":true,"href":"https:\/\/hospitality-projects.com\/fr\/wp-json\/wp\/v2\/project_category?post=380"}],"curies":[{"name":"wp","href":"https:\/\/api.w.org\/{rel}","templated":true}]}}